{"id":123984,"date":"2025-05-18T21:51:28","date_gmt":"2025-05-18T21:51:28","guid":{"rendered":"https:\/\/staging2.stylingagenten.com\/da\/produkt\/zmile-cosmetics-makeup-box-everybodys-darling-vegan\/"},"modified":"2026-04-05T09:18:34","modified_gmt":"2026-04-05T09:18:34","slug":"zmile-cosmetics-makeup-box-everybodys-darling-vegan","status":"publish","type":"product","link":"https:\/\/stylingagenten.com\/da\/produkt\/zmile-cosmetics-makeup-box-everybodys-darling-vegan\/","title":{"rendered":"Zmile Cosmetics Makeup Box Everybody&#8217;s Darling Vegan"},"content":{"rendered":"<p>Zmile Cosmetics Makeup Box Everybody&#8217;s Darling Vegan<br \/>Et makeup-kit, der indeholder det meste af det, du skal bruge til en vellykket og varieret make-up, som er p\u00e6nt pakket ind i et aluminiumsetui.<\/p>\n<p>S\u00e6ttet indeholder:<br \/>32 fine \u00f8jenskygge nuancer i jordfarver, 2 blushes, 4 l\u00e6bestifter, inklusiv en smuk shimmer, 4 fine neglelakker, 3 kajal penne og en l\u00e6beblyant. Derudover f\u00e5r du ogs\u00e5 4 forskellige applikatorer, en lille neglefil og en fin \u00e6ske til at b\u00e6re dine yndlingsskygger med dig.<\/p>\n<p>25,3\u00d79,3\u00d718,5 cm<\/p>\n","protected":false},"excerpt":{"rendered":"<p>Zmile Cosmetics Makeup Box Everybody&#8217;s Darling VeganEt makeup-kit, der indeholder det meste af det, du skal bruge til en vellykket og varieret make-up, som er p\u00e6nt pakket ind i et aluminiumsetui. S\u00e6ttet indeholder:32 fine \u00f8jenskygge nuancer i jordfarver, 2 blushes, 4 l\u00e6bestifter, inklusiv en smuk shimmer, 4 fine neglelakker, 3 kajal penne og en l\u00e6beblyant. [&hellip;]<\/p>\n","protected":false},"featured_media":123962,"comment_status":"open","ping_status":"closed","template":"","meta":{"_trash_the_other_posts":false},"product_brand":[],"product_cat":[664,637],"product_tag":[],"berocket_brand":[1179],"class_list":{"0":"post-123984","1":"product","2":"type-product","3":"status-publish","4":"has-post-thumbnail","6":"product_cat-gavesaet-make-up","7":"product_cat-makeup","8":"pa_brand-zmile-cosmetics","9":"berocket_brand-zmile-cosmetics","11":"first","12":"instock","13":"sale","14":"taxable","15":"shipping-taxable","16":"purchasable","17":"product-type-simple"},"_links":{"self":[{"href":"https:\/\/stylingagenten.com\/da\/wp-json\/wp\/v2\/product\/123984","targetHints":{"allow":["GET"]}}],"collection":[{"href":"https:\/\/stylingagenten.com\/da\/wp-json\/wp\/v2\/product"}],"about":[{"href":"https:\/\/stylingagenten.com\/da\/wp-json\/wp\/v2\/types\/product"}],"replies":[{"embeddable":true,"href":"https:\/\/stylingagenten.com\/da\/wp-json\/wp\/v2\/comments?post=123984"}],"version-history":[{"count":0,"href":"https:\/\/stylingagenten.com\/da\/wp-json\/wp\/v2\/product\/123984\/revisions"}],"wp:featuredmedia":[{"embeddable":true,"href":"https:\/\/stylingagenten.com\/da\/wp-json\/wp\/v2\/media\/123962"}],"wp:attachment":[{"href":"https:\/\/stylingagenten.com\/da\/wp-json\/wp\/v2\/media?parent=123984"}],"wp:term":[{"taxonomy":"product_brand","embeddable":true,"href":"https:\/\/stylingagenten.com\/da\/wp-json\/wp\/v2\/product_brand?post=123984"},{"taxonomy":"product_cat","embeddable":true,"href":"https:\/\/stylingagenten.com\/da\/wp-json\/wp\/v2\/product_cat?post=123984"},{"taxonomy":"product_tag","embeddable":true,"href":"https:\/\/stylingagenten.com\/da\/wp-json\/wp\/v2\/product_tag?post=123984"},{"taxonomy":"berocket_brand","embeddable":true,"href":"https:\/\/stylingagenten.com\/da\/wp-json\/wp\/v2\/berocket_brand?post=123984"}],"curies":[{"name":"wp","href":"https:\/\/api.w.org\/{rel}","templated":true}]}}