{"id":123970,"date":"2025-05-18T21:51:26","date_gmt":"2025-05-18T21:51:26","guid":{"rendered":"https:\/\/staging2.stylingagenten.com\/da\/produkt\/zmile-cosmetics-beauty-set-what-a-look\/"},"modified":"2025-12-18T21:28:48","modified_gmt":"2025-12-18T21:28:48","slug":"zmile-cosmetics-beauty-set-what-a-look","status":"publish","type":"product","link":"https:\/\/stylingagenten.com\/da\/produkt\/zmile-cosmetics-beauty-set-what-a-look\/","title":{"rendered":"Zmile Cosmetics Beauty Set WHAT A LOOK!"},"content":{"rendered":"<p>HVAD ET LOOK!<br \/>Hvad passer i enhver h\u00e5ndtaske og giver dig mulighed for at skabe et look p\u00e5 5 minutter? Det nye ZMILE etui!<br \/>Indvendigt finder du alt, hvad du beh\u00f8ver for et spontant look: en smuk \u00f8jenskyggeblyant, mascara og en \u00f8jenbrynsblyant &#8211; alt sammen vegansk! Og selvf\u00f8lgelig kan du bruge det stilfulde etui til dine yndlingssolbriller!<\/p>\n<p>1 x Brilleetui<br \/>1 x Mascara<br \/>1 x Cremet \u00f8jenskyggeblyant<br \/>1 x \u00d8jenbryn<\/p>\n","protected":false},"excerpt":{"rendered":"<p>HVAD ET LOOK!Hvad passer i enhver h\u00e5ndtaske og giver dig mulighed for at skabe et look p\u00e5 5 minutter? Det nye ZMILE etui!Indvendigt finder du alt, hvad du beh\u00f8ver for et spontant look: en smuk \u00f8jenskyggeblyant, mascara og en \u00f8jenbrynsblyant &#8211; alt sammen vegansk! Og selvf\u00f8lgelig kan du bruge det stilfulde etui til dine yndlingssolbriller! [&hellip;]<\/p>\n","protected":false},"featured_media":123956,"comment_status":"open","ping_status":"closed","template":"","meta":{"_trash_the_other_posts":false},"product_brand":[],"product_cat":[664,637],"product_tag":[],"berocket_brand":[1179],"class_list":{"0":"post-123970","1":"product","2":"type-product","3":"status-publish","4":"has-post-thumbnail","6":"product_cat-gavesaet-make-up","7":"product_cat-makeup","8":"pa_brand-zmile-cosmetics","9":"berocket_brand-zmile-cosmetics","11":"first","12":"instock","13":"sale","14":"taxable","15":"shipping-taxable","16":"purchasable","17":"product-type-simple"},"_links":{"self":[{"href":"https:\/\/stylingagenten.com\/da\/wp-json\/wp\/v2\/product\/123970","targetHints":{"allow":["GET"]}}],"collection":[{"href":"https:\/\/stylingagenten.com\/da\/wp-json\/wp\/v2\/product"}],"about":[{"href":"https:\/\/stylingagenten.com\/da\/wp-json\/wp\/v2\/types\/product"}],"replies":[{"embeddable":true,"href":"https:\/\/stylingagenten.com\/da\/wp-json\/wp\/v2\/comments?post=123970"}],"version-history":[{"count":0,"href":"https:\/\/stylingagenten.com\/da\/wp-json\/wp\/v2\/product\/123970\/revisions"}],"wp:featuredmedia":[{"embeddable":true,"href":"https:\/\/stylingagenten.com\/da\/wp-json\/wp\/v2\/media\/123956"}],"wp:attachment":[{"href":"https:\/\/stylingagenten.com\/da\/wp-json\/wp\/v2\/media?parent=123970"}],"wp:term":[{"taxonomy":"product_brand","embeddable":true,"href":"https:\/\/stylingagenten.com\/da\/wp-json\/wp\/v2\/product_brand?post=123970"},{"taxonomy":"product_cat","embeddable":true,"href":"https:\/\/stylingagenten.com\/da\/wp-json\/wp\/v2\/product_cat?post=123970"},{"taxonomy":"product_tag","embeddable":true,"href":"https:\/\/stylingagenten.com\/da\/wp-json\/wp\/v2\/product_tag?post=123970"},{"taxonomy":"berocket_brand","embeddable":true,"href":"https:\/\/stylingagenten.com\/da\/wp-json\/wp\/v2\/berocket_brand?post=123970"}],"curies":[{"name":"wp","href":"https:\/\/api.w.org\/{rel}","templated":true}]}}