{"id":123948,"date":"2025-05-18T21:51:22","date_gmt":"2025-05-18T21:51:22","guid":{"rendered":"https:\/\/staging2.stylingagenten.com\/da\/produkt\/zmile-cosmetics-make-up-set-glam-to-go-vegan\/"},"modified":"2026-01-05T12:36:30","modified_gmt":"2026-01-05T12:36:30","slug":"zmile-cosmetics-make-up-set-glam-to-go-vegan","status":"publish","type":"product","link":"https:\/\/stylingagenten.com\/da\/produkt\/zmile-cosmetics-make-up-set-glam-to-go-vegan\/","title":{"rendered":"Zmile Cosmetics Make-Up Set Glam To Go Vegan"},"content":{"rendered":"<p>Glam To Go &#8211; vegansk kosmetik<br \/>Glamour\u00f8s makeup i et praktisk s\u00e6t med magnetlukning og indeholder alt hvad dit sk\u00f8nhedshjerte beg\u00e6rer! Glam To Go! S\u00e5 stilfuld, s\u00e5 SMUK!<\/p>\n<p>Indhold:<br \/>18 x \u00d8jenskygge<br \/>12 x Lip Gloss Creme<br \/>1 x Blush<br \/>1 x Bronzing Powder<br \/>1 x Kajal<br \/> 1 x l\u00e6beblyant<br \/>1 x 7 stk b\u00f8rste\/applikators\u00e6t<br \/>1 x integreret spejl<\/p>\n<p>2,7\u00d719,4\u00d710 cm<\/p>\n","protected":false},"excerpt":{"rendered":"<p>Glam To Go &#8211; vegansk kosmetikGlamour\u00f8s makeup i et praktisk s\u00e6t med magnetlukning og indeholder alt hvad dit sk\u00f8nhedshjerte beg\u00e6rer! Glam To Go! S\u00e5 stilfuld, s\u00e5 SMUK! Indhold:18 x \u00d8jenskygge12 x Lip Gloss Creme1 x Blush1 x Bronzing Powder1 x Kajal 1 x l\u00e6beblyant1 x 7 stk b\u00f8rste\/applikators\u00e6t1 x integreret spejl 2,7\u00d719,4\u00d710 cm<\/p>\n","protected":false},"featured_media":123938,"comment_status":"open","ping_status":"closed","template":"","meta":{"_trash_the_other_posts":false},"product_brand":[],"product_cat":[664,581],"product_tag":[],"berocket_brand":[1179],"class_list":{"0":"post-123948","1":"product","2":"type-product","3":"status-publish","4":"has-post-thumbnail","6":"product_cat-gavesaet-make-up","7":"product_cat-ondt-oeje","8":"pa_brand-zmile-cosmetics","9":"berocket_brand-zmile-cosmetics","11":"first","12":"instock","13":"sale","14":"taxable","15":"shipping-taxable","16":"purchasable","17":"product-type-simple"},"_links":{"self":[{"href":"https:\/\/stylingagenten.com\/da\/wp-json\/wp\/v2\/product\/123948","targetHints":{"allow":["GET"]}}],"collection":[{"href":"https:\/\/stylingagenten.com\/da\/wp-json\/wp\/v2\/product"}],"about":[{"href":"https:\/\/stylingagenten.com\/da\/wp-json\/wp\/v2\/types\/product"}],"replies":[{"embeddable":true,"href":"https:\/\/stylingagenten.com\/da\/wp-json\/wp\/v2\/comments?post=123948"}],"version-history":[{"count":0,"href":"https:\/\/stylingagenten.com\/da\/wp-json\/wp\/v2\/product\/123948\/revisions"}],"wp:featuredmedia":[{"embeddable":true,"href":"https:\/\/stylingagenten.com\/da\/wp-json\/wp\/v2\/media\/123938"}],"wp:attachment":[{"href":"https:\/\/stylingagenten.com\/da\/wp-json\/wp\/v2\/media?parent=123948"}],"wp:term":[{"taxonomy":"product_brand","embeddable":true,"href":"https:\/\/stylingagenten.com\/da\/wp-json\/wp\/v2\/product_brand?post=123948"},{"taxonomy":"product_cat","embeddable":true,"href":"https:\/\/stylingagenten.com\/da\/wp-json\/wp\/v2\/product_cat?post=123948"},{"taxonomy":"product_tag","embeddable":true,"href":"https:\/\/stylingagenten.com\/da\/wp-json\/wp\/v2\/product_tag?post=123948"},{"taxonomy":"berocket_brand","embeddable":true,"href":"https:\/\/stylingagenten.com\/da\/wp-json\/wp\/v2\/berocket_brand?post=123948"}],"curies":[{"name":"wp","href":"https:\/\/api.w.org\/{rel}","templated":true}]}}