{"id":123911,"date":"2025-05-18T21:51:13","date_gmt":"2025-05-18T21:51:13","guid":{"rendered":"https:\/\/staging2.stylingagenten.com\/da\/produkt\/makeup-revolution-blush-glow-gift-set\/"},"modified":"2025-12-18T21:28:34","modified_gmt":"2025-12-18T21:28:34","slug":"makeup-revolution-blush-glow-gift-set","status":"publish","type":"product","link":"https:\/\/stylingagenten.com\/da\/produkt\/makeup-revolution-blush-glow-gift-set\/","title":{"rendered":"Makeup Revolution Blush &amp; Glow Gift Set"},"content":{"rendered":"<p>Makeup Revolution Blush &amp; Glow Gaves\u00e6t<br \/>Revolution Blush og Glow S\u00e6t. Genvejen til en gl\u00f8dende teint, dette smukke s\u00e6t er sp\u00e6kket med flydende blushes, strobing highlightere, bl\u00f8de fluffy pensler og meget mere! Klar til at gl\u00f8de?&nbsp;<\/p>\n<p>S\u00e6ttet indeholder:<br \/>Fast Base Blush &amp; Highlight Stick in Champagne Shine<br \/>Bright Light Liquid Highlighter i Divine Dark Pink<br \/>Highlighter Quad i Make it Count<br \/>Super Dewy Liquid Blush i Flushing For You<br \/>Cheek Kit i Make it Count<br \/>Create Super Dewy Stippling Brush<br \/>Lav Sculpting Powder Brush<\/p>\n","protected":false},"excerpt":{"rendered":"<p>Makeup Revolution Blush &amp; Glow Gaves\u00e6tRevolution Blush og Glow S\u00e6t. Genvejen til en gl\u00f8dende teint, dette smukke s\u00e6t er sp\u00e6kket med flydende blushes, strobing highlightere, bl\u00f8de fluffy pensler og meget mere! Klar til at gl\u00f8de?&nbsp; S\u00e6ttet indeholder:Fast Base Blush &amp; Highlight Stick in Champagne ShineBright Light Liquid Highlighter i Divine Dark PinkHighlighter Quad i Make [&hellip;]<\/p>\n","protected":false},"featured_media":123907,"comment_status":"open","ping_status":"closed","template":"","meta":{"_trash_the_other_posts":false},"product_brand":[],"product_cat":[664],"product_tag":[],"berocket_brand":[1050],"class_list":{"0":"post-123911","1":"product","2":"type-product","3":"status-publish","4":"has-post-thumbnail","6":"product_cat-gavesaet-make-up","7":"pa_brand-makeup-revolution","8":"berocket_brand-makeup-revolution","10":"first","11":"instock","12":"sale","13":"taxable","14":"shipping-taxable","15":"purchasable","16":"product-type-simple"},"_links":{"self":[{"href":"https:\/\/stylingagenten.com\/da\/wp-json\/wp\/v2\/product\/123911","targetHints":{"allow":["GET"]}}],"collection":[{"href":"https:\/\/stylingagenten.com\/da\/wp-json\/wp\/v2\/product"}],"about":[{"href":"https:\/\/stylingagenten.com\/da\/wp-json\/wp\/v2\/types\/product"}],"replies":[{"embeddable":true,"href":"https:\/\/stylingagenten.com\/da\/wp-json\/wp\/v2\/comments?post=123911"}],"version-history":[{"count":0,"href":"https:\/\/stylingagenten.com\/da\/wp-json\/wp\/v2\/product\/123911\/revisions"}],"wp:featuredmedia":[{"embeddable":true,"href":"https:\/\/stylingagenten.com\/da\/wp-json\/wp\/v2\/media\/123907"}],"wp:attachment":[{"href":"https:\/\/stylingagenten.com\/da\/wp-json\/wp\/v2\/media?parent=123911"}],"wp:term":[{"taxonomy":"product_brand","embeddable":true,"href":"https:\/\/stylingagenten.com\/da\/wp-json\/wp\/v2\/product_brand?post=123911"},{"taxonomy":"product_cat","embeddable":true,"href":"https:\/\/stylingagenten.com\/da\/wp-json\/wp\/v2\/product_cat?post=123911"},{"taxonomy":"product_tag","embeddable":true,"href":"https:\/\/stylingagenten.com\/da\/wp-json\/wp\/v2\/product_tag?post=123911"},{"taxonomy":"berocket_brand","embeddable":true,"href":"https:\/\/stylingagenten.com\/da\/wp-json\/wp\/v2\/berocket_brand?post=123911"}],"curies":[{"name":"wp","href":"https:\/\/api.w.org\/{rel}","templated":true}]}}