{"id":123857,"date":"2025-05-18T21:51:00","date_gmt":"2025-05-18T21:51:00","guid":{"rendered":"https:\/\/staging2.stylingagenten.com\/da\/produkt\/giftset-beard-monkey-silver-rain\/"},"modified":"2026-02-21T10:06:41","modified_gmt":"2026-02-21T10:06:41","slug":"giftset-beard-monkey-silver-rain","status":"publish","type":"product","link":"https:\/\/stylingagenten.com\/da\/produkt\/giftset-beard-monkey-silver-rain\/","title":{"rendered":"Giftset Beard Monkey Silver Rain"},"content":{"rendered":"<p><strong>Beard Monkey Parym kit Silver Rain&nbsp;<\/strong><\/p>\n<p>Dette kit fra Beard Monkey indeholder en EAU DE PARFUM og en deo.<br \/>En passioneret og klassisk duft, der udstr\u00e5ler selv- tillid. Duften fremh\u00e6ver sensuel maskulinitet og er velegnet til b\u00e5de dag og nat. Deon er en effektiv antiperspirant med en frisk duft, der er sk\u00e5nsom mod huden. Modvirker b\u00e5de sved og d\u00e5rlig lugt. Fri for alkohol. Lad t\u00f8rre f\u00f8r kontakt med t\u00f8j.<\/p>\n<p><strong>Duftnoter:<br \/><\/strong>&#8211; Topnote: Citron, Mynte, Gr\u00f8nt \u00e6ble<br \/>&#8211; Hjertenote: Geranium<br \/>&#8211; Bundnote : Tr\u00e6, Tonkab&ouml;na<br \/>&#8211; Limited Edition<\/p>\n<p><strong>Dette s\u00e6t indeholder:<br \/><\/strong>EAU DE PARFUM 50ml<br \/>Deo antiperspirant 50 ml<\/p>\n","protected":false},"excerpt":{"rendered":"<p>Beard Monkey Parym kit Silver Rain&nbsp; Dette kit fra Beard Monkey indeholder en EAU DE PARFUM og en deo.En passioneret og klassisk duft, der udstr\u00e5ler selv- tillid. Duften fremh\u00e6ver sensuel maskulinitet og er velegnet til b\u00e5de dag og nat. Deon er en effektiv antiperspirant med en frisk duft, der er sk\u00e5nsom mod huden. Modvirker b\u00e5de [&hellip;]<\/p>\n","protected":false},"featured_media":123855,"comment_status":"open","ping_status":"closed","template":"","meta":{"_trash_the_other_posts":false},"product_brand":[],"product_cat":[711,548],"product_tag":[],"berocket_brand":[1077],"class_list":{"0":"post-123857","1":"product","2":"type-product","3":"status-publish","4":"has-post-thumbnail","6":"product_cat-duftmand","7":"product_cat-gavesaet-parfume-maend","8":"pa_brand-beard-monkey","9":"berocket_brand-beard-monkey","11":"first","12":"instock","13":"sale","14":"taxable","15":"shipping-taxable","16":"purchasable","17":"product-type-simple"},"_links":{"self":[{"href":"https:\/\/stylingagenten.com\/da\/wp-json\/wp\/v2\/product\/123857","targetHints":{"allow":["GET"]}}],"collection":[{"href":"https:\/\/stylingagenten.com\/da\/wp-json\/wp\/v2\/product"}],"about":[{"href":"https:\/\/stylingagenten.com\/da\/wp-json\/wp\/v2\/types\/product"}],"replies":[{"embeddable":true,"href":"https:\/\/stylingagenten.com\/da\/wp-json\/wp\/v2\/comments?post=123857"}],"version-history":[{"count":0,"href":"https:\/\/stylingagenten.com\/da\/wp-json\/wp\/v2\/product\/123857\/revisions"}],"wp:featuredmedia":[{"embeddable":true,"href":"https:\/\/stylingagenten.com\/da\/wp-json\/wp\/v2\/media\/123855"}],"wp:attachment":[{"href":"https:\/\/stylingagenten.com\/da\/wp-json\/wp\/v2\/media?parent=123857"}],"wp:term":[{"taxonomy":"product_brand","embeddable":true,"href":"https:\/\/stylingagenten.com\/da\/wp-json\/wp\/v2\/product_brand?post=123857"},{"taxonomy":"product_cat","embeddable":true,"href":"https:\/\/stylingagenten.com\/da\/wp-json\/wp\/v2\/product_cat?post=123857"},{"taxonomy":"product_tag","embeddable":true,"href":"https:\/\/stylingagenten.com\/da\/wp-json\/wp\/v2\/product_tag?post=123857"},{"taxonomy":"berocket_brand","embeddable":true,"href":"https:\/\/stylingagenten.com\/da\/wp-json\/wp\/v2\/berocket_brand?post=123857"}],"curies":[{"name":"wp","href":"https:\/\/api.w.org\/{rel}","templated":true}]}}