{"id":123839,"date":"2025-05-18T21:50:54","date_gmt":"2025-05-18T21:50:54","guid":{"rendered":"https:\/\/staging2.stylingagenten.com\/da\/produkt\/giftset-beard-monkey-beard-kit-licorice\/"},"modified":"2026-04-10T21:38:35","modified_gmt":"2026-04-10T21:38:35","slug":"giftset-beard-monkey-beard-kit-licorice","status":"publish","type":"product","link":"https:\/\/stylingagenten.com\/da\/produkt\/giftset-beard-monkey-beard-kit-licorice\/","title":{"rendered":"Giftset Beard Monkey Beard Kit Licorice 2023"},"content":{"rendered":"<p><strong>Gaves\u00e6t Beard Monkey Lakrids <br \/><\/strong>Dette s\u00e6t fra Beard Monkey indeholder en sk\u00e6golie og en sk\u00e6gshampoo med duft af lakrids. Olien virker fugtgivende og giver en frisk f\u00f8lelse, der holder hele dagen. Shampooen er designet til at give dig et glat sk\u00e6g med en god fugtbalance S\u00e6ttet indeholder: Beard Monkey Beard Oil Lakrids 50ml<br \/>Beard Monkey Beard Shampoo Lakrids 100ml<strong>&nbsp;<\/strong><\/p>\n","protected":false},"excerpt":{"rendered":"<p>Gaves\u00e6t Beard Monkey Lakrids Dette s\u00e6t fra Beard Monkey indeholder en sk\u00e6golie og en sk\u00e6gshampoo med duft af lakrids. Olien virker fugtgivende og giver en frisk f\u00f8lelse, der holder hele dagen. Shampooen er designet til at give dig et glat sk\u00e6g med en god fugtbalance S\u00e6ttet indeholder: Beard Monkey Beard Oil Lakrids 50mlBeard Monkey Beard [&hellip;]<\/p>\n","protected":false},"featured_media":123835,"comment_status":"open","ping_status":"closed","template":"","meta":{"_trash_the_other_posts":false},"product_brand":[],"product_cat":[665],"product_tag":[],"berocket_brand":[1077],"class_list":{"0":"post-123839","1":"product","2":"type-product","3":"status-publish","4":"has-post-thumbnail","6":"product_cat-giftsaet-skyggeskjold","7":"pa_brand-beard-monkey","8":"berocket_brand-beard-monkey","10":"first","11":"instock","12":"sale","13":"taxable","14":"shipping-taxable","15":"purchasable","16":"product-type-simple"},"_links":{"self":[{"href":"https:\/\/stylingagenten.com\/da\/wp-json\/wp\/v2\/product\/123839","targetHints":{"allow":["GET"]}}],"collection":[{"href":"https:\/\/stylingagenten.com\/da\/wp-json\/wp\/v2\/product"}],"about":[{"href":"https:\/\/stylingagenten.com\/da\/wp-json\/wp\/v2\/types\/product"}],"replies":[{"embeddable":true,"href":"https:\/\/stylingagenten.com\/da\/wp-json\/wp\/v2\/comments?post=123839"}],"version-history":[{"count":0,"href":"https:\/\/stylingagenten.com\/da\/wp-json\/wp\/v2\/product\/123839\/revisions"}],"wp:featuredmedia":[{"embeddable":true,"href":"https:\/\/stylingagenten.com\/da\/wp-json\/wp\/v2\/media\/123835"}],"wp:attachment":[{"href":"https:\/\/stylingagenten.com\/da\/wp-json\/wp\/v2\/media?parent=123839"}],"wp:term":[{"taxonomy":"product_brand","embeddable":true,"href":"https:\/\/stylingagenten.com\/da\/wp-json\/wp\/v2\/product_brand?post=123839"},{"taxonomy":"product_cat","embeddable":true,"href":"https:\/\/stylingagenten.com\/da\/wp-json\/wp\/v2\/product_cat?post=123839"},{"taxonomy":"product_tag","embeddable":true,"href":"https:\/\/stylingagenten.com\/da\/wp-json\/wp\/v2\/product_tag?post=123839"},{"taxonomy":"berocket_brand","embeddable":true,"href":"https:\/\/stylingagenten.com\/da\/wp-json\/wp\/v2\/berocket_brand?post=123839"}],"curies":[{"name":"wp","href":"https:\/\/api.w.org\/{rel}","templated":true}]}}