{"id":122911,"date":"2025-05-18T21:42:59","date_gmt":"2025-05-18T21:42:59","guid":{"rendered":"https:\/\/staging2.stylingagenten.com\/da\/produkt\/chupa-chups-hand-it-to-you-collection\/"},"modified":"2026-04-08T07:09:10","modified_gmt":"2026-04-08T07:09:10","slug":"chupa-chups-hand-it-to-you-collection","status":"publish","type":"product","link":"https:\/\/stylingagenten.com\/da\/produkt\/chupa-chups-hand-it-to-you-collection\/","title":{"rendered":"Chupa Chups Hand It to You Collection"},"content":{"rendered":"<p>Chupa Chups Hand It to You Collection er et s\u00e6t med tre 50ml h\u00e5ndcremer med vidunderligt s\u00f8de dufte: Strawberry Swirl, Cool Cola &amp; Tutti Frutti.<\/p>\n<p>Hold dine h\u00e6nder bl\u00f8de og velduftende hele dagen!<\/p>\n<p>S\u00e6ttet indeholder:<br \/>\n<br \/>Chupa Chups Strawberry Swirl Hand &amp; Nail Cream 50ml<br \/>\n<br \/>Chupa Chups Cool Cola Hand &amp; Nail Cream 50ml<br \/>\n<br \/>Chupa Chups Tutti Frutti Hand &amp; Nail Cream 50ml<\/p>\n","protected":false},"excerpt":{"rendered":"<p>Chupa Chups Hand It to You Collection er et s\u00e6t med tre 50ml h\u00e5ndcremer med vidunderligt s\u00f8de dufte: Strawberry Swirl, Cool Cola &amp; Tutti Frutti. Hold dine h\u00e6nder bl\u00f8de og velduftende hele dagen! S\u00e6ttet indeholder: Chupa Chups Strawberry Swirl Hand &amp; Nail Cream 50ml Chupa Chups Cool Cola Hand &amp; Nail Cream 50ml Chupa Chups [&hellip;]<\/p>\n","protected":false},"featured_media":122910,"comment_status":"open","ping_status":"closed","template":"","meta":{"_trash_the_other_posts":false},"product_brand":[],"product_cat":[1003,574],"product_tag":[],"berocket_brand":[1413],"class_list":{"0":"post-122911","1":"product","2":"type-product","3":"status-publish","4":"has-post-thumbnail","6":"product_cat-bestsellere","7":"product_cat-haand-kram","8":"pa_brand-chupa-chups","9":"berocket_brand-chupa-chups","11":"first","12":"instock","13":"sale","14":"taxable","15":"shipping-taxable","16":"purchasable","17":"product-type-simple"},"_links":{"self":[{"href":"https:\/\/stylingagenten.com\/da\/wp-json\/wp\/v2\/product\/122911","targetHints":{"allow":["GET"]}}],"collection":[{"href":"https:\/\/stylingagenten.com\/da\/wp-json\/wp\/v2\/product"}],"about":[{"href":"https:\/\/stylingagenten.com\/da\/wp-json\/wp\/v2\/types\/product"}],"replies":[{"embeddable":true,"href":"https:\/\/stylingagenten.com\/da\/wp-json\/wp\/v2\/comments?post=122911"}],"version-history":[{"count":0,"href":"https:\/\/stylingagenten.com\/da\/wp-json\/wp\/v2\/product\/122911\/revisions"}],"wp:featuredmedia":[{"embeddable":true,"href":"https:\/\/stylingagenten.com\/da\/wp-json\/wp\/v2\/media\/122910"}],"wp:attachment":[{"href":"https:\/\/stylingagenten.com\/da\/wp-json\/wp\/v2\/media?parent=122911"}],"wp:term":[{"taxonomy":"product_brand","embeddable":true,"href":"https:\/\/stylingagenten.com\/da\/wp-json\/wp\/v2\/product_brand?post=122911"},{"taxonomy":"product_cat","embeddable":true,"href":"https:\/\/stylingagenten.com\/da\/wp-json\/wp\/v2\/product_cat?post=122911"},{"taxonomy":"product_tag","embeddable":true,"href":"https:\/\/stylingagenten.com\/da\/wp-json\/wp\/v2\/product_tag?post=122911"},{"taxonomy":"berocket_brand","embeddable":true,"href":"https:\/\/stylingagenten.com\/da\/wp-json\/wp\/v2\/berocket_brand?post=122911"}],"curies":[{"name":"wp","href":"https:\/\/api.w.org\/{rel}","templated":true}]}}