{"id":122786,"date":"2025-05-18T21:42:08","date_gmt":"2025-05-18T21:42:08","guid":{"rendered":"https:\/\/staging2.stylingagenten.com\/da\/produkt\/american-crew-light-hold-styling-gel-390ml\/"},"modified":"2026-04-08T15:30:55","modified_gmt":"2026-04-08T15:30:55","slug":"american-crew-light-hold-styling-gel-390ml","status":"publish","type":"product","link":"https:\/\/stylingagenten.com\/da\/produkt\/american-crew-light-hold-styling-gel-390ml\/","title":{"rendered":"American Crew Light Hold Styling Gel 390ml"},"content":{"rendered":"<p>American Crew Light Hold Styling Gel opbygger fylde og glans, samtidig med at den giver let kontrol. Denne alkoholfrie formel udt\u00f8rrer ikke hovedbunden og indeholder varmebarrierer, der beskytter h\u00e5ret mod milj\u00f8p\u00e5virkning og varmestyling. Denne gel fugter din hovedbund med ginseng- og salvieekstrakt.<\/p>\n<p>Anvendelse:<br \/>P\u00e5f\u00f8r i h\u00e5ndkl\u00e6det\u00f8rt h\u00e5r. Red h\u00e5ret igennem og lad det luftt\u00f8rre.<\/p>\n<p>390ml<\/p>\n","protected":false},"excerpt":{"rendered":"<p>American Crew Light Hold Styling Gel opbygger fylde og glans, samtidig med at den giver let kontrol. Denne alkoholfrie formel udt\u00f8rrer ikke hovedbunden og indeholder varmebarrierer, der beskytter h\u00e5ret mod milj\u00f8p\u00e5virkning og varmestyling. Denne gel fugter din hovedbund med ginseng- og salvieekstrakt. Anvendelse:P\u00e5f\u00f8r i h\u00e5ndkl\u00e6det\u00f8rt h\u00e5r. Red h\u00e5ret igennem og lad det luftt\u00f8rre. 390ml<\/p>\n","protected":false},"featured_media":122785,"comment_status":"open","ping_status":"closed","template":"","meta":{"_trash_the_other_posts":false},"product_brand":[],"product_cat":[701],"product_tag":[],"berocket_brand":[1071],"class_list":{"0":"post-122786","1":"product","2":"type-product","3":"status-publish","4":"has-post-thumbnail","6":"product_cat-gel","7":"pa_brand-american-crew","8":"berocket_brand-american-crew","10":"first","11":"instock","12":"sale","13":"taxable","14":"shipping-taxable","15":"purchasable","16":"product-type-simple"},"_links":{"self":[{"href":"https:\/\/stylingagenten.com\/da\/wp-json\/wp\/v2\/product\/122786","targetHints":{"allow":["GET"]}}],"collection":[{"href":"https:\/\/stylingagenten.com\/da\/wp-json\/wp\/v2\/product"}],"about":[{"href":"https:\/\/stylingagenten.com\/da\/wp-json\/wp\/v2\/types\/product"}],"replies":[{"embeddable":true,"href":"https:\/\/stylingagenten.com\/da\/wp-json\/wp\/v2\/comments?post=122786"}],"version-history":[{"count":0,"href":"https:\/\/stylingagenten.com\/da\/wp-json\/wp\/v2\/product\/122786\/revisions"}],"wp:featuredmedia":[{"embeddable":true,"href":"https:\/\/stylingagenten.com\/da\/wp-json\/wp\/v2\/media\/122785"}],"wp:attachment":[{"href":"https:\/\/stylingagenten.com\/da\/wp-json\/wp\/v2\/media?parent=122786"}],"wp:term":[{"taxonomy":"product_brand","embeddable":true,"href":"https:\/\/stylingagenten.com\/da\/wp-json\/wp\/v2\/product_brand?post=122786"},{"taxonomy":"product_cat","embeddable":true,"href":"https:\/\/stylingagenten.com\/da\/wp-json\/wp\/v2\/product_cat?post=122786"},{"taxonomy":"product_tag","embeddable":true,"href":"https:\/\/stylingagenten.com\/da\/wp-json\/wp\/v2\/product_tag?post=122786"},{"taxonomy":"berocket_brand","embeddable":true,"href":"https:\/\/stylingagenten.com\/da\/wp-json\/wp\/v2\/berocket_brand?post=122786"}],"curies":[{"name":"wp","href":"https:\/\/api.w.org\/{rel}","templated":true}]}}