{"id":122784,"date":"2025-05-18T21:42:08","date_gmt":"2025-05-18T21:42:08","guid":{"rendered":"https:\/\/staging2.stylingagenten.com\/da\/produkt\/eco-style-olive-oil-styling-gel-473ml\/"},"modified":"2026-04-08T15:31:07","modified_gmt":"2026-04-08T15:31:07","slug":"eco-style-olive-oil-styling-gel-473ml","status":"publish","type":"product","link":"https:\/\/stylingagenten.com\/da\/produkt\/eco-style-olive-oil-styling-gel-473ml\/","title":{"rendered":"Eco Style Olive Oil Styling Gel 473ml"},"content":{"rendered":"<p>Eco Style Olive Oil Styling Gel er en fast bestanddel i r\u00e6kken af h\u00e5rgel\u00e9produkter, der efterlader dit h\u00e5r fugtet og sundt med en overlegen holdbarhed. Lavet med naturlig olivenolie for at tilf\u00f8je glans og l\u00e5se fugt inde fra rod til spids, har Olive Oil Gel en v\u00e6gtl\u00f8s konsistens, der giver maksimal fleksibilitet til at opn\u00e5 din \u00f8nskede stil. Eco Style Olive Oil Styling Gel er alkoholfri.<\/p>\n<p>De fleste h\u00e5rgel\u00e9er holder frisurer p\u00e5 plads, men indeholder alkohol, der kan udt\u00f8rre h\u00e5ret. N\u00e5r det p\u00e5f\u00f8res h\u00e5r, der allerede er t\u00f8rt eller beskadiget af kemiske behandlinger, kan h\u00e5rgel\u00e9er utilsigtet g\u00f8re h\u00e5ret endnu mere usundt. Eco Style Styling Gel giver et niveau 10-hold, der sikrer enhver frisure uden at g\u00e5 p\u00e5 kompromis med h\u00e5rets sundhed.<\/p>\n<p>Den n\u00e6rende formel er rig p\u00e5 dybdeplejende olivenolie, som hj\u00e6lper med at pleje t\u00f8rt h\u00e5r, mens den fastholder frisuren og giver en str\u00e5lende glans. Olivenolie hj\u00e6lper ogs\u00e5 din hovedbund med at regulere dens fugtniveau, hvilket beskytter mod t\u00f8rhed ved regelm\u00e6ssig brug.<\/p>\n<p>Den lette gel\u00e9 har en bl\u00f8d f\u00f8lelse, der aldrig er stiv eller klistret, og den flager ikke. P\u00e5f\u00f8r i t\u00f8rt eller v\u00e5dt h\u00e5r. Arbejd den \u00f8nskede m\u00e6ngde gennem h\u00e5ret og style.<\/p>\n<p>473ml<\/p>\n","protected":false},"excerpt":{"rendered":"<p>Eco Style Olive Oil Styling Gel er en fast bestanddel i r\u00e6kken af h\u00e5rgel\u00e9produkter, der efterlader dit h\u00e5r fugtet og sundt med en overlegen holdbarhed. Lavet med naturlig olivenolie for at tilf\u00f8je glans og l\u00e5se fugt inde fra rod til spids, har Olive Oil Gel en v\u00e6gtl\u00f8s konsistens, der giver maksimal fleksibilitet til at opn\u00e5 [&hellip;]<\/p>\n","protected":false},"featured_media":122781,"comment_status":"open","ping_status":"closed","template":"","meta":{"_trash_the_other_posts":false},"product_brand":[],"product_cat":[701],"product_tag":[2853],"berocket_brand":[1992],"class_list":{"0":"post-122784","1":"product","2":"type-product","3":"status-publish","4":"has-post-thumbnail","6":"product_cat-gel","7":"product_tag-eco-style-olive-oil-styling-gel","8":"pa_brand-eco-style","9":"pa_variant-473ml","10":"berocket_brand-eco-style","12":"first","13":"instock","14":"taxable","15":"shipping-taxable","16":"purchasable","17":"product-type-simple"},"_links":{"self":[{"href":"https:\/\/stylingagenten.com\/da\/wp-json\/wp\/v2\/product\/122784","targetHints":{"allow":["GET"]}}],"collection":[{"href":"https:\/\/stylingagenten.com\/da\/wp-json\/wp\/v2\/product"}],"about":[{"href":"https:\/\/stylingagenten.com\/da\/wp-json\/wp\/v2\/types\/product"}],"replies":[{"embeddable":true,"href":"https:\/\/stylingagenten.com\/da\/wp-json\/wp\/v2\/comments?post=122784"}],"version-history":[{"count":0,"href":"https:\/\/stylingagenten.com\/da\/wp-json\/wp\/v2\/product\/122784\/revisions"}],"wp:featuredmedia":[{"embeddable":true,"href":"https:\/\/stylingagenten.com\/da\/wp-json\/wp\/v2\/media\/122781"}],"wp:attachment":[{"href":"https:\/\/stylingagenten.com\/da\/wp-json\/wp\/v2\/media?parent=122784"}],"wp:term":[{"taxonomy":"product_brand","embeddable":true,"href":"https:\/\/stylingagenten.com\/da\/wp-json\/wp\/v2\/product_brand?post=122784"},{"taxonomy":"product_cat","embeddable":true,"href":"https:\/\/stylingagenten.com\/da\/wp-json\/wp\/v2\/product_cat?post=122784"},{"taxonomy":"product_tag","embeddable":true,"href":"https:\/\/stylingagenten.com\/da\/wp-json\/wp\/v2\/product_tag?post=122784"},{"taxonomy":"berocket_brand","embeddable":true,"href":"https:\/\/stylingagenten.com\/da\/wp-json\/wp\/v2\/berocket_brand?post=122784"}],"curies":[{"name":"wp","href":"https:\/\/api.w.org\/{rel}","templated":true}]}}