{"id":122780,"date":"2025-05-18T21:42:07","date_gmt":"2025-05-18T21:42:07","guid":{"rendered":"https:\/\/staging2.stylingagenten.com\/da\/produkt\/eco-style-curl-wave-styling-gel-236ml\/"},"modified":"2026-04-09T05:27:42","modified_gmt":"2026-04-09T05:27:42","slug":"eco-style-curl-wave-styling-gel-236ml","status":"publish","type":"product","link":"https:\/\/stylingagenten.com\/da\/produkt\/eco-style-curl-wave-styling-gel-236ml\/","title":{"rendered":"Eco Style Curl &amp; Wave Styling Gel 236ml"},"content":{"rendered":"<p>Eco Style Curl &amp; Wave Styling Gel er en st\u00e6rkt holdende h\u00e5rgel\u00e9, der giver dig perfekte vask-og-g\u00e5-frisurer uden et strejf af u\u00f8nskede flager. Denne h\u00e5rgel\u00e9 giver det perfekte hold, s\u00e5 du kan skabe h\u00f8jopl\u00f8ste looks, der holder hele dagen. Defin\u00e9r og fugt dine lokker med vores n\u00e6ringsrige og botanisk infunderede lette stylinggel\u00e9.<\/p>\n<p>Formuleret med Calendula Officinalis Flower Extract, et botanisk blomsterekstrakt, der indeholder fugtgivende og beroligende midler til h\u00e5r og hovedbund. Vores stylinggeler har i \u00e5rtier leveret resultater, der forbedrer, former, definerer og plejer alle h\u00e5rtyper og teksturer. Alkoholfri. Arbejd den \u00f8nskede m\u00e6ngde gennem h\u00e5ret og style.<\/p>\n<p>236ml<\/p>\n","protected":false},"excerpt":{"rendered":"<p>Eco Style Curl &amp; Wave Styling Gel er en st\u00e6rkt holdende h\u00e5rgel\u00e9, der giver dig perfekte vask-og-g\u00e5-frisurer uden et strejf af u\u00f8nskede flager. Denne h\u00e5rgel\u00e9 giver det perfekte hold, s\u00e5 du kan skabe h\u00f8jopl\u00f8ste looks, der holder hele dagen. Defin\u00e9r og fugt dine lokker med vores n\u00e6ringsrige og botanisk infunderede lette stylinggel\u00e9. Formuleret med Calendula [&hellip;]<\/p>\n","protected":false},"featured_media":122773,"comment_status":"open","ping_status":"closed","template":"","meta":{"_trash_the_other_posts":false},"product_brand":[],"product_cat":[701],"product_tag":[2850],"berocket_brand":[1992],"class_list":{"0":"post-122780","1":"product","2":"type-product","3":"status-publish","4":"has-post-thumbnail","6":"product_cat-gel","7":"product_tag-eco-style-curl-wave-styling-gel","8":"pa_brand-eco-style","9":"pa_variant-236ml","10":"berocket_brand-eco-style","12":"first","13":"instock","14":"taxable","15":"shipping-taxable","16":"purchasable","17":"product-type-simple"},"_links":{"self":[{"href":"https:\/\/stylingagenten.com\/da\/wp-json\/wp\/v2\/product\/122780","targetHints":{"allow":["GET"]}}],"collection":[{"href":"https:\/\/stylingagenten.com\/da\/wp-json\/wp\/v2\/product"}],"about":[{"href":"https:\/\/stylingagenten.com\/da\/wp-json\/wp\/v2\/types\/product"}],"replies":[{"embeddable":true,"href":"https:\/\/stylingagenten.com\/da\/wp-json\/wp\/v2\/comments?post=122780"}],"version-history":[{"count":0,"href":"https:\/\/stylingagenten.com\/da\/wp-json\/wp\/v2\/product\/122780\/revisions"}],"wp:featuredmedia":[{"embeddable":true,"href":"https:\/\/stylingagenten.com\/da\/wp-json\/wp\/v2\/media\/122773"}],"wp:attachment":[{"href":"https:\/\/stylingagenten.com\/da\/wp-json\/wp\/v2\/media?parent=122780"}],"wp:term":[{"taxonomy":"product_brand","embeddable":true,"href":"https:\/\/stylingagenten.com\/da\/wp-json\/wp\/v2\/product_brand?post=122780"},{"taxonomy":"product_cat","embeddable":true,"href":"https:\/\/stylingagenten.com\/da\/wp-json\/wp\/v2\/product_cat?post=122780"},{"taxonomy":"product_tag","embeddable":true,"href":"https:\/\/stylingagenten.com\/da\/wp-json\/wp\/v2\/product_tag?post=122780"},{"taxonomy":"berocket_brand","embeddable":true,"href":"https:\/\/stylingagenten.com\/da\/wp-json\/wp\/v2\/berocket_brand?post=122780"}],"curies":[{"name":"wp","href":"https:\/\/api.w.org\/{rel}","templated":true}]}}