{"id":122776,"date":"2025-05-18T21:42:06","date_gmt":"2025-05-18T21:42:06","guid":{"rendered":"https:\/\/staging2.stylingagenten.com\/da\/produkt\/eco-style-rosemary-mint-oil-styling-gel-236ml\/"},"modified":"2026-04-08T15:30:49","modified_gmt":"2026-04-08T15:30:49","slug":"eco-style-rosemary-mint-oil-styling-gel-236ml","status":"publish","type":"product","link":"https:\/\/stylingagenten.com\/da\/produkt\/eco-style-rosemary-mint-oil-styling-gel-236ml\/","title":{"rendered":"Eco Style Rosemary Mint Oil Styling Gel 236ml"},"content":{"rendered":"<p>Eco Style Rosemary Mint Oil Styling Gel er fyldt med naturlige bl\u00f8dg\u00f8rende midler, inklusive oliesyre, der tr\u00e6nger ind i h\u00e5rstr\u00e5et for at tilf\u00f8re bl\u00f8dhed og glans, samtidig med at den fremmer en sund hovedbund. Eco Style Rosemary Mint Oil Gel stimulerer h\u00e5rs\u00e6kkene og forbedrer blodcirkulationen i hovedbunden. Eco Style Rosemary Mint Styling Gel er alkoholfri.<\/p>\n<p>De fleste h\u00e5rgel\u00e9er holder frisurer p\u00e5 plads, men indeholder alkohol, der kan udt\u00f8rre h\u00e5ret. N\u00e5r det p\u00e5f\u00f8res h\u00e5r, der allerede er t\u00f8rt eller beskadiget p\u00e5 grund af kemisk behandling, kan h\u00e5rgel\u00e9er utilsigtet g\u00f8re h\u00e5ret endnu mere usundt. Eco Style Styling Gel giver det greb, du har brug for, for at sikre enhver stil uden at g\u00e5 p\u00e5 kompromis med h\u00e5rets sundhed.<\/p>\n<p>Denne smukt duftende stylinggel\u00e9 indeholder rosmarinolie, som stimulerer og styrker h\u00e5rs\u00e6kkene, forbedrer blodcirkulationen for at fremme v\u00e6kst, reducerer milj\u00f8m\u00e6ssige p\u00e5virkninger og har antiinflammatoriske og antimikrobielle egenskaber. Pebermynteolie forbedrer blodcirkulationen for at fremme v\u00e6kst og hj\u00e6lper din hovedbund med at f\u00f8les forynget og frisk.<\/p>\n<p>Den lette gel\u00e9 har en behagelig f\u00f8lelse, der aldrig er stiv eller klistret, og den flager ikke. P\u00e5f\u00f8r i t\u00f8rt eller v\u00e5dt h\u00e5r. Arbejd den \u00f8nskede m\u00e6ngde gennem h\u00e5ret og style.<\/p>\n<p>236ml<\/p>\n","protected":false},"excerpt":{"rendered":"<p>Eco Style Rosemary Mint Oil Styling Gel er fyldt med naturlige bl\u00f8dg\u00f8rende midler, inklusive oliesyre, der tr\u00e6nger ind i h\u00e5rstr\u00e5et for at tilf\u00f8re bl\u00f8dhed og glans, samtidig med at den fremmer en sund hovedbund. Eco Style Rosemary Mint Oil Gel stimulerer h\u00e5rs\u00e6kkene og forbedrer blodcirkulationen i hovedbunden. Eco Style Rosemary Mint Styling Gel er alkoholfri. [&hellip;]<\/p>\n","protected":false},"featured_media":122774,"comment_status":"open","ping_status":"closed","template":"","meta":{"_trash_the_other_posts":false},"product_brand":[],"product_cat":[701],"product_tag":[2854],"berocket_brand":[1992],"class_list":{"0":"post-122776","1":"product","2":"type-product","3":"status-publish","4":"has-post-thumbnail","6":"product_cat-gel","7":"product_tag-eco-style-rosemary-mint-oil-styling-gel","8":"pa_brand-eco-style","9":"pa_variant-236ml","10":"berocket_brand-eco-style","12":"first","13":"instock","14":"taxable","15":"shipping-taxable","16":"purchasable","17":"product-type-simple"},"_links":{"self":[{"href":"https:\/\/stylingagenten.com\/da\/wp-json\/wp\/v2\/product\/122776","targetHints":{"allow":["GET"]}}],"collection":[{"href":"https:\/\/stylingagenten.com\/da\/wp-json\/wp\/v2\/product"}],"about":[{"href":"https:\/\/stylingagenten.com\/da\/wp-json\/wp\/v2\/types\/product"}],"replies":[{"embeddable":true,"href":"https:\/\/stylingagenten.com\/da\/wp-json\/wp\/v2\/comments?post=122776"}],"version-history":[{"count":0,"href":"https:\/\/stylingagenten.com\/da\/wp-json\/wp\/v2\/product\/122776\/revisions"}],"wp:featuredmedia":[{"embeddable":true,"href":"https:\/\/stylingagenten.com\/da\/wp-json\/wp\/v2\/media\/122774"}],"wp:attachment":[{"href":"https:\/\/stylingagenten.com\/da\/wp-json\/wp\/v2\/media?parent=122776"}],"wp:term":[{"taxonomy":"product_brand","embeddable":true,"href":"https:\/\/stylingagenten.com\/da\/wp-json\/wp\/v2\/product_brand?post=122776"},{"taxonomy":"product_cat","embeddable":true,"href":"https:\/\/stylingagenten.com\/da\/wp-json\/wp\/v2\/product_cat?post=122776"},{"taxonomy":"product_tag","embeddable":true,"href":"https:\/\/stylingagenten.com\/da\/wp-json\/wp\/v2\/product_tag?post=122776"},{"taxonomy":"berocket_brand","embeddable":true,"href":"https:\/\/stylingagenten.com\/da\/wp-json\/wp\/v2\/berocket_brand?post=122776"}],"curies":[{"name":"wp","href":"https:\/\/api.w.org\/{rel}","templated":true}]}}