{"id":122772,"date":"2025-05-18T21:42:06","date_gmt":"2025-05-18T21:42:06","guid":{"rendered":"https:\/\/staging2.stylingagenten.com\/da\/produkt\/eco-style-coconut-styling-gel-473ml\/"},"modified":"2026-04-08T15:30:46","modified_gmt":"2026-04-08T15:30:46","slug":"eco-style-coconut-styling-gel-473ml","status":"publish","type":"product","link":"https:\/\/stylingagenten.com\/da\/produkt\/eco-style-coconut-styling-gel-473ml\/","title":{"rendered":"Eco Style Coconut Styling Gel 473ml"},"content":{"rendered":"<p>Eco Style Coconut Styling Gel hj\u00e6lper med at fugte, pleje og reparere skadet h\u00e5r. Vores h\u00e5rgel\u00e9 er lavet med 100 % ren kokosolie for at fremme en sund hovedbund, samtidig med at den tilf\u00f8rer fugt, glans og gl\u00f8d til h\u00e5ret. Denne n\u00f8gleingrediens hj\u00e6lper med at beskytte h\u00e5ret mod frie radikaler og proteintab. Den forhindrer brud og spaltede spidser, samtidig med at den underst\u00f8tter en sund hovedbund.<\/p>\n<p>Denne gel giver overlegen hold og glans, samtidig med at den tilf\u00f8rer fugt til hovedbunden. Maksimalt hold til alle h\u00e5rtyper. Giver langvarig glans og v\u00e6gtl\u00f8st hold. ECO STYLE Sort Ricinus- &amp; H\u00f8rfr\u00f8olie er fantastisk til at fugte dit h\u00e5r og er et unisex-produkt.<\/p>\n<p>Eco Style Coconut Oil Styling Gel er alkoholfri. De fleste h\u00e5rgeler holder frisuren p\u00e5 plads, men indeholder alkohol, som kan udt\u00f8rre h\u00e5ret. N\u00e5r den p\u00e5f\u00f8res h\u00e5r, der allerede er t\u00f8rt eller skadet af kemiske behandlinger, kan h\u00e5rgeler utilsigtet g\u00f8re h\u00e5ret endnu mere usundt. Eco Style Styling Gel giver det greb, du har brug for til at sikre enhver frisure uden at g\u00e5 p\u00e5 kompromis med h\u00e5rets sundhed.<\/p>\n<p>Gelen har en let f\u00f8lelse, der aldrig er stiv eller klistret, og den flager ikke. P\u00e5f\u00f8r i t\u00f8rt eller v\u00e5dt h\u00e5r. Arbejd den \u00f8nskede m\u00e6ngde gennem h\u00e5ret og style.<\/p>\n<p>473ml<\/p>\n","protected":false},"excerpt":{"rendered":"<p>Eco Style Coconut Styling Gel hj\u00e6lper med at fugte, pleje og reparere skadet h\u00e5r. Vores h\u00e5rgel\u00e9 er lavet med 100 % ren kokosolie for at fremme en sund hovedbund, samtidig med at den tilf\u00f8rer fugt, glans og gl\u00f8d til h\u00e5ret. Denne n\u00f8gleingrediens hj\u00e6lper med at beskytte h\u00e5ret mod frie radikaler og proteintab. Den forhindrer brud [&hellip;]<\/p>\n","protected":false},"featured_media":122766,"comment_status":"open","ping_status":"closed","template":"","meta":{"_trash_the_other_posts":false},"product_brand":[],"product_cat":[701],"product_tag":[2849],"berocket_brand":[1992],"class_list":{"0":"post-122772","1":"product","2":"type-product","3":"status-publish","4":"has-post-thumbnail","6":"product_cat-gel","7":"product_tag-eco-style-coconut-styling-gel","8":"pa_brand-eco-style","9":"pa_variant-473ml","10":"berocket_brand-eco-style","12":"first","13":"instock","14":"taxable","15":"shipping-taxable","16":"purchasable","17":"product-type-simple"},"_links":{"self":[{"href":"https:\/\/stylingagenten.com\/da\/wp-json\/wp\/v2\/product\/122772","targetHints":{"allow":["GET"]}}],"collection":[{"href":"https:\/\/stylingagenten.com\/da\/wp-json\/wp\/v2\/product"}],"about":[{"href":"https:\/\/stylingagenten.com\/da\/wp-json\/wp\/v2\/types\/product"}],"replies":[{"embeddable":true,"href":"https:\/\/stylingagenten.com\/da\/wp-json\/wp\/v2\/comments?post=122772"}],"version-history":[{"count":0,"href":"https:\/\/stylingagenten.com\/da\/wp-json\/wp\/v2\/product\/122772\/revisions"}],"wp:featuredmedia":[{"embeddable":true,"href":"https:\/\/stylingagenten.com\/da\/wp-json\/wp\/v2\/media\/122766"}],"wp:attachment":[{"href":"https:\/\/stylingagenten.com\/da\/wp-json\/wp\/v2\/media?parent=122772"}],"wp:term":[{"taxonomy":"product_brand","embeddable":true,"href":"https:\/\/stylingagenten.com\/da\/wp-json\/wp\/v2\/product_brand?post=122772"},{"taxonomy":"product_cat","embeddable":true,"href":"https:\/\/stylingagenten.com\/da\/wp-json\/wp\/v2\/product_cat?post=122772"},{"taxonomy":"product_tag","embeddable":true,"href":"https:\/\/stylingagenten.com\/da\/wp-json\/wp\/v2\/product_tag?post=122772"},{"taxonomy":"berocket_brand","embeddable":true,"href":"https:\/\/stylingagenten.com\/da\/wp-json\/wp\/v2\/berocket_brand?post=122772"}],"curies":[{"name":"wp","href":"https:\/\/api.w.org\/{rel}","templated":true}]}}