{"id":122770,"date":"2025-05-18T21:42:05","date_gmt":"2025-05-18T21:42:05","guid":{"rendered":"https:\/\/staging2.stylingagenten.com\/da\/produkt\/eco-style-moroccan-argan-oil-styling-gel-236ml\/"},"modified":"2026-04-08T15:31:11","modified_gmt":"2026-04-08T15:31:11","slug":"eco-style-moroccan-argan-oil-styling-gel-236ml","status":"publish","type":"product","link":"https:\/\/stylingagenten.com\/da\/produkt\/eco-style-moroccan-argan-oil-styling-gel-236ml\/","title":{"rendered":"Eco Style Moroccan Argan Oil Styling Gel 236ml"},"content":{"rendered":"<p>Eco Style Moroccan Argan Oil Styling Gel er formuleret med sj\u00e6ldne olier fra argantr\u00e6et i Marokko. Vores marokkanske arganolie er udviklet til at t\u00e6mme kruset h\u00e5r, samtidig med at den tilf\u00f8rer en str\u00e5lende glans og UV-beskyttelse. Ligesom alle vores stylinggeler er den v\u00e6gtl\u00f8s og giver et overlegent hold. Den arbejder for at lagre og forsegle h\u00e5rstr\u00e5et, s\u00e5 fugt og glans bevares i dine kr\u00f8ller.<\/p>\n<p>Eco Style Argan Oil Styling Gel er alkoholfri. De fleste h\u00e5rgel\u00e9er holder frisuren p\u00e5 plads, men indeholder alkohol, der kan udt\u00f8rre h\u00e5ret. N\u00e5r den p\u00e5f\u00f8res h\u00e5r, der allerede er t\u00f8rt eller beskadiget af kemiske behandlinger, kan h\u00e5rgel\u00e9er utilsigtet g\u00f8re h\u00e5ret endnu mere usundt. Eco Style Styling Gel giver det greb, du har brug for til at sikre enhver frisure uden at g\u00e5 p\u00e5 kompromis med h\u00e5rets sundhed.<\/p>\n<p>Gelen har en let fornemmelse, der aldrig er stiv eller klistret, og den flager ikke. P\u00e5f\u00f8r i t\u00f8rt eller v\u00e5dt h\u00e5r. Arbejd den \u00f8nskede m\u00e6ngde gennem h\u00e5ret og style.<\/p>\n<p>236ml<\/p>\n","protected":false},"excerpt":{"rendered":"<p>Eco Style Moroccan Argan Oil Styling Gel er formuleret med sj\u00e6ldne olier fra argantr\u00e6et i Marokko. Vores marokkanske arganolie er udviklet til at t\u00e6mme kruset h\u00e5r, samtidig med at den tilf\u00f8rer en str\u00e5lende glans og UV-beskyttelse. Ligesom alle vores stylinggeler er den v\u00e6gtl\u00f8s og giver et overlegent hold. Den arbejder for at lagre og forsegle [&hellip;]<\/p>\n","protected":false},"featured_media":122765,"comment_status":"open","ping_status":"closed","template":"","meta":{"_trash_the_other_posts":false},"product_brand":[],"product_cat":[701],"product_tag":[2852],"berocket_brand":[1992],"class_list":{"0":"post-122770","1":"product","2":"type-product","3":"status-publish","4":"has-post-thumbnail","6":"product_cat-gel","7":"product_tag-eco-style-moroccan-argan-oil-styling-gel","8":"pa_brand-eco-style","9":"pa_variant-236ml","10":"berocket_brand-eco-style","12":"first","13":"instock","14":"taxable","15":"shipping-taxable","16":"purchasable","17":"product-type-simple"},"_links":{"self":[{"href":"https:\/\/stylingagenten.com\/da\/wp-json\/wp\/v2\/product\/122770","targetHints":{"allow":["GET"]}}],"collection":[{"href":"https:\/\/stylingagenten.com\/da\/wp-json\/wp\/v2\/product"}],"about":[{"href":"https:\/\/stylingagenten.com\/da\/wp-json\/wp\/v2\/types\/product"}],"replies":[{"embeddable":true,"href":"https:\/\/stylingagenten.com\/da\/wp-json\/wp\/v2\/comments?post=122770"}],"version-history":[{"count":0,"href":"https:\/\/stylingagenten.com\/da\/wp-json\/wp\/v2\/product\/122770\/revisions"}],"wp:featuredmedia":[{"embeddable":true,"href":"https:\/\/stylingagenten.com\/da\/wp-json\/wp\/v2\/media\/122765"}],"wp:attachment":[{"href":"https:\/\/stylingagenten.com\/da\/wp-json\/wp\/v2\/media?parent=122770"}],"wp:term":[{"taxonomy":"product_brand","embeddable":true,"href":"https:\/\/stylingagenten.com\/da\/wp-json\/wp\/v2\/product_brand?post=122770"},{"taxonomy":"product_cat","embeddable":true,"href":"https:\/\/stylingagenten.com\/da\/wp-json\/wp\/v2\/product_cat?post=122770"},{"taxonomy":"product_tag","embeddable":true,"href":"https:\/\/stylingagenten.com\/da\/wp-json\/wp\/v2\/product_tag?post=122770"},{"taxonomy":"berocket_brand","embeddable":true,"href":"https:\/\/stylingagenten.com\/da\/wp-json\/wp\/v2\/berocket_brand?post=122770"}],"curies":[{"name":"wp","href":"https:\/\/api.w.org\/{rel}","templated":true}]}}