{"id":122768,"date":"2025-05-18T21:42:05","date_gmt":"2025-05-18T21:42:05","guid":{"rendered":"https:\/\/staging2.stylingagenten.com\/da\/produkt\/paul-mitchell-tea-tree-firm-hold-gel-150ml\/"},"modified":"2026-03-11T21:49:23","modified_gmt":"2026-03-11T21:49:23","slug":"paul-mitchell-tea-tree-firm-hold-gel-150ml","status":"publish","type":"product","link":"https:\/\/stylingagenten.com\/da\/produkt\/paul-mitchell-tea-tree-firm-hold-gel-150ml\/","title":{"rendered":"Paul Mitchell Tea Tree Firm Hold Gel 150ml"},"content":{"rendered":"<p>Skab en stil, der holder l\u00e6nge med Paul Mitchell Tea Tree Firm Hold Gel, med st\u00e6rkt hold og uden flager. Den hj\u00e6lper med at give fylde og volumen med en sund glans. Stylingingredienser sikrer, at din frisure holder formen, mens et frisk strejf af k\u00f8lig mynte, tea tree og citrus opfrisker og genopliver. Ekstra fordel: Den alsidige formel kan p\u00e5f\u00f8res i b\u00e5de v\u00e5dt og t\u00f8rt h\u00e5r.<\/p>\n<p>150 ml<\/p>\n","protected":false},"excerpt":{"rendered":"<p>Skab en stil, der holder l\u00e6nge med Paul Mitchell Tea Tree Firm Hold Gel, med st\u00e6rkt hold og uden flager. Den hj\u00e6lper med at give fylde og volumen med en sund glans. Stylingingredienser sikrer, at din frisure holder formen, mens et frisk strejf af k\u00f8lig mynte, tea tree og citrus opfrisker og genopliver. Ekstra fordel: [&hellip;]<\/p>\n","protected":false},"featured_media":445377,"comment_status":"open","ping_status":"closed","template":"","meta":{"_trash_the_other_posts":false},"product_brand":[],"product_cat":[701],"product_tag":[3794],"berocket_brand":[1053],"class_list":{"0":"post-122768","1":"product","2":"type-product","3":"status-publish","4":"has-post-thumbnail","6":"product_cat-gel","7":"product_tag-paul-mitchell-tea-tree-firm-hold-gel","8":"pa_brand-paul-mitchell","9":"pa_variant-150ml","10":"berocket_brand-paul-mitchell","12":"first","13":"outofstock","14":"sale","15":"taxable","16":"shipping-taxable","17":"purchasable","18":"product-type-simple"},"_links":{"self":[{"href":"https:\/\/stylingagenten.com\/da\/wp-json\/wp\/v2\/product\/122768","targetHints":{"allow":["GET"]}}],"collection":[{"href":"https:\/\/stylingagenten.com\/da\/wp-json\/wp\/v2\/product"}],"about":[{"href":"https:\/\/stylingagenten.com\/da\/wp-json\/wp\/v2\/types\/product"}],"replies":[{"embeddable":true,"href":"https:\/\/stylingagenten.com\/da\/wp-json\/wp\/v2\/comments?post=122768"}],"version-history":[{"count":0,"href":"https:\/\/stylingagenten.com\/da\/wp-json\/wp\/v2\/product\/122768\/revisions"}],"wp:featuredmedia":[{"embeddable":true,"href":"https:\/\/stylingagenten.com\/da\/wp-json\/wp\/v2\/media\/445377"}],"wp:attachment":[{"href":"https:\/\/stylingagenten.com\/da\/wp-json\/wp\/v2\/media?parent=122768"}],"wp:term":[{"taxonomy":"product_brand","embeddable":true,"href":"https:\/\/stylingagenten.com\/da\/wp-json\/wp\/v2\/product_brand?post=122768"},{"taxonomy":"product_cat","embeddable":true,"href":"https:\/\/stylingagenten.com\/da\/wp-json\/wp\/v2\/product_cat?post=122768"},{"taxonomy":"product_tag","embeddable":true,"href":"https:\/\/stylingagenten.com\/da\/wp-json\/wp\/v2\/product_tag?post=122768"},{"taxonomy":"berocket_brand","embeddable":true,"href":"https:\/\/stylingagenten.com\/da\/wp-json\/wp\/v2\/berocket_brand?post=122768"}],"curies":[{"name":"wp","href":"https:\/\/api.w.org\/{rel}","templated":true}]}}