{"id":122740,"date":"2025-05-18T21:41:57","date_gmt":"2025-05-18T21:41:57","guid":{"rendered":"https:\/\/staging2.stylingagenten.com\/da\/produkt\/revlon-nutri-color-740-light-copper-240ml\/"},"modified":"2026-04-07T12:48:40","modified_gmt":"2026-04-07T12:48:40","slug":"revlon-nutri-color-740-light-copper-240ml","status":"publish","type":"product","link":"https:\/\/stylingagenten.com\/da\/produkt\/revlon-nutri-color-740-light-copper-240ml\/","title":{"rendered":"Revlon Nutri Color 740 Light Copper 240ml"},"content":{"rendered":"<p>Revlon Nutri Color Creme er en revolutionerende h\u00e5rpakke med farvepigmenter, der giver nyt liv til dit farvede h\u00e5r. Det styrker din h\u00e5rfarve samtidig med, at det giver et friskt og silkebl\u00f8dt resultat. Den indeholder frugtsyrer, der fugter, bl\u00f8dg\u00f8r og g\u00f8r h\u00e5ret nemt at arbejde med uden at tynge det ned. OPM\u00c6RKSOMHED! Nutri color farver ikke farvet h\u00e5r og giver derfor ingen resultater p\u00e5; v\u00e6ksten.<\/p>\n<p>Anvendelse: Vask og h\u00e5ndkl\u00e6det\u00f8r dit h\u00e5r. Gr\u00e6skar 8-10 gange afh\u00e6ngig af; H\u00e5ret l\u00e6ngde og fordel j\u00e6vnt i h\u00e5ret med en kam eller fingrene (t\u00e6nk p\u00e5 at bruge handsker). Lad indpakningen sidde i 3 minutter og skyl derefter grundigt.<\/p>\n","protected":false},"excerpt":{"rendered":"<p>Revlon Nutri Color Creme er en revolutionerende h\u00e5rpakke med farvepigmenter, der giver nyt liv til dit farvede h\u00e5r. Det styrker din h\u00e5rfarve samtidig med, at det giver et friskt og silkebl\u00f8dt resultat. Den indeholder frugtsyrer, der fugter, bl\u00f8dg\u00f8r og g\u00f8r h\u00e5ret nemt at arbejde med uden at tynge det ned. OPM\u00c6RKSOMHED! Nutri color farver ikke [&hellip;]<\/p>\n","protected":false},"featured_media":122739,"comment_status":"open","ping_status":"closed","template":"","meta":{"_trash_the_other_posts":false},"product_brand":[],"product_cat":[602],"product_tag":[3925],"berocket_brand":[1040],"class_list":{"0":"post-122740","1":"product","2":"type-product","3":"status-publish","4":"has-post-thumbnail","6":"product_cat-farve-bombe","7":"product_tag-revlon-nutri-color-740-light-copper","8":"pa_brand-revlon","9":"pa_variant-240ml","10":"berocket_brand-revlon","12":"first","13":"outofstock","14":"sale","15":"taxable","16":"shipping-taxable","17":"purchasable","18":"product-type-simple"},"_links":{"self":[{"href":"https:\/\/stylingagenten.com\/da\/wp-json\/wp\/v2\/product\/122740","targetHints":{"allow":["GET"]}}],"collection":[{"href":"https:\/\/stylingagenten.com\/da\/wp-json\/wp\/v2\/product"}],"about":[{"href":"https:\/\/stylingagenten.com\/da\/wp-json\/wp\/v2\/types\/product"}],"replies":[{"embeddable":true,"href":"https:\/\/stylingagenten.com\/da\/wp-json\/wp\/v2\/comments?post=122740"}],"version-history":[{"count":0,"href":"https:\/\/stylingagenten.com\/da\/wp-json\/wp\/v2\/product\/122740\/revisions"}],"wp:featuredmedia":[{"embeddable":true,"href":"https:\/\/stylingagenten.com\/da\/wp-json\/wp\/v2\/media\/122739"}],"wp:attachment":[{"href":"https:\/\/stylingagenten.com\/da\/wp-json\/wp\/v2\/media?parent=122740"}],"wp:term":[{"taxonomy":"product_brand","embeddable":true,"href":"https:\/\/stylingagenten.com\/da\/wp-json\/wp\/v2\/product_brand?post=122740"},{"taxonomy":"product_cat","embeddable":true,"href":"https:\/\/stylingagenten.com\/da\/wp-json\/wp\/v2\/product_cat?post=122740"},{"taxonomy":"product_tag","embeddable":true,"href":"https:\/\/stylingagenten.com\/da\/wp-json\/wp\/v2\/product_tag?post=122740"},{"taxonomy":"berocket_brand","embeddable":true,"href":"https:\/\/stylingagenten.com\/da\/wp-json\/wp\/v2\/berocket_brand?post=122740"}],"curies":[{"name":"wp","href":"https:\/\/api.w.org\/{rel}","templated":true}]}}