{"id":122712,"date":"2025-05-18T21:41:49","date_gmt":"2025-05-18T21:41:49","guid":{"rendered":"https:\/\/staging2.stylingagenten.com\/da\/produkt\/ref-colour-boost-masque-radiant-red-200ml\/"},"modified":"2026-03-11T21:51:18","modified_gmt":"2026-03-11T21:51:18","slug":"ref-colour-boost-masque-radiant-red-200ml","status":"publish","type":"product","link":"https:\/\/stylingagenten.com\/da\/produkt\/ref-colour-boost-masque-radiant-red-200ml\/","title":{"rendered":"REF Colour Boost Masque Radiant Red 200ml"},"content":{"rendered":"<p>REF Color Boost Masque er en v\u00e6rdifuld h\u00e5rpakke med farvepigmenter for en hurtig opfriskning af h\u00e5rfarven og en v\u00e6gtl\u00f8s glans og bl\u00f8dhed. Anbefales til farvet h\u00e5r.<\/p>\n<p>+ FARVEBEVARENDE<br \/>+ STYRKENDE QUINOA PROTEIN<br \/>+ \u00d8KOLOGISK SHEASM&Ouml;R<\/p>\n<p>Anvendelse: P\u00e5f\u00f8r i nyvasket, h\u00e5ndkl\u00e6det\u00f8rt h\u00e5r. Fordel cremen ved hj\u00e6lp af en kam\/fingre. Lad virke i 3-10 minutter afh\u00e6ngig af \u00d8nsket intensitet. Skyl og afslut med balsam. For toning med st\u00e6rke farver, bland med Illuminate Color Conditioner f\u00f8r p\u00e5f\u00f8ring for at n\u00e5; \u00d8nsket intensitet i tonen.<\/p>\n<p>Gravhedsfri<br \/>100 % vegansk<\/p>\n","protected":false},"excerpt":{"rendered":"<p>REF Color Boost Masque er en v\u00e6rdifuld h\u00e5rpakke med farvepigmenter for en hurtig opfriskning af h\u00e5rfarven og en v\u00e6gtl\u00f8s glans og bl\u00f8dhed. Anbefales til farvet h\u00e5r. + FARVEBEVARENDE+ STYRKENDE QUINOA PROTEIN+ \u00d8KOLOGISK SHEASM&Ouml;R Anvendelse: P\u00e5f\u00f8r i nyvasket, h\u00e5ndkl\u00e6det\u00f8rt h\u00e5r. Fordel cremen ved hj\u00e6lp af en kam\/fingre. Lad virke i 3-10 minutter afh\u00e6ngig af \u00d8nsket intensitet. [&hellip;]<\/p>\n","protected":false},"featured_media":122711,"comment_status":"open","ping_status":"closed","template":"","meta":{"_trash_the_other_posts":false},"product_brand":[],"product_cat":[602],"product_tag":[3868],"berocket_brand":[1209],"class_list":{"0":"post-122712","1":"product","2":"type-product","3":"status-publish","4":"has-post-thumbnail","6":"product_cat-farve-bombe","7":"product_tag-ref-colour-boost-masque-200ml","8":"pa_brand-ref","9":"pa_variant-radiant-red","10":"berocket_brand-ref","12":"first","13":"instock","14":"sale","15":"taxable","16":"shipping-taxable","17":"purchasable","18":"product-type-simple"},"_links":{"self":[{"href":"https:\/\/stylingagenten.com\/da\/wp-json\/wp\/v2\/product\/122712","targetHints":{"allow":["GET"]}}],"collection":[{"href":"https:\/\/stylingagenten.com\/da\/wp-json\/wp\/v2\/product"}],"about":[{"href":"https:\/\/stylingagenten.com\/da\/wp-json\/wp\/v2\/types\/product"}],"replies":[{"embeddable":true,"href":"https:\/\/stylingagenten.com\/da\/wp-json\/wp\/v2\/comments?post=122712"}],"version-history":[{"count":0,"href":"https:\/\/stylingagenten.com\/da\/wp-json\/wp\/v2\/product\/122712\/revisions"}],"wp:featuredmedia":[{"embeddable":true,"href":"https:\/\/stylingagenten.com\/da\/wp-json\/wp\/v2\/media\/122711"}],"wp:attachment":[{"href":"https:\/\/stylingagenten.com\/da\/wp-json\/wp\/v2\/media?parent=122712"}],"wp:term":[{"taxonomy":"product_brand","embeddable":true,"href":"https:\/\/stylingagenten.com\/da\/wp-json\/wp\/v2\/product_brand?post=122712"},{"taxonomy":"product_cat","embeddable":true,"href":"https:\/\/stylingagenten.com\/da\/wp-json\/wp\/v2\/product_cat?post=122712"},{"taxonomy":"product_tag","embeddable":true,"href":"https:\/\/stylingagenten.com\/da\/wp-json\/wp\/v2\/product_tag?post=122712"},{"taxonomy":"berocket_brand","embeddable":true,"href":"https:\/\/stylingagenten.com\/da\/wp-json\/wp\/v2\/berocket_brand?post=122712"}],"curies":[{"name":"wp","href":"https:\/\/api.w.org\/{rel}","templated":true}]}}