{"id":122684,"date":"2025-05-18T21:41:41","date_gmt":"2025-05-18T21:41:41","guid":{"rendered":"https:\/\/staging2.stylingagenten.com\/da\/produkt\/milk_shake-sos-roots-black-75ml\/"},"modified":"2026-03-11T21:49:53","modified_gmt":"2026-03-11T21:49:53","slug":"milk_shake-sos-roots-black-75ml","status":"publish","type":"product","link":"https:\/\/stylingagenten.com\/da\/produkt\/milk_shake-sos-roots-black-75ml\/","title":{"rendered":"Milk_Shake SOS Roots Black 75ml"},"content":{"rendered":"<p>Milk_shake SOS Roots er det perfekte produkt, n\u00e5r det kommer til en irriterende v\u00e6kst. Med denne rodspray kan du d\u00e6kke din v\u00e6kst, lege med forskellige nuancer eller d\u00e6kke din v\u00e6kst. Derudover d\u00e6kker den endda sm&amp;aringen; de gr\u00e5 toner og t\u00f8rrer hurtigt. S&aring; det eneste du skal g\u00f8re er at p\u00e5f\u00f8re den \u00f8nskede farve, i det \u00f8nskede omr\u00e5de, og med det samme f\u00e5r du et resultat, der holder, indtil du vasker dit h\u00e5r n\u00e6ste gang ;ng.<\/p>\n<p>&#8211; G\u00f8r gr\u00e5 h\u00e5r m\u00f8rkere og udvider sig<br \/>&#8211; Giver dig mulighed for at eksperimentere med forskellige effekter og farver<br \/>&#8211; Holder til n\u00e6ste h\u00e5rde<br \/>&#8211; T\u00f8rrer hurtigt<br \/>&#8211; Giver resultater med det samme<br \/>&#8211; Meget pigmenteret<\/p>\n<p>Anvendelse:<br \/>&#8211; Ryst godt f\u00f8r brug<br \/>&#8211; Kan p\u00e5f\u00f8res direkte p\u00e5 h\u00e5ret<br \/>&#8211; Drej mundstykket ned mod hovedbunden ca. 10 cm fra h\u00e5ret og spray let<br \/>&nbsp;&#8211; P\u00e5f\u00f8r altid p\u00e5 rent, t\u00f8rt h\u00e5r<\/p>\n","protected":false},"excerpt":{"rendered":"<p>Milk_shake SOS Roots er det perfekte produkt, n\u00e5r det kommer til en irriterende v\u00e6kst. Med denne rodspray kan du d\u00e6kke din v\u00e6kst, lege med forskellige nuancer eller d\u00e6kke din v\u00e6kst. Derudover d\u00e6kker den endda sm&amp;aringen; de gr\u00e5 toner og t\u00f8rrer hurtigt. S&aring; det eneste du skal g\u00f8re er at p\u00e5f\u00f8re den \u00f8nskede farve, i det [&hellip;]<\/p>\n","protected":false},"featured_media":122682,"comment_status":"open","ping_status":"closed","template":"","meta":{"_trash_the_other_posts":false},"product_brand":[],"product_cat":[602],"product_tag":[3579],"berocket_brand":[1085],"class_list":{"0":"post-122684","1":"product","2":"type-product","3":"status-publish","4":"has-post-thumbnail","6":"product_cat-farve-bombe","7":"product_tag-milk_shake-sos-roots-75ml","8":"pa_brand-milk_shake","9":"pa_variant-black","10":"berocket_brand-milk_shake","12":"first","13":"instock","14":"sale","15":"taxable","16":"shipping-taxable","17":"purchasable","18":"product-type-simple"},"_links":{"self":[{"href":"https:\/\/stylingagenten.com\/da\/wp-json\/wp\/v2\/product\/122684","targetHints":{"allow":["GET"]}}],"collection":[{"href":"https:\/\/stylingagenten.com\/da\/wp-json\/wp\/v2\/product"}],"about":[{"href":"https:\/\/stylingagenten.com\/da\/wp-json\/wp\/v2\/types\/product"}],"replies":[{"embeddable":true,"href":"https:\/\/stylingagenten.com\/da\/wp-json\/wp\/v2\/comments?post=122684"}],"version-history":[{"count":0,"href":"https:\/\/stylingagenten.com\/da\/wp-json\/wp\/v2\/product\/122684\/revisions"}],"wp:featuredmedia":[{"embeddable":true,"href":"https:\/\/stylingagenten.com\/da\/wp-json\/wp\/v2\/media\/122682"}],"wp:attachment":[{"href":"https:\/\/stylingagenten.com\/da\/wp-json\/wp\/v2\/media?parent=122684"}],"wp:term":[{"taxonomy":"product_brand","embeddable":true,"href":"https:\/\/stylingagenten.com\/da\/wp-json\/wp\/v2\/product_brand?post=122684"},{"taxonomy":"product_cat","embeddable":true,"href":"https:\/\/stylingagenten.com\/da\/wp-json\/wp\/v2\/product_cat?post=122684"},{"taxonomy":"product_tag","embeddable":true,"href":"https:\/\/stylingagenten.com\/da\/wp-json\/wp\/v2\/product_tag?post=122684"},{"taxonomy":"berocket_brand","embeddable":true,"href":"https:\/\/stylingagenten.com\/da\/wp-json\/wp\/v2\/berocket_brand?post=122684"}],"curies":[{"name":"wp","href":"https:\/\/api.w.org\/{rel}","templated":true}]}}