{"id":122662,"date":"2025-05-18T21:41:35","date_gmt":"2025-05-18T21:41:35","guid":{"rendered":"https:\/\/staging2.stylingagenten.com\/da\/produkt\/colour-bomb-extreme-white-platinum-250ml\/"},"modified":"2026-03-11T21:44:49","modified_gmt":"2026-03-11T21:44:49","slug":"colour-bomb-extreme-white-platinum-250ml","status":"publish","type":"product","link":"https:\/\/stylingagenten.com\/da\/produkt\/colour-bomb-extreme-white-platinum-250ml\/","title":{"rendered":"Colour Bomb Extreme White Platinum 250ml"},"content":{"rendered":"<p>Color Bomb by Maverick &#8211; Extreme White Platinum <\/p>\n<p>Farvebalsam med direkte effekt, der opfrisker din h\u00e5rfarve og giver den en ny frisk glans og f\u00e5r h\u00e5ret til at f\u00f8les bl\u00f8dt og smidigt. <br \/>Farveresultatet afh\u00e6nger af din eksisterende h\u00e5rfarve og h\u00e5rets kvalitet. Til farvet h\u00e5r. <\/p>\n<p>B\u00f8r ikke bruges i hovedbunden. <br \/>Farven holder i otte til ti vaske, men falmer, mens du g\u00e5r. <br \/>Brug handsker ved p\u00e5f\u00f8ring. <br \/>Skyl af i tilf\u00e6lde af kontakt med huden. <br \/>Indeholder ikke peroxider, der bleger h\u00e5ret. <br \/>De forskellige farver kan blandes med hinanden. <br \/>Colour Bomb indeholder ingredienser, der fugter og n\u00e6rer h\u00e5ret, ligesom en normal balsam.<\/p>\n","protected":false},"excerpt":{"rendered":"<p>Color Bomb by Maverick &#8211; Extreme White Platinum Farvebalsam med direkte effekt, der opfrisker din h\u00e5rfarve og giver den en ny frisk glans og f\u00e5r h\u00e5ret til at f\u00f8les bl\u00f8dt og smidigt. Farveresultatet afh\u00e6nger af din eksisterende h\u00e5rfarve og h\u00e5rets kvalitet. Til farvet h\u00e5r. B\u00f8r ikke bruges i hovedbunden. Farven holder i otte til ti [&hellip;]<\/p>\n","protected":false},"featured_media":122661,"comment_status":"open","ping_status":"closed","template":"","meta":{"_trash_the_other_posts":false},"product_brand":[],"product_cat":[602],"product_tag":[2734],"berocket_brand":[2015],"class_list":{"0":"post-122662","1":"product","2":"type-product","3":"status-publish","4":"has-post-thumbnail","6":"product_cat-farve-bombe","7":"product_tag-colour-bomb-250ml","8":"pa_brand-color-bomb","9":"pa_variant-extreme-white-platinum","10":"berocket_brand-color-bomb","12":"first","13":"instock","14":"sale","15":"taxable","16":"shipping-taxable","17":"purchasable","18":"product-type-simple"},"_links":{"self":[{"href":"https:\/\/stylingagenten.com\/da\/wp-json\/wp\/v2\/product\/122662","targetHints":{"allow":["GET"]}}],"collection":[{"href":"https:\/\/stylingagenten.com\/da\/wp-json\/wp\/v2\/product"}],"about":[{"href":"https:\/\/stylingagenten.com\/da\/wp-json\/wp\/v2\/types\/product"}],"replies":[{"embeddable":true,"href":"https:\/\/stylingagenten.com\/da\/wp-json\/wp\/v2\/comments?post=122662"}],"version-history":[{"count":0,"href":"https:\/\/stylingagenten.com\/da\/wp-json\/wp\/v2\/product\/122662\/revisions"}],"wp:featuredmedia":[{"embeddable":true,"href":"https:\/\/stylingagenten.com\/da\/wp-json\/wp\/v2\/media\/122661"}],"wp:attachment":[{"href":"https:\/\/stylingagenten.com\/da\/wp-json\/wp\/v2\/media?parent=122662"}],"wp:term":[{"taxonomy":"product_brand","embeddable":true,"href":"https:\/\/stylingagenten.com\/da\/wp-json\/wp\/v2\/product_brand?post=122662"},{"taxonomy":"product_cat","embeddable":true,"href":"https:\/\/stylingagenten.com\/da\/wp-json\/wp\/v2\/product_cat?post=122662"},{"taxonomy":"product_tag","embeddable":true,"href":"https:\/\/stylingagenten.com\/da\/wp-json\/wp\/v2\/product_tag?post=122662"},{"taxonomy":"berocket_brand","embeddable":true,"href":"https:\/\/stylingagenten.com\/da\/wp-json\/wp\/v2\/berocket_brand?post=122662"}],"curies":[{"name":"wp","href":"https:\/\/api.w.org\/{rel}","templated":true}]}}