{"id":122638,"date":"2025-05-18T21:41:31","date_gmt":"2025-05-18T21:41:31","guid":{"rendered":"https:\/\/staging2.stylingagenten.com\/da\/produkt\/maria-nila-colour-refresh-6-00-cacao-300ml\/"},"modified":"2025-12-13T11:46:50","modified_gmt":"2025-12-13T11:46:50","slug":"maria-nila-colour-refresh-6-00-cacao-300ml","status":"publish","type":"product","link":"https:\/\/stylingagenten.com\/da\/produkt\/maria-nila-colour-refresh-6-00-cacao-300ml\/","title":{"rendered":"Maria Nila Colour Refresh 6.00 Cacao 300ml"},"content":{"rendered":"<p>En plejende indpakning med midlertidige farvepigmenter, der hurtigt frisker h\u00e5rfarven op og giver brune toner. En \u00e6gte farvebombe med arganolie, der bl\u00f8dg\u00f8r og reducerer krus for et silkebl\u00f8dt resultat. Alle farver kan blandes med White Mix for at skabe pastelfarver, eller bland forskellige farver for at skabe en unik nuance. Perfekt at bruge mellem salonbes\u00f8g eller f\u00f8r en s\u00e6rlig begivenhed.<\/p>\n<p>Funktioner og forventede resultater<br \/>&#8211; Velegnet til mellembrunt til m\u00f8rkt h\u00e5r (niveau 2-6)<br \/>&#8211; Til lysere h\u00e5r, fortynd med White Bland , ellers kan effekten v\u00e6re for intens<br \/>&#8211; M\u00e5 ikke bruges f\u00f8r nogen form for blegebehandling, da dette kan for\u00e5rsage misfarvning<br \/>&#8211; D\u00e6kker ikke gr\u00e5t h\u00e5r<\/p>\n","protected":false},"excerpt":{"rendered":"<p>En plejende indpakning med midlertidige farvepigmenter, der hurtigt frisker h\u00e5rfarven op og giver brune toner. En \u00e6gte farvebombe med arganolie, der bl\u00f8dg\u00f8r og reducerer krus for et silkebl\u00f8dt resultat. Alle farver kan blandes med White Mix for at skabe pastelfarver, eller bland forskellige farver for at skabe en unik nuance. Perfekt at bruge mellem salonbes\u00f8g [&hellip;]<\/p>\n","protected":false},"featured_media":122621,"comment_status":"open","ping_status":"closed","template":"","meta":{"_trash_the_other_posts":false},"product_brand":[],"product_cat":[602],"product_tag":[3399],"berocket_brand":[1388],"class_list":{"0":"post-122638","1":"product","2":"type-product","3":"status-publish","4":"has-post-thumbnail","6":"product_cat-farve-bombe","7":"product_tag-maria-nila-colour-refresh-6-00-cacao","8":"pa_brand-maria-nila","9":"pa_variant-300ml","10":"berocket_brand-maria-nila","12":"first","13":"outofstock","14":"taxable","15":"shipping-taxable","16":"purchasable","17":"product-type-simple"},"_links":{"self":[{"href":"https:\/\/stylingagenten.com\/da\/wp-json\/wp\/v2\/product\/122638","targetHints":{"allow":["GET"]}}],"collection":[{"href":"https:\/\/stylingagenten.com\/da\/wp-json\/wp\/v2\/product"}],"about":[{"href":"https:\/\/stylingagenten.com\/da\/wp-json\/wp\/v2\/types\/product"}],"replies":[{"embeddable":true,"href":"https:\/\/stylingagenten.com\/da\/wp-json\/wp\/v2\/comments?post=122638"}],"version-history":[{"count":0,"href":"https:\/\/stylingagenten.com\/da\/wp-json\/wp\/v2\/product\/122638\/revisions"}],"wp:featuredmedia":[{"embeddable":true,"href":"https:\/\/stylingagenten.com\/da\/wp-json\/wp\/v2\/media\/122621"}],"wp:attachment":[{"href":"https:\/\/stylingagenten.com\/da\/wp-json\/wp\/v2\/media?parent=122638"}],"wp:term":[{"taxonomy":"product_brand","embeddable":true,"href":"https:\/\/stylingagenten.com\/da\/wp-json\/wp\/v2\/product_brand?post=122638"},{"taxonomy":"product_cat","embeddable":true,"href":"https:\/\/stylingagenten.com\/da\/wp-json\/wp\/v2\/product_cat?post=122638"},{"taxonomy":"product_tag","embeddable":true,"href":"https:\/\/stylingagenten.com\/da\/wp-json\/wp\/v2\/product_tag?post=122638"},{"taxonomy":"berocket_brand","embeddable":true,"href":"https:\/\/stylingagenten.com\/da\/wp-json\/wp\/v2\/berocket_brand?post=122638"}],"curies":[{"name":"wp","href":"https:\/\/api.w.org\/{rel}","templated":true}]}}