{"id":122523,"date":"2025-05-18T21:41:07","date_gmt":"2025-05-18T21:41:07","guid":{"rendered":"https:\/\/staging2.stylingagenten.com\/da\/produkt\/paul-mitchell-clean-beauty-color-depositing-treatment-vanilla-150ml\/"},"modified":"2026-04-08T15:28:42","modified_gmt":"2026-04-08T15:28:42","slug":"paul-mitchell-clean-beauty-color-depositing-treatment-vanilla-150ml","status":"publish","type":"product","link":"https:\/\/stylingagenten.com\/da\/produkt\/paul-mitchell-clean-beauty-color-depositing-treatment-vanilla-150ml\/","title":{"rendered":"Paul Mitchell Clean Beauty Color Depositing Treatment Vanilla 150ml"},"content":{"rendered":"<p>Bevar farven mellem dine fris\u00f8rbes\u00f8g. <br \/>Clean Beauty Color Depositing Treatment Vanilje bl\u00f8dg\u00f8r og n\u00e6rer hver tr\u00e5d.<\/p>\n","protected":false},"excerpt":{"rendered":"<p>Bevar farven mellem dine fris\u00f8rbes\u00f8g. Clean Beauty Color Depositing Treatment Vanilje bl\u00f8dg\u00f8r og n\u00e6rer hver tr\u00e5d.<\/p>\n","protected":false},"featured_media":122514,"comment_status":"open","ping_status":"closed","template":"","meta":{"_trash_the_other_posts":false},"product_brand":[],"product_cat":[602],"product_tag":[3758],"berocket_brand":[1053],"class_list":{"0":"post-122523","1":"product","2":"type-product","3":"status-publish","4":"has-post-thumbnail","6":"product_cat-farve-bombe","7":"product_tag-paul-mitchell-clean-beauty-color-depositing-treatment-150ml","8":"pa_brand-paul-mitchell","9":"pa_variant-vanilla","10":"berocket_brand-paul-mitchell","12":"first","13":"outofstock","14":"sale","15":"taxable","16":"shipping-taxable","17":"purchasable","18":"product-type-simple"},"_links":{"self":[{"href":"https:\/\/stylingagenten.com\/da\/wp-json\/wp\/v2\/product\/122523","targetHints":{"allow":["GET"]}}],"collection":[{"href":"https:\/\/stylingagenten.com\/da\/wp-json\/wp\/v2\/product"}],"about":[{"href":"https:\/\/stylingagenten.com\/da\/wp-json\/wp\/v2\/types\/product"}],"replies":[{"embeddable":true,"href":"https:\/\/stylingagenten.com\/da\/wp-json\/wp\/v2\/comments?post=122523"}],"version-history":[{"count":0,"href":"https:\/\/stylingagenten.com\/da\/wp-json\/wp\/v2\/product\/122523\/revisions"}],"wp:featuredmedia":[{"embeddable":true,"href":"https:\/\/stylingagenten.com\/da\/wp-json\/wp\/v2\/media\/122514"}],"wp:attachment":[{"href":"https:\/\/stylingagenten.com\/da\/wp-json\/wp\/v2\/media?parent=122523"}],"wp:term":[{"taxonomy":"product_brand","embeddable":true,"href":"https:\/\/stylingagenten.com\/da\/wp-json\/wp\/v2\/product_brand?post=122523"},{"taxonomy":"product_cat","embeddable":true,"href":"https:\/\/stylingagenten.com\/da\/wp-json\/wp\/v2\/product_cat?post=122523"},{"taxonomy":"product_tag","embeddable":true,"href":"https:\/\/stylingagenten.com\/da\/wp-json\/wp\/v2\/product_tag?post=122523"},{"taxonomy":"berocket_brand","embeddable":true,"href":"https:\/\/stylingagenten.com\/da\/wp-json\/wp\/v2\/berocket_brand?post=122523"}],"curies":[{"name":"wp","href":"https:\/\/api.w.org\/{rel}","templated":true}]}}