{"id":122508,"date":"2025-05-18T21:41:03","date_gmt":"2025-05-18T21:41:03","guid":{"rendered":"https:\/\/staging2.stylingagenten.com\/da\/produkt\/revlon-nutri-color-821-silver-beige-100ml\/"},"modified":"2026-04-10T15:58:34","modified_gmt":"2026-04-10T15:58:34","slug":"revlon-nutri-color-821-silver-beige-100ml","status":"publish","type":"product","link":"https:\/\/stylingagenten.com\/da\/produkt\/revlon-nutri-color-821-silver-beige-100ml\/","title":{"rendered":"Revlon Nutri Color 821 Silver Beige 100ml"},"content":{"rendered":"<p>Intens farve, pleje og glans. Med vores klare farver t\u00f8r du n\u00e5 langt med den nye INSTA-PIC teknologi 3-i-1: Intens farve, pleje og glans i en unik tekstur, der \u00e5bner op for en verden af \u200b\u200bmulti-kromatiske muligheder. Det er tid til at se farve gennem en anden linse. Zoom ind p\u00e5 pleje og zoom ud p\u00e5 farve og glans. NUTRI COLOR \u2122 FILTRE N\u00e6rende, intense farver!<\/p>\n<p>Anvendelse: Fordel i shampoo- og h\u00e5ndkl\u00e6det\u00f8rt h\u00e5r. Lad virke i 3 minutter for at genopfriske farven og op til 15 minutter for en dybere toning.<\/p>\n<p>100ml<\/p>\n","protected":false},"excerpt":{"rendered":"<p>Intens farve, pleje og glans. Med vores klare farver t\u00f8r du n\u00e5 langt med den nye INSTA-PIC teknologi 3-i-1: Intens farve, pleje og glans i en unik tekstur, der \u00e5bner op for en verden af \u200b\u200bmulti-kromatiske muligheder. Det er tid til at se farve gennem en anden linse. Zoom ind p\u00e5 pleje og zoom ud [&hellip;]<\/p>\n","protected":false},"featured_media":122507,"comment_status":"open","ping_status":"closed","template":"","meta":{"_trash_the_other_posts":false},"product_brand":[],"product_cat":[602],"product_tag":[3926],"berocket_brand":[1040],"class_list":{"0":"post-122508","1":"product","2":"type-product","3":"status-publish","4":"has-post-thumbnail","6":"product_cat-farve-bombe","7":"product_tag-revlon-nutri-color-821-silver-beige","8":"pa_brand-revlon","9":"pa_variant-100ml","10":"berocket_brand-revlon","12":"first","13":"outofstock","14":"sale","15":"taxable","16":"shipping-taxable","17":"purchasable","18":"product-type-simple"},"_links":{"self":[{"href":"https:\/\/stylingagenten.com\/da\/wp-json\/wp\/v2\/product\/122508","targetHints":{"allow":["GET"]}}],"collection":[{"href":"https:\/\/stylingagenten.com\/da\/wp-json\/wp\/v2\/product"}],"about":[{"href":"https:\/\/stylingagenten.com\/da\/wp-json\/wp\/v2\/types\/product"}],"replies":[{"embeddable":true,"href":"https:\/\/stylingagenten.com\/da\/wp-json\/wp\/v2\/comments?post=122508"}],"version-history":[{"count":0,"href":"https:\/\/stylingagenten.com\/da\/wp-json\/wp\/v2\/product\/122508\/revisions"}],"wp:featuredmedia":[{"embeddable":true,"href":"https:\/\/stylingagenten.com\/da\/wp-json\/wp\/v2\/media\/122507"}],"wp:attachment":[{"href":"https:\/\/stylingagenten.com\/da\/wp-json\/wp\/v2\/media?parent=122508"}],"wp:term":[{"taxonomy":"product_brand","embeddable":true,"href":"https:\/\/stylingagenten.com\/da\/wp-json\/wp\/v2\/product_brand?post=122508"},{"taxonomy":"product_cat","embeddable":true,"href":"https:\/\/stylingagenten.com\/da\/wp-json\/wp\/v2\/product_cat?post=122508"},{"taxonomy":"product_tag","embeddable":true,"href":"https:\/\/stylingagenten.com\/da\/wp-json\/wp\/v2\/product_tag?post=122508"},{"taxonomy":"berocket_brand","embeddable":true,"href":"https:\/\/stylingagenten.com\/da\/wp-json\/wp\/v2\/berocket_brand?post=122508"}],"curies":[{"name":"wp","href":"https:\/\/api.w.org\/{rel}","templated":true}]}}