{"id":122469,"date":"2025-05-18T21:40:55","date_gmt":"2025-05-18T21:40:55","guid":{"rendered":"https:\/\/staging2.stylingagenten.com\/da\/produkt\/bare-minerals-complexion-rescue-tinted-hydrating-gel-cream-natural-05\/"},"modified":"2026-03-20T05:36:30","modified_gmt":"2026-03-20T05:36:30","slug":"bare-minerals-complexion-rescue-tinted-hydrating-gel-cream-natural-05","status":"publish","type":"product","link":"https:\/\/stylingagenten.com\/da\/produkt\/bare-minerals-complexion-rescue-tinted-hydrating-gel-cream-natural-05\/","title":{"rendered":"Bare Minerals Complexion Rescue Tinted Moisturizer SPF30 &#8211; Natural 05"},"content":{"rendered":"<p>Bare Minerals Complexion Rescue Tinted Moisturizer SPF30 er en 3-i-1 multitasker, der er en fugtighedscreme, tonet dagcreme og SPF 30 i \u00e9n, med hyaluronsyre, der \u00f8ger hydreringen for en dugfrisk og sund gl\u00f8d. Simpelthen et must-have i din makeup-pung.<br data-pasted=\"true\"><br \/>Indhold: 35 ml<\/p>\n<p><\/p>\n","protected":false},"excerpt":{"rendered":"<p>Bare Minerals Complexion Rescue Tinted Moisturizer SPF30 er en 3-i-1 multitasker, der er en fugtighedscreme, tonet dagcreme og SPF 30 i \u00e9n, med hyaluronsyre, der \u00f8ger hydreringen for en dugfrisk og sund gl\u00f8d. Simpelthen et must-have i din makeup-pung.Indhold: 35 ml<\/p>\n","protected":false},"featured_media":443500,"comment_status":"open","ping_status":"closed","template":"","meta":{"_trash_the_other_posts":false},"product_brand":[],"product_cat":[628],"product_tag":[2466],"berocket_brand":[1256],"class_list":{"0":"post-122469","1":"product","2":"type-product","3":"status-publish","4":"has-post-thumbnail","6":"product_cat-farvet-dag-kram","7":"product_tag-bare-minerals-complexion-rescue-tinted-hydrating-gel-cream","8":"pa_brand-bareminerals","9":"pa_variant-natural-05","10":"berocket_brand-bareminerals","12":"first","13":"outofstock","14":"sale","15":"taxable","16":"shipping-taxable","17":"purchasable","18":"product-type-simple"},"_links":{"self":[{"href":"https:\/\/stylingagenten.com\/da\/wp-json\/wp\/v2\/product\/122469","targetHints":{"allow":["GET"]}}],"collection":[{"href":"https:\/\/stylingagenten.com\/da\/wp-json\/wp\/v2\/product"}],"about":[{"href":"https:\/\/stylingagenten.com\/da\/wp-json\/wp\/v2\/types\/product"}],"replies":[{"embeddable":true,"href":"https:\/\/stylingagenten.com\/da\/wp-json\/wp\/v2\/comments?post=122469"}],"version-history":[{"count":0,"href":"https:\/\/stylingagenten.com\/da\/wp-json\/wp\/v2\/product\/122469\/revisions"}],"wp:featuredmedia":[{"embeddable":true,"href":"https:\/\/stylingagenten.com\/da\/wp-json\/wp\/v2\/media\/443500"}],"wp:attachment":[{"href":"https:\/\/stylingagenten.com\/da\/wp-json\/wp\/v2\/media?parent=122469"}],"wp:term":[{"taxonomy":"product_brand","embeddable":true,"href":"https:\/\/stylingagenten.com\/da\/wp-json\/wp\/v2\/product_brand?post=122469"},{"taxonomy":"product_cat","embeddable":true,"href":"https:\/\/stylingagenten.com\/da\/wp-json\/wp\/v2\/product_cat?post=122469"},{"taxonomy":"product_tag","embeddable":true,"href":"https:\/\/stylingagenten.com\/da\/wp-json\/wp\/v2\/product_tag?post=122469"},{"taxonomy":"berocket_brand","embeddable":true,"href":"https:\/\/stylingagenten.com\/da\/wp-json\/wp\/v2\/berocket_brand?post=122469"}],"curies":[{"name":"wp","href":"https:\/\/api.w.org\/{rel}","templated":true}]}}