{"id":122197,"date":"2025-05-18T21:39:31","date_gmt":"2025-05-18T21:39:31","guid":{"rendered":"https:\/\/staging2.stylingagenten.com\/da\/produkt\/max-factor-lasting-performance-101-ivory-beige\/"},"modified":"2026-04-01T07:09:47","modified_gmt":"2026-04-01T07:09:47","slug":"max-factor-lasting-performance-101-ivory-beige","status":"publish","type":"product","link":"https:\/\/stylingagenten.com\/da\/produkt\/max-factor-lasting-performance-101-ivory-beige\/","title":{"rendered":"Max Factor Lasting Performance 101 Ivory Beige"},"content":{"rendered":"<p>En foundation, der holder hele dagen, holdbar og kan r\u00f8res ved. Med et perfekt resultat, der holder i mindst 8 timer, din hud vil se og f\u00f8les friskere ud i l\u00e6ngere tid. Modst\u00e5r ber\u00f8ring og i mods\u00e6tning til andre oliebaserede foundations s\u00e5som; Det tilstopper ikke dine porer eller irriterer f\u00f8lsom hud.<\/p>\n<p>Tip! Hvis du foretr\u00e6kker flydende foundation, s\u00e5 tag f\u00e5 for vane altid at ryste flasken f\u00f8r p\u00e5f\u00f8ring. Farvepigmenter kan ellers samle sig &quot;i et hj\u00f8rne&quot; i pakken og giver en uj\u00e6vn fordeling.<\/p>\n<p>Oliefri, fuldd\u00e6kkende foundation, der holder hele dagen. Giver en halvmat overflade. Fedtabsorberende. Oparfumeret. Velegnet til alle hudtyper undtagen ekstremt t\u00f8r.<\/p>\n<p>Indhold: 35 ml.<\/p>\n","protected":false},"excerpt":{"rendered":"<p>En foundation, der holder hele dagen, holdbar og kan r\u00f8res ved. Med et perfekt resultat, der holder i mindst 8 timer, din hud vil se og f\u00f8les friskere ud i l\u00e6ngere tid. Modst\u00e5r ber\u00f8ring og i mods\u00e6tning til andre oliebaserede foundations s\u00e5som; Det tilstopper ikke dine porer eller irriterer f\u00f8lsom hud. Tip! Hvis du foretr\u00e6kker [&hellip;]<\/p>\n","protected":false},"featured_media":122189,"comment_status":"open","ping_status":"closed","template":"","meta":{"_trash_the_other_posts":false},"product_brand":[],"product_cat":[579],"product_tag":[3482],"berocket_brand":[1013],"class_list":{"0":"post-122197","1":"product","2":"type-product","3":"status-publish","4":"has-post-thumbnail","6":"product_cat-fundament","7":"product_tag-max-factor-lasting-performance","8":"pa_brand-max-factor","9":"pa_variant-101-ivory-beige","10":"berocket_brand-max-factor","12":"first","13":"instock","14":"sale","15":"taxable","16":"shipping-taxable","17":"purchasable","18":"product-type-simple"},"_links":{"self":[{"href":"https:\/\/stylingagenten.com\/da\/wp-json\/wp\/v2\/product\/122197","targetHints":{"allow":["GET"]}}],"collection":[{"href":"https:\/\/stylingagenten.com\/da\/wp-json\/wp\/v2\/product"}],"about":[{"href":"https:\/\/stylingagenten.com\/da\/wp-json\/wp\/v2\/types\/product"}],"replies":[{"embeddable":true,"href":"https:\/\/stylingagenten.com\/da\/wp-json\/wp\/v2\/comments?post=122197"}],"version-history":[{"count":0,"href":"https:\/\/stylingagenten.com\/da\/wp-json\/wp\/v2\/product\/122197\/revisions"}],"wp:featuredmedia":[{"embeddable":true,"href":"https:\/\/stylingagenten.com\/da\/wp-json\/wp\/v2\/media\/122189"}],"wp:attachment":[{"href":"https:\/\/stylingagenten.com\/da\/wp-json\/wp\/v2\/media?parent=122197"}],"wp:term":[{"taxonomy":"product_brand","embeddable":true,"href":"https:\/\/stylingagenten.com\/da\/wp-json\/wp\/v2\/product_brand?post=122197"},{"taxonomy":"product_cat","embeddable":true,"href":"https:\/\/stylingagenten.com\/da\/wp-json\/wp\/v2\/product_cat?post=122197"},{"taxonomy":"product_tag","embeddable":true,"href":"https:\/\/stylingagenten.com\/da\/wp-json\/wp\/v2\/product_tag?post=122197"},{"taxonomy":"berocket_brand","embeddable":true,"href":"https:\/\/stylingagenten.com\/da\/wp-json\/wp\/v2\/berocket_brand?post=122197"}],"curies":[{"name":"wp","href":"https:\/\/api.w.org\/{rel}","templated":true}]}}