{"id":122191,"date":"2025-05-18T21:39:30","date_gmt":"2025-05-18T21:39:30","guid":{"rendered":"https:\/\/staging2.stylingagenten.com\/da\/produkt\/max-factor-lasting-performance-105-soft-beige\/"},"modified":"2026-04-12T11:08:39","modified_gmt":"2026-04-12T11:08:39","slug":"max-factor-lasting-performance-105-soft-beige","status":"publish","type":"product","link":"https:\/\/stylingagenten.com\/da\/produkt\/max-factor-lasting-performance-105-soft-beige\/","title":{"rendered":"Max Factor Lasting Performance 105 Soft Beige"},"content":{"rendered":"<p>Foundation Max Factor Lasting Performance 105 Soft Beige forbliver hele dagen, fast og ber\u00f8ringsbestandig. Med et perfekt resultat, der holder mindst 8 timer, vil din hud se og f\u00f8les friskere ud i l\u00e6ngere tid. Modstandsdygtig over for ber\u00f8ring og i mods\u00e6tning til andre oliebaserede foundations, tilstopper den ikke dine porer eller irriterer f\u00f8lsom hud.<\/p>\n<p>Tip! Hvis du foretr\u00e6kker flydende foundation, skal du v\u00e6nne dig til altid at ryste flasken f\u00f8r p\u00e5f\u00f8ring. Farvepigmenter kan ellers samle sig &#8220;i et hj\u00f8rne&#8221; i emballagen og give en uj\u00e6vn fordeling.<\/p>\n<p>Oliefri, held\u00e6kkende foundation, der holder hele dagen. Giver en halvmat overflade. Fedtabsorberende. Oparfumeret. Velegnet til alle hudtyper undtagen ekstremt t\u00f8r.<\/p>\n<p>Indhold: 35 ml.<\/p>\n","protected":false},"excerpt":{"rendered":"<p>Foundation Max Factor Lasting Performance 105 Soft Beige forbliver hele dagen, fast og ber\u00f8ringsbestandig. Med et perfekt resultat, der holder mindst 8 timer, vil din hud se og f\u00f8les friskere ud i l\u00e6ngere tid. Modstandsdygtig over for ber\u00f8ring og i mods\u00e6tning til andre oliebaserede foundations, tilstopper den ikke dine porer eller irriterer f\u00f8lsom hud. Tip! [&hellip;]<\/p>\n","protected":false},"featured_media":122182,"comment_status":"open","ping_status":"closed","template":"","meta":{"_trash_the_other_posts":false},"product_brand":[],"product_cat":[1003,579],"product_tag":[3482],"berocket_brand":[1013],"class_list":{"0":"post-122191","1":"product","2":"type-product","3":"status-publish","4":"has-post-thumbnail","6":"product_cat-bestsellere","7":"product_cat-fundament","8":"product_tag-max-factor-lasting-performance","9":"pa_brand-max-factor","10":"pa_variant-105-soft-beige","11":"berocket_brand-max-factor","13":"first","14":"outofstock","15":"sale","16":"taxable","17":"shipping-taxable","18":"purchasable","19":"product-type-simple"},"_links":{"self":[{"href":"https:\/\/stylingagenten.com\/da\/wp-json\/wp\/v2\/product\/122191","targetHints":{"allow":["GET"]}}],"collection":[{"href":"https:\/\/stylingagenten.com\/da\/wp-json\/wp\/v2\/product"}],"about":[{"href":"https:\/\/stylingagenten.com\/da\/wp-json\/wp\/v2\/types\/product"}],"replies":[{"embeddable":true,"href":"https:\/\/stylingagenten.com\/da\/wp-json\/wp\/v2\/comments?post=122191"}],"version-history":[{"count":0,"href":"https:\/\/stylingagenten.com\/da\/wp-json\/wp\/v2\/product\/122191\/revisions"}],"wp:featuredmedia":[{"embeddable":true,"href":"https:\/\/stylingagenten.com\/da\/wp-json\/wp\/v2\/media\/122182"}],"wp:attachment":[{"href":"https:\/\/stylingagenten.com\/da\/wp-json\/wp\/v2\/media?parent=122191"}],"wp:term":[{"taxonomy":"product_brand","embeddable":true,"href":"https:\/\/stylingagenten.com\/da\/wp-json\/wp\/v2\/product_brand?post=122191"},{"taxonomy":"product_cat","embeddable":true,"href":"https:\/\/stylingagenten.com\/da\/wp-json\/wp\/v2\/product_cat?post=122191"},{"taxonomy":"product_tag","embeddable":true,"href":"https:\/\/stylingagenten.com\/da\/wp-json\/wp\/v2\/product_tag?post=122191"},{"taxonomy":"berocket_brand","embeddable":true,"href":"https:\/\/stylingagenten.com\/da\/wp-json\/wp\/v2\/berocket_brand?post=122191"}],"curies":[{"name":"wp","href":"https:\/\/api.w.org\/{rel}","templated":true}]}}