{"id":122190,"date":"2025-05-18T21:39:30","date_gmt":"2025-05-18T21:39:30","guid":{"rendered":"https:\/\/staging2.stylingagenten.com\/da\/produkt\/max-factor-miracle-touch-foundation-75-golden\/"},"modified":"2026-04-06T11:28:52","modified_gmt":"2026-04-06T11:28:52","slug":"max-factor-miracle-touch-foundation-75-golden","status":"publish","type":"product","link":"https:\/\/stylingagenten.com\/da\/produkt\/max-factor-miracle-touch-foundation-75-golden\/","title":{"rendered":"Max Factor Miracle Touch Foundation 75 Golden"},"content":{"rendered":"<p>Dette er Max Factors nyeste og mest innovative foundation, det vil fuldst\u00e6ndig \u00e6ndre den m\u00e5de, du t\u00e6nker p\u00e5, hvordan du anvender din foundation. Med en unik og letforarbejdet fast-til-flydende formel eliminerer den dit behov for den traditionelle kombination af concealer, foundation og pudder, i stedet f\u00e5r du nu en perfekt base med et enkelt produkt med en nem p\u00e5f\u00f8ring. Resultatet er en fejlfri, frisk og fantastisk bl\u00f8d hud, der gl\u00f8der med ren udstr\u00e5ling.<\/p>\n<p>Let varm bronze. Passer til dig med medium hudtone. (Gyldne undertoner).<\/p>\n<p>Indhold&aring;ll: 11,5 g.<\/p>\n","protected":false},"excerpt":{"rendered":"<p>Dette er Max Factors nyeste og mest innovative foundation, det vil fuldst\u00e6ndig \u00e6ndre den m\u00e5de, du t\u00e6nker p\u00e5, hvordan du anvender din foundation. Med en unik og letforarbejdet fast-til-flydende formel eliminerer den dit behov for den traditionelle kombination af concealer, foundation og pudder, i stedet f\u00e5r du nu en perfekt base med et enkelt produkt [&hellip;]<\/p>\n","protected":false},"featured_media":122186,"comment_status":"open","ping_status":"closed","template":"","meta":{"_trash_the_other_posts":false},"product_brand":[],"product_cat":[579,1005],"product_tag":[3488],"berocket_brand":[1013],"class_list":{"0":"post-122190","1":"product","2":"type-product","3":"status-publish","4":"has-post-thumbnail","6":"product_cat-fundament","7":"product_cat-outlet","8":"product_tag-max-factor-miracle-touch-foundation","9":"pa_brand-max-factor","10":"pa_variant-75-golden","11":"berocket_brand-max-factor","13":"first","14":"outofstock","15":"sale","16":"taxable","17":"shipping-taxable","18":"purchasable","19":"product-type-simple"},"_links":{"self":[{"href":"https:\/\/stylingagenten.com\/da\/wp-json\/wp\/v2\/product\/122190","targetHints":{"allow":["GET"]}}],"collection":[{"href":"https:\/\/stylingagenten.com\/da\/wp-json\/wp\/v2\/product"}],"about":[{"href":"https:\/\/stylingagenten.com\/da\/wp-json\/wp\/v2\/types\/product"}],"replies":[{"embeddable":true,"href":"https:\/\/stylingagenten.com\/da\/wp-json\/wp\/v2\/comments?post=122190"}],"version-history":[{"count":0,"href":"https:\/\/stylingagenten.com\/da\/wp-json\/wp\/v2\/product\/122190\/revisions"}],"wp:featuredmedia":[{"embeddable":true,"href":"https:\/\/stylingagenten.com\/da\/wp-json\/wp\/v2\/media\/122186"}],"wp:attachment":[{"href":"https:\/\/stylingagenten.com\/da\/wp-json\/wp\/v2\/media?parent=122190"}],"wp:term":[{"taxonomy":"product_brand","embeddable":true,"href":"https:\/\/stylingagenten.com\/da\/wp-json\/wp\/v2\/product_brand?post=122190"},{"taxonomy":"product_cat","embeddable":true,"href":"https:\/\/stylingagenten.com\/da\/wp-json\/wp\/v2\/product_cat?post=122190"},{"taxonomy":"product_tag","embeddable":true,"href":"https:\/\/stylingagenten.com\/da\/wp-json\/wp\/v2\/product_tag?post=122190"},{"taxonomy":"berocket_brand","embeddable":true,"href":"https:\/\/stylingagenten.com\/da\/wp-json\/wp\/v2\/berocket_brand?post=122190"}],"curies":[{"name":"wp","href":"https:\/\/api.w.org\/{rel}","templated":true}]}}