{"id":122183,"date":"2025-05-18T21:39:29","date_gmt":"2025-05-18T21:39:29","guid":{"rendered":"https:\/\/staging2.stylingagenten.com\/da\/produkt\/bare-minerals-foundation-medium-beige-8g\/"},"modified":"2026-03-30T07:30:28","modified_gmt":"2026-03-30T07:30:28","slug":"bare-minerals-foundation-medium-beige-8g","status":"publish","type":"product","link":"https:\/\/stylingagenten.com\/da\/produkt\/bare-minerals-foundation-medium-beige-8g\/","title":{"rendered":"Bare Minerals Foundation Medium Beige 8g"},"content":{"rendered":"<p>Bare Minerals Foundation Medium Beige passer til alle hudtyper, endda perfekt til personer med f\u00f8lsom, reaktiv hud eller allergi. Indeholder ikke parfume eller kemiske ingredienser. Ideel til at skjule ar, rynker eller brune pigmentpletter. 100% ren mikroniseret mineralformel med en cremefinish, der er nem at p\u00e5f\u00f8re.<\/p>\n<p>Foundationen har SPF15 og reflekterer UV-lys og fungerer som en barriere mod sol, forurening og frie radikaler samtidig med hudens fugt niveau&aring; blive bevaret. P\u00e5f\u00f8r ved hj\u00e6lp af en polerb\u00f8rste eller en kabuki-b\u00f8rste for de bedste resultater. Arbejd i et j\u00e6vnt lag ved hj\u00e6lp af penslen.<\/p>\n","protected":false},"excerpt":{"rendered":"<p>Bare Minerals Foundation Medium Beige passer til alle hudtyper, endda perfekt til personer med f\u00f8lsom, reaktiv hud eller allergi. Indeholder ikke parfume eller kemiske ingredienser. Ideel til at skjule ar, rynker eller brune pigmentpletter. 100% ren mikroniseret mineralformel med en cremefinish, der er nem at p\u00e5f\u00f8re. Foundationen har SPF15 og reflekterer UV-lys og fungerer som [&hellip;]<\/p>\n","protected":false},"featured_media":122179,"comment_status":"open","ping_status":"closed","template":"","meta":{"_trash_the_other_posts":false},"product_brand":[],"product_cat":[1003,579,718],"product_tag":[2467],"berocket_brand":[1256],"class_list":{"0":"post-122183","1":"product","2":"type-product","3":"status-publish","4":"has-post-thumbnail","6":"product_cat-bestsellere","7":"product_cat-fundament","8":"product_cat-pudder-foundation","9":"product_tag-bare-minerals-foundation-8g","10":"pa_brand-bareminerals","11":"pa_variant-medium-beige","12":"berocket_brand-bareminerals","14":"first","15":"instock","16":"sale","17":"taxable","18":"shipping-taxable","19":"purchasable","20":"product-type-simple"},"_links":{"self":[{"href":"https:\/\/stylingagenten.com\/da\/wp-json\/wp\/v2\/product\/122183","targetHints":{"allow":["GET"]}}],"collection":[{"href":"https:\/\/stylingagenten.com\/da\/wp-json\/wp\/v2\/product"}],"about":[{"href":"https:\/\/stylingagenten.com\/da\/wp-json\/wp\/v2\/types\/product"}],"replies":[{"embeddable":true,"href":"https:\/\/stylingagenten.com\/da\/wp-json\/wp\/v2\/comments?post=122183"}],"version-history":[{"count":0,"href":"https:\/\/stylingagenten.com\/da\/wp-json\/wp\/v2\/product\/122183\/revisions"}],"wp:featuredmedia":[{"embeddable":true,"href":"https:\/\/stylingagenten.com\/da\/wp-json\/wp\/v2\/media\/122179"}],"wp:attachment":[{"href":"https:\/\/stylingagenten.com\/da\/wp-json\/wp\/v2\/media?parent=122183"}],"wp:term":[{"taxonomy":"product_brand","embeddable":true,"href":"https:\/\/stylingagenten.com\/da\/wp-json\/wp\/v2\/product_brand?post=122183"},{"taxonomy":"product_cat","embeddable":true,"href":"https:\/\/stylingagenten.com\/da\/wp-json\/wp\/v2\/product_cat?post=122183"},{"taxonomy":"product_tag","embeddable":true,"href":"https:\/\/stylingagenten.com\/da\/wp-json\/wp\/v2\/product_tag?post=122183"},{"taxonomy":"berocket_brand","embeddable":true,"href":"https:\/\/stylingagenten.com\/da\/wp-json\/wp\/v2\/berocket_brand?post=122183"}],"curies":[{"name":"wp","href":"https:\/\/api.w.org\/{rel}","templated":true}]}}