{"id":122177,"date":"2025-05-18T21:39:27","date_gmt":"2025-05-18T21:39:27","guid":{"rendered":"https:\/\/staging2.stylingagenten.com\/da\/produkt\/max-factor-lasting-performance-108-honey-beige\/"},"modified":"2026-03-31T19:48:54","modified_gmt":"2026-03-31T19:48:54","slug":"max-factor-lasting-performance-108-honey-beige","status":"publish","type":"product","link":"https:\/\/stylingagenten.com\/da\/produkt\/max-factor-lasting-performance-108-honey-beige\/","title":{"rendered":"Max Factor Lasting Performance 108 Honey Beige"},"content":{"rendered":"<p>Foundation Max Factor Lasting Performance 108 Honey Beige forbliver hele dagen, holdbar og kan r\u00f8res ved. Med et perfekt resultat, der holder i mindst 8 timer, din hud vil se og f\u00f8les friskere ud i l\u00e6ngere tid. Modst\u00e5r ber\u00f8ring og i mods\u00e6tning til andre oliebaserede foundations s\u00e5som; Det tilstopper ikke dine porer eller irriterer f\u00f8lsom hud.<\/p>\n<p>Tip! Hvis du foretr\u00e6kker flydende foundation, s\u00e5 tag f\u00e5 for vane altid at ryste flasken f\u00f8r p\u00e5f\u00f8ring. Farvepigmenter kan ellers samle sig &quot;i et hj\u00f8rne&quot; i pakken og giver en uj\u00e6vn fordeling.<\/p>\n<p>Oliefri, fuldd\u00e6kkende foundation, der holder hele dagen. Giver en halvmat overflade. Fedtabsorberende. Oparfumeret. Velegnet til alle hudtyper undtagen ekstremt t\u00f8r.<\/p>\n<p>Indhold: 35 ml.<\/p>\n","protected":false},"excerpt":{"rendered":"<p>Foundation Max Factor Lasting Performance 108 Honey Beige forbliver hele dagen, holdbar og kan r\u00f8res ved. Med et perfekt resultat, der holder i mindst 8 timer, din hud vil se og f\u00f8les friskere ud i l\u00e6ngere tid. Modst\u00e5r ber\u00f8ring og i mods\u00e6tning til andre oliebaserede foundations s\u00e5som; Det tilstopper ikke dine porer eller irriterer f\u00f8lsom [&hellip;]<\/p>\n","protected":false},"featured_media":122166,"comment_status":"open","ping_status":"closed","template":"","meta":{"_trash_the_other_posts":false},"product_brand":[],"product_cat":[1003,579],"product_tag":[3482],"berocket_brand":[1013],"class_list":{"0":"post-122177","1":"product","2":"type-product","3":"status-publish","4":"has-post-thumbnail","6":"product_cat-bestsellere","7":"product_cat-fundament","8":"product_tag-max-factor-lasting-performance","9":"pa_brand-max-factor","10":"pa_variant-108-honey-beige","11":"berocket_brand-max-factor","13":"first","14":"outofstock","15":"sale","16":"taxable","17":"shipping-taxable","18":"purchasable","19":"product-type-simple"},"_links":{"self":[{"href":"https:\/\/stylingagenten.com\/da\/wp-json\/wp\/v2\/product\/122177","targetHints":{"allow":["GET"]}}],"collection":[{"href":"https:\/\/stylingagenten.com\/da\/wp-json\/wp\/v2\/product"}],"about":[{"href":"https:\/\/stylingagenten.com\/da\/wp-json\/wp\/v2\/types\/product"}],"replies":[{"embeddable":true,"href":"https:\/\/stylingagenten.com\/da\/wp-json\/wp\/v2\/comments?post=122177"}],"version-history":[{"count":0,"href":"https:\/\/stylingagenten.com\/da\/wp-json\/wp\/v2\/product\/122177\/revisions"}],"wp:featuredmedia":[{"embeddable":true,"href":"https:\/\/stylingagenten.com\/da\/wp-json\/wp\/v2\/media\/122166"}],"wp:attachment":[{"href":"https:\/\/stylingagenten.com\/da\/wp-json\/wp\/v2\/media?parent=122177"}],"wp:term":[{"taxonomy":"product_brand","embeddable":true,"href":"https:\/\/stylingagenten.com\/da\/wp-json\/wp\/v2\/product_brand?post=122177"},{"taxonomy":"product_cat","embeddable":true,"href":"https:\/\/stylingagenten.com\/da\/wp-json\/wp\/v2\/product_cat?post=122177"},{"taxonomy":"product_tag","embeddable":true,"href":"https:\/\/stylingagenten.com\/da\/wp-json\/wp\/v2\/product_tag?post=122177"},{"taxonomy":"berocket_brand","embeddable":true,"href":"https:\/\/stylingagenten.com\/da\/wp-json\/wp\/v2\/berocket_brand?post=122177"}],"curies":[{"name":"wp","href":"https:\/\/api.w.org\/{rel}","templated":true}]}}