{"id":122144,"date":"2025-05-18T21:39:21","date_gmt":"2025-05-18T21:39:21","guid":{"rendered":"https:\/\/staging2.stylingagenten.com\/da\/produkt\/maybelline-fit-me-matte-poreless-foundation-104-soft-ivory\/"},"modified":"2026-03-31T15:38:28","modified_gmt":"2026-03-31T15:38:28","slug":"maybelline-fit-me-matte-poreless-foundation-104-soft-ivory","status":"publish","type":"product","link":"https:\/\/stylingagenten.com\/da\/produkt\/maybelline-fit-me-matte-poreless-foundation-104-soft-ivory\/","title":{"rendered":"Maybelline Fit Me Matte + Poreless Foundation &#8211; 104 Soft Ivory"},"content":{"rendered":"<p>Maybelline Fit me mat &amp; Poreless Foundation giver en mat finish og reducerer synligheden af \u200b\u200bporer.<br \/>Formlen er oliefri og har en gennemsigtig primerbase, der giver en naturlig d\u00e6kning, der lader hudtonen skinne igennem.<br \/>P\u00e5f\u00f8res p\u00e5 hele ansigtet. med fingerspidserne eller ved hj\u00e6lp af en foundationb\u00f8rste eller svamp. Specielt velegnet til normal til fedtet hud.&nbsp;<\/p>\n<p>30 ml<\/p>\n","protected":false},"excerpt":{"rendered":"<p>Maybelline Fit me mat &amp; Poreless Foundation giver en mat finish og reducerer synligheden af \u200b\u200bporer.Formlen er oliefri og har en gennemsigtig primerbase, der giver en naturlig d\u00e6kning, der lader hudtonen skinne igennem.P\u00e5f\u00f8res p\u00e5 hele ansigtet. med fingerspidserne eller ved hj\u00e6lp af en foundationb\u00f8rste eller svamp. Specielt velegnet til normal til fedtet hud.&nbsp; 30 ml<\/p>\n","protected":false},"featured_media":122142,"comment_status":"open","ping_status":"closed","template":"","meta":{"_trash_the_other_posts":false},"product_brand":[],"product_cat":[579],"product_tag":[3504],"berocket_brand":[1016],"class_list":{"0":"post-122144","1":"product","2":"type-product","3":"status-publish","4":"has-post-thumbnail","6":"product_cat-fundament","7":"product_tag-maybelline-fit-me-matte-poreless-foundation","8":"pa_brand-maybelline","9":"pa_variant-104-soft-ivory","10":"berocket_brand-maybelline","12":"first","13":"instock","14":"sale","15":"taxable","16":"shipping-taxable","17":"purchasable","18":"product-type-simple"},"_links":{"self":[{"href":"https:\/\/stylingagenten.com\/da\/wp-json\/wp\/v2\/product\/122144","targetHints":{"allow":["GET"]}}],"collection":[{"href":"https:\/\/stylingagenten.com\/da\/wp-json\/wp\/v2\/product"}],"about":[{"href":"https:\/\/stylingagenten.com\/da\/wp-json\/wp\/v2\/types\/product"}],"replies":[{"embeddable":true,"href":"https:\/\/stylingagenten.com\/da\/wp-json\/wp\/v2\/comments?post=122144"}],"version-history":[{"count":0,"href":"https:\/\/stylingagenten.com\/da\/wp-json\/wp\/v2\/product\/122144\/revisions"}],"wp:featuredmedia":[{"embeddable":true,"href":"https:\/\/stylingagenten.com\/da\/wp-json\/wp\/v2\/media\/122142"}],"wp:attachment":[{"href":"https:\/\/stylingagenten.com\/da\/wp-json\/wp\/v2\/media?parent=122144"}],"wp:term":[{"taxonomy":"product_brand","embeddable":true,"href":"https:\/\/stylingagenten.com\/da\/wp-json\/wp\/v2\/product_brand?post=122144"},{"taxonomy":"product_cat","embeddable":true,"href":"https:\/\/stylingagenten.com\/da\/wp-json\/wp\/v2\/product_cat?post=122144"},{"taxonomy":"product_tag","embeddable":true,"href":"https:\/\/stylingagenten.com\/da\/wp-json\/wp\/v2\/product_tag?post=122144"},{"taxonomy":"berocket_brand","embeddable":true,"href":"https:\/\/stylingagenten.com\/da\/wp-json\/wp\/v2\/berocket_brand?post=122144"}],"curies":[{"name":"wp","href":"https:\/\/api.w.org\/{rel}","templated":true}]}}