{"id":121762,"date":"2025-05-18T21:37:53","date_gmt":"2025-05-18T21:37:53","guid":{"rendered":"https:\/\/staging2.stylingagenten.com\/da\/produkt\/wet-n-wild-photo-focus-dewy-foundation-nude-ivory\/"},"modified":"2026-03-29T16:28:43","modified_gmt":"2026-03-29T16:28:43","slug":"wet-n-wild-photo-focus-dewy-foundation-nude-ivory","status":"publish","type":"product","link":"https:\/\/stylingagenten.com\/da\/produkt\/wet-n-wild-photo-focus-dewy-foundation-nude-ivory\/","title":{"rendered":"Wet n Wild Photo Focus Dewy Foundation &#8211; Nude Ivory"},"content":{"rendered":"<p>Wet n Wild Photo Focus Dewy Foundation er en let, silkeagtig og cremet foundation, der giver medium til fuld d\u00e6kning. H\u00f8jtydende med lystilpasset pigment, der giver en perfekt hudtone i alt lys. Huden f\u00e5r en frisk gl\u00f8d og en fugtet finish. Velegnet til normal til t\u00f8r hud. Vegansk.<\/p>\n","protected":false},"excerpt":{"rendered":"<p>Wet n Wild Photo Focus Dewy Foundation er en let, silkeagtig og cremet foundation, der giver medium til fuld d\u00e6kning. H\u00f8jtydende med lystilpasset pigment, der giver en perfekt hudtone i alt lys. Huden f\u00e5r en frisk gl\u00f8d og en fugtet finish. Velegnet til normal til t\u00f8r hud. Vegansk.<\/p>\n","protected":false},"featured_media":121742,"comment_status":"open","ping_status":"closed","template":"","meta":{"_trash_the_other_posts":false},"product_brand":[],"product_cat":[579],"product_tag":[4110],"berocket_brand":[1035],"class_list":{"0":"post-121762","1":"product","2":"type-product","3":"status-publish","4":"has-post-thumbnail","6":"product_cat-fundament","7":"product_tag-wet-n-wild-photo-focus-dewy-foundation","8":"pa_brand-wet-n-wild","9":"pa_variant-nude-ivory","10":"berocket_brand-wet-n-wild","12":"first","13":"instock","14":"sale","15":"taxable","16":"shipping-taxable","17":"purchasable","18":"product-type-simple"},"_links":{"self":[{"href":"https:\/\/stylingagenten.com\/da\/wp-json\/wp\/v2\/product\/121762","targetHints":{"allow":["GET"]}}],"collection":[{"href":"https:\/\/stylingagenten.com\/da\/wp-json\/wp\/v2\/product"}],"about":[{"href":"https:\/\/stylingagenten.com\/da\/wp-json\/wp\/v2\/types\/product"}],"replies":[{"embeddable":true,"href":"https:\/\/stylingagenten.com\/da\/wp-json\/wp\/v2\/comments?post=121762"}],"version-history":[{"count":0,"href":"https:\/\/stylingagenten.com\/da\/wp-json\/wp\/v2\/product\/121762\/revisions"}],"wp:featuredmedia":[{"embeddable":true,"href":"https:\/\/stylingagenten.com\/da\/wp-json\/wp\/v2\/media\/121742"}],"wp:attachment":[{"href":"https:\/\/stylingagenten.com\/da\/wp-json\/wp\/v2\/media?parent=121762"}],"wp:term":[{"taxonomy":"product_brand","embeddable":true,"href":"https:\/\/stylingagenten.com\/da\/wp-json\/wp\/v2\/product_brand?post=121762"},{"taxonomy":"product_cat","embeddable":true,"href":"https:\/\/stylingagenten.com\/da\/wp-json\/wp\/v2\/product_cat?post=121762"},{"taxonomy":"product_tag","embeddable":true,"href":"https:\/\/stylingagenten.com\/da\/wp-json\/wp\/v2\/product_tag?post=121762"},{"taxonomy":"berocket_brand","embeddable":true,"href":"https:\/\/stylingagenten.com\/da\/wp-json\/wp\/v2\/berocket_brand?post=121762"}],"curies":[{"name":"wp","href":"https:\/\/api.w.org\/{rel}","templated":true}]}}