{"id":121724,"date":"2025-05-18T21:37:43","date_gmt":"2025-05-18T21:37:43","guid":{"rendered":"https:\/\/staging2.stylingagenten.com\/da\/produkt\/milani-screen-queen-foundation-210-golden-shell\/"},"modified":"2025-12-18T21:52:49","modified_gmt":"2025-12-18T21:52:49","slug":"milani-screen-queen-foundation-210-golden-shell","status":"publish","type":"product","link":"https:\/\/stylingagenten.com\/da\/produkt\/milani-screen-queen-foundation-210-golden-shell\/","title":{"rendered":"Milani Screen Queen Foundation &#8211; 210 Golden Shell"},"content":{"rendered":"<p>Milani Screen Queen Foundation &#8211; 210 Golden Shell &#8211; 30 ml<\/p>\n<p>Opgrader din huds digitale respons med Milanis Screen Queen Foundation. Skabt til at give dig et jeg-v\u00e5gnet-op-som-dette look med str\u00e5lende hud. Denne bygbare, let til medium d\u00e6kkende foundation blander sig problemfrit og udvisker ufuldkommenheder for en glat, lysende, naturlig finish. Lavet med Digital Bluelight Filter &trade; -teknologi, denne premium-formel hj\u00e6lper med at bek\u00e6mpe tegn p\u00e5; Sl\u00f8vhed, misfarvning og hyperpigmentering som f\u00f8lge af digitale sk\u00e6rme, for str\u00e5lende hud, uanset hvor mange timers sk\u00e6rmtid.<\/p>\n<p><\/p>\n","protected":false},"excerpt":{"rendered":"<p>Milani Screen Queen Foundation &#8211; 210 Golden Shell &#8211; 30 ml Opgrader din huds digitale respons med Milanis Screen Queen Foundation. Skabt til at give dig et jeg-v\u00e5gnet-op-som-dette look med str\u00e5lende hud. Denne bygbare, let til medium d\u00e6kkende foundation blander sig problemfrit og udvisker ufuldkommenheder for en glat, lysende, naturlig finish. Lavet med Digital Bluelight [&hellip;]<\/p>\n","protected":false},"featured_media":121723,"comment_status":"open","ping_status":"closed","template":"","meta":{"_trash_the_other_posts":false},"product_brand":[],"product_cat":[579,1005],"product_tag":[3558],"berocket_brand":[1027],"class_list":{"0":"post-121724","1":"product","2":"type-product","3":"status-publish","4":"has-post-thumbnail","6":"product_cat-fundament","7":"product_cat-outlet","8":"product_tag-milani-screen-queen-foundation","9":"pa_brand-milani","10":"pa_variant-210-golden-shell","11":"berocket_brand-milani","13":"first","14":"instock","15":"sale","16":"taxable","17":"shipping-taxable","18":"purchasable","19":"product-type-simple"},"_links":{"self":[{"href":"https:\/\/stylingagenten.com\/da\/wp-json\/wp\/v2\/product\/121724","targetHints":{"allow":["GET"]}}],"collection":[{"href":"https:\/\/stylingagenten.com\/da\/wp-json\/wp\/v2\/product"}],"about":[{"href":"https:\/\/stylingagenten.com\/da\/wp-json\/wp\/v2\/types\/product"}],"replies":[{"embeddable":true,"href":"https:\/\/stylingagenten.com\/da\/wp-json\/wp\/v2\/comments?post=121724"}],"version-history":[{"count":0,"href":"https:\/\/stylingagenten.com\/da\/wp-json\/wp\/v2\/product\/121724\/revisions"}],"wp:featuredmedia":[{"embeddable":true,"href":"https:\/\/stylingagenten.com\/da\/wp-json\/wp\/v2\/media\/121723"}],"wp:attachment":[{"href":"https:\/\/stylingagenten.com\/da\/wp-json\/wp\/v2\/media?parent=121724"}],"wp:term":[{"taxonomy":"product_brand","embeddable":true,"href":"https:\/\/stylingagenten.com\/da\/wp-json\/wp\/v2\/product_brand?post=121724"},{"taxonomy":"product_cat","embeddable":true,"href":"https:\/\/stylingagenten.com\/da\/wp-json\/wp\/v2\/product_cat?post=121724"},{"taxonomy":"product_tag","embeddable":true,"href":"https:\/\/stylingagenten.com\/da\/wp-json\/wp\/v2\/product_tag?post=121724"},{"taxonomy":"berocket_brand","embeddable":true,"href":"https:\/\/stylingagenten.com\/da\/wp-json\/wp\/v2\/berocket_brand?post=121724"}],"curies":[{"name":"wp","href":"https:\/\/api.w.org\/{rel}","templated":true}]}}