{"id":121696,"date":"2025-05-18T21:37:35","date_gmt":"2025-05-18T21:37:35","guid":{"rendered":"https:\/\/staging2.stylingagenten.com\/da\/produkt\/revlon-colorstay-makeup-combination-oily-skin-110-ivory-30ml\/"},"modified":"2026-03-30T07:30:12","modified_gmt":"2026-03-30T07:30:12","slug":"revlon-colorstay-makeup-combination-oily-skin-110-ivory-30ml","status":"publish","type":"product","link":"https:\/\/stylingagenten.com\/da\/produkt\/revlon-colorstay-makeup-combination-oily-skin-110-ivory-30ml\/","title":{"rendered":"Revlon Colorstay Makeup Combination\/Oily Skin &#8211; 110 Ivory 30"},"content":{"rendered":"<p>Revlon ColorStay Makeup &#8211; Combination\/Oily Skin Ivory&nbsp;er en foundation med langvarig d\u00e6kning, og takket v\u00e6re Time Release Technology og dens blanke formel hj\u00e6lper den med at blive ved. placeres hele dagen med et friskt resultat. Denne foundation hj\u00e6lper med at absorbere overskydende olie og reducere glans for at give din hud et fejlfrit, mat, naturligt look!<\/p>\n<p>Velegnet til kombineret\/fedtet hud.<br \/>Indeholder; ll: 30 ml<\/p>\n","protected":false},"excerpt":{"rendered":"<p>Revlon ColorStay Makeup &#8211; Combination\/Oily Skin Ivory&nbsp;er en foundation med langvarig d\u00e6kning, og takket v\u00e6re Time Release Technology og dens blanke formel hj\u00e6lper den med at blive ved. placeres hele dagen med et friskt resultat. Denne foundation hj\u00e6lper med at absorbere overskydende olie og reducere glans for at give din hud et fejlfrit, mat, naturligt [&hellip;]<\/p>\n","protected":false},"featured_media":121695,"comment_status":"open","ping_status":"closed","template":"","meta":{"_trash_the_other_posts":false},"product_brand":[],"product_cat":[579],"product_tag":[3916],"berocket_brand":[1040],"class_list":{"0":"post-121696","1":"product","2":"type-product","3":"status-publish","4":"has-post-thumbnail","6":"product_cat-fundament","7":"product_tag-revlon-colorstay-makeup-combination-oily-skin-30ml","8":"pa_brand-revlon","9":"pa_variant-110-ivory","10":"berocket_brand-revlon","12":"first","13":"instock","14":"sale","15":"taxable","16":"shipping-taxable","17":"purchasable","18":"product-type-simple"},"_links":{"self":[{"href":"https:\/\/stylingagenten.com\/da\/wp-json\/wp\/v2\/product\/121696","targetHints":{"allow":["GET"]}}],"collection":[{"href":"https:\/\/stylingagenten.com\/da\/wp-json\/wp\/v2\/product"}],"about":[{"href":"https:\/\/stylingagenten.com\/da\/wp-json\/wp\/v2\/types\/product"}],"replies":[{"embeddable":true,"href":"https:\/\/stylingagenten.com\/da\/wp-json\/wp\/v2\/comments?post=121696"}],"version-history":[{"count":0,"href":"https:\/\/stylingagenten.com\/da\/wp-json\/wp\/v2\/product\/121696\/revisions"}],"wp:featuredmedia":[{"embeddable":true,"href":"https:\/\/stylingagenten.com\/da\/wp-json\/wp\/v2\/media\/121695"}],"wp:attachment":[{"href":"https:\/\/stylingagenten.com\/da\/wp-json\/wp\/v2\/media?parent=121696"}],"wp:term":[{"taxonomy":"product_brand","embeddable":true,"href":"https:\/\/stylingagenten.com\/da\/wp-json\/wp\/v2\/product_brand?post=121696"},{"taxonomy":"product_cat","embeddable":true,"href":"https:\/\/stylingagenten.com\/da\/wp-json\/wp\/v2\/product_cat?post=121696"},{"taxonomy":"product_tag","embeddable":true,"href":"https:\/\/stylingagenten.com\/da\/wp-json\/wp\/v2\/product_tag?post=121696"},{"taxonomy":"berocket_brand","embeddable":true,"href":"https:\/\/stylingagenten.com\/da\/wp-json\/wp\/v2\/berocket_brand?post=121696"}],"curies":[{"name":"wp","href":"https:\/\/api.w.org\/{rel}","templated":true}]}}