{"id":121646,"date":"2025-05-18T21:37:19","date_gmt":"2025-05-18T21:37:19","guid":{"rendered":"https:\/\/staging2.stylingagenten.com\/da\/produkt\/bare-minerals-foundation-golden-beige-8g\/"},"modified":"2026-03-06T08:48:26","modified_gmt":"2026-03-06T08:48:26","slug":"bare-minerals-foundation-golden-beige-8g","status":"publish","type":"product","link":"https:\/\/stylingagenten.com\/da\/produkt\/bare-minerals-foundation-golden-beige-8g\/","title":{"rendered":"Bare Minerals Foundation Golden Beige 8g"},"content":{"rendered":"<p><strong>Bare Minerals Foundation Medium<\/strong> er baseret p\u00e5 bjergmineraler, der giver en fantastisk gl\u00f8d.<\/p>\n<p>Velegnet til alle hudtyper, ogs\u00e5 perfekt til personer med f\u00f8lsom, reaktiv hud eller allergi. Indeholder ikke parfume eller kemiske ingredienser. Ideel til at skjule ar, rynker eller brune pigmentpletter. 100% ren mikroniseret mineralformel med en cremefinish, der er nem at p\u00e5f\u00f8re.<\/p>\n<p>Foundationen har SPF15 og reflekterer UV-lys og fungerer som en barriere mod sol, forurening og frie radikaler samtidig med hudens fugt niveau&aring; blive bevaret. P\u00e5f\u00f8r ved hj\u00e6lp af en polerb\u00f8rste eller kabuki b\u00f8rste for de bedste resultater. Arbejd i et j\u00e6vnt lag ved hj\u00e6lp af penslen.<\/p>\n","protected":false},"excerpt":{"rendered":"<p>Bare Minerals Foundation Medium er baseret p\u00e5 bjergmineraler, der giver en fantastisk gl\u00f8d. Velegnet til alle hudtyper, ogs\u00e5 perfekt til personer med f\u00f8lsom, reaktiv hud eller allergi. Indeholder ikke parfume eller kemiske ingredienser. Ideel til at skjule ar, rynker eller brune pigmentpletter. 100% ren mikroniseret mineralformel med en cremefinish, der er nem at p\u00e5f\u00f8re. Foundationen [&hellip;]<\/p>\n","protected":false},"featured_media":121638,"comment_status":"open","ping_status":"closed","template":"","meta":{"_trash_the_other_posts":false},"product_brand":[],"product_cat":[579,718],"product_tag":[2467],"berocket_brand":[1256],"class_list":{"0":"post-121646","1":"product","2":"type-product","3":"status-publish","4":"has-post-thumbnail","6":"product_cat-fundament","7":"product_cat-pudder-foundation","8":"product_tag-bare-minerals-foundation-8g","9":"pa_brand-bareminerals","10":"pa_variant-golden-beige","11":"berocket_brand-bareminerals","13":"first","14":"instock","15":"sale","16":"taxable","17":"shipping-taxable","18":"purchasable","19":"product-type-simple"},"_links":{"self":[{"href":"https:\/\/stylingagenten.com\/da\/wp-json\/wp\/v2\/product\/121646","targetHints":{"allow":["GET"]}}],"collection":[{"href":"https:\/\/stylingagenten.com\/da\/wp-json\/wp\/v2\/product"}],"about":[{"href":"https:\/\/stylingagenten.com\/da\/wp-json\/wp\/v2\/types\/product"}],"replies":[{"embeddable":true,"href":"https:\/\/stylingagenten.com\/da\/wp-json\/wp\/v2\/comments?post=121646"}],"version-history":[{"count":0,"href":"https:\/\/stylingagenten.com\/da\/wp-json\/wp\/v2\/product\/121646\/revisions"}],"wp:featuredmedia":[{"embeddable":true,"href":"https:\/\/stylingagenten.com\/da\/wp-json\/wp\/v2\/media\/121638"}],"wp:attachment":[{"href":"https:\/\/stylingagenten.com\/da\/wp-json\/wp\/v2\/media?parent=121646"}],"wp:term":[{"taxonomy":"product_brand","embeddable":true,"href":"https:\/\/stylingagenten.com\/da\/wp-json\/wp\/v2\/product_brand?post=121646"},{"taxonomy":"product_cat","embeddable":true,"href":"https:\/\/stylingagenten.com\/da\/wp-json\/wp\/v2\/product_cat?post=121646"},{"taxonomy":"product_tag","embeddable":true,"href":"https:\/\/stylingagenten.com\/da\/wp-json\/wp\/v2\/product_tag?post=121646"},{"taxonomy":"berocket_brand","embeddable":true,"href":"https:\/\/stylingagenten.com\/da\/wp-json\/wp\/v2\/berocket_brand?post=121646"}],"curies":[{"name":"wp","href":"https:\/\/api.w.org\/{rel}","templated":true}]}}