{"id":121614,"date":"2025-05-18T21:37:11","date_gmt":"2025-05-18T21:37:11","guid":{"rendered":"https:\/\/staging2.stylingagenten.com\/da\/produkt\/loreal-true-match-foundation-n4-beige-30ml\/"},"modified":"2025-12-18T21:50:15","modified_gmt":"2025-12-18T21:50:15","slug":"loreal-true-match-foundation-n4-beige-30ml","status":"publish","type":"product","link":"https:\/\/stylingagenten.com\/da\/produkt\/loreal-true-match-foundation-n4-beige-30ml\/","title":{"rendered":"L&#8217;Oreal True Match Foundation N4 Beige 30ml"},"content":{"rendered":"<p>L&#8217;Or\u00e9al True Match Foundation giver et naturligt og d\u00e6kkende resultat, der blander sig med huden. Denne foundation passer til alle hudtyper, men is\u00e6r dem med t\u00f8r hud. Indeholder E-vitamin og glycerol, som er meget fugtgivende og g\u00f8r huden behagelig bl\u00f8d hele dagen.<\/p>\n","protected":false},"excerpt":{"rendered":"<p>L&#8217;Or\u00e9al True Match Foundation giver et naturligt og d\u00e6kkende resultat, der blander sig med huden. Denne foundation passer til alle hudtyper, men is\u00e6r dem med t\u00f8r hud. Indeholder E-vitamin og glycerol, som er meget fugtgivende og g\u00f8r huden behagelig bl\u00f8d hele dagen.<\/p>\n","protected":false},"featured_media":121613,"comment_status":"open","ping_status":"closed","template":"","meta":{"_trash_the_other_posts":false},"product_brand":[],"product_cat":[579],"product_tag":[3253],"berocket_brand":[2000],"class_list":{"0":"post-121614","1":"product","2":"type-product","3":"status-publish","4":"has-post-thumbnail","6":"product_cat-fundament","7":"product_tag-loreal-true-match-foundation-30ml","8":"pa_brand-loreal-paris-2","9":"pa_variant-n4-beige","10":"berocket_brand-loreal-paris","12":"first","13":"instock","14":"sale","15":"taxable","16":"shipping-taxable","17":"purchasable","18":"product-type-simple"},"_links":{"self":[{"href":"https:\/\/stylingagenten.com\/da\/wp-json\/wp\/v2\/product\/121614","targetHints":{"allow":["GET"]}}],"collection":[{"href":"https:\/\/stylingagenten.com\/da\/wp-json\/wp\/v2\/product"}],"about":[{"href":"https:\/\/stylingagenten.com\/da\/wp-json\/wp\/v2\/types\/product"}],"replies":[{"embeddable":true,"href":"https:\/\/stylingagenten.com\/da\/wp-json\/wp\/v2\/comments?post=121614"}],"version-history":[{"count":0,"href":"https:\/\/stylingagenten.com\/da\/wp-json\/wp\/v2\/product\/121614\/revisions"}],"wp:featuredmedia":[{"embeddable":true,"href":"https:\/\/stylingagenten.com\/da\/wp-json\/wp\/v2\/media\/121613"}],"wp:attachment":[{"href":"https:\/\/stylingagenten.com\/da\/wp-json\/wp\/v2\/media?parent=121614"}],"wp:term":[{"taxonomy":"product_brand","embeddable":true,"href":"https:\/\/stylingagenten.com\/da\/wp-json\/wp\/v2\/product_brand?post=121614"},{"taxonomy":"product_cat","embeddable":true,"href":"https:\/\/stylingagenten.com\/da\/wp-json\/wp\/v2\/product_cat?post=121614"},{"taxonomy":"product_tag","embeddable":true,"href":"https:\/\/stylingagenten.com\/da\/wp-json\/wp\/v2\/product_tag?post=121614"},{"taxonomy":"berocket_brand","embeddable":true,"href":"https:\/\/stylingagenten.com\/da\/wp-json\/wp\/v2\/berocket_brand?post=121614"}],"curies":[{"name":"wp","href":"https:\/\/api.w.org\/{rel}","templated":true}]}}