{"id":121573,"date":"2025-05-18T21:36:56","date_gmt":"2025-05-18T21:36:56","guid":{"rendered":"https:\/\/staging2.stylingagenten.com\/da\/produkt\/max-factor-facefinity-compact-foundation-02-ivory\/"},"modified":"2026-04-05T14:18:52","modified_gmt":"2026-04-05T14:18:52","slug":"max-factor-facefinity-compact-foundation-02-ivory","status":"publish","type":"product","link":"https:\/\/stylingagenten.com\/da\/produkt\/max-factor-facefinity-compact-foundation-02-ivory\/","title":{"rendered":"Max Factor Facefinity Compact Foundation 02 Ivory"},"content":{"rendered":"<p>Max Factor Facefinity Compact Foundation holder take after take. En perfekt hverdagsfoundation skal v\u00e6re nem at bruge, beskytte og fugte huden og samtidig give en langtidsholdbar og perfekt finish. Det lyder godt, men eksisterer det virkelig? Ja!<\/p>\n<p>Med Facefinity f\u00e5r du den gode d\u00e6kning af en solid foundation og de fugtgivende egenskaber og silkebl\u00f8de finish af en flydende olie- og duftfri foundation, som d\u00e6kker hele dagen!<\/p>\n<p><strong>Indhold:<\/strong> 10 ml<\/p>\n","protected":false},"excerpt":{"rendered":"<p>Max Factor Facefinity Compact Foundation holder take after take. En perfekt hverdagsfoundation skal v\u00e6re nem at bruge, beskytte og fugte huden og samtidig give en langtidsholdbar og perfekt finish. Det lyder godt, men eksisterer det virkelig? Ja! Med Facefinity f\u00e5r du den gode d\u00e6kning af en solid foundation og de fugtgivende egenskaber og silkebl\u00f8de finish [&hellip;]<\/p>\n","protected":false},"featured_media":121566,"comment_status":"open","ping_status":"closed","template":"","meta":{"_trash_the_other_posts":false},"product_brand":[],"product_cat":[579,718],"product_tag":[3477],"berocket_brand":[1013],"class_list":{"0":"post-121573","1":"product","2":"type-product","3":"status-publish","4":"has-post-thumbnail","6":"product_cat-fundament","7":"product_cat-pudder-foundation","8":"product_tag-max-factor-facefinity-compact-foundation","9":"pa_brand-max-factor","10":"pa_variant-02-ivory","11":"berocket_brand-max-factor","13":"first","14":"instock","15":"sale","16":"taxable","17":"shipping-taxable","18":"purchasable","19":"product-type-simple"},"_links":{"self":[{"href":"https:\/\/stylingagenten.com\/da\/wp-json\/wp\/v2\/product\/121573","targetHints":{"allow":["GET"]}}],"collection":[{"href":"https:\/\/stylingagenten.com\/da\/wp-json\/wp\/v2\/product"}],"about":[{"href":"https:\/\/stylingagenten.com\/da\/wp-json\/wp\/v2\/types\/product"}],"replies":[{"embeddable":true,"href":"https:\/\/stylingagenten.com\/da\/wp-json\/wp\/v2\/comments?post=121573"}],"version-history":[{"count":0,"href":"https:\/\/stylingagenten.com\/da\/wp-json\/wp\/v2\/product\/121573\/revisions"}],"wp:featuredmedia":[{"embeddable":true,"href":"https:\/\/stylingagenten.com\/da\/wp-json\/wp\/v2\/media\/121566"}],"wp:attachment":[{"href":"https:\/\/stylingagenten.com\/da\/wp-json\/wp\/v2\/media?parent=121573"}],"wp:term":[{"taxonomy":"product_brand","embeddable":true,"href":"https:\/\/stylingagenten.com\/da\/wp-json\/wp\/v2\/product_brand?post=121573"},{"taxonomy":"product_cat","embeddable":true,"href":"https:\/\/stylingagenten.com\/da\/wp-json\/wp\/v2\/product_cat?post=121573"},{"taxonomy":"product_tag","embeddable":true,"href":"https:\/\/stylingagenten.com\/da\/wp-json\/wp\/v2\/product_tag?post=121573"},{"taxonomy":"berocket_brand","embeddable":true,"href":"https:\/\/stylingagenten.com\/da\/wp-json\/wp\/v2\/berocket_brand?post=121573"}],"curies":[{"name":"wp","href":"https:\/\/api.w.org\/{rel}","templated":true}]}}