{"id":121545,"date":"2025-05-18T21:36:48","date_gmt":"2025-05-18T21:36:48","guid":{"rendered":"https:\/\/staging2.stylingagenten.com\/da\/produkt\/max-factor-facefinity-3-in-1-foundation-55-beige\/"},"modified":"2026-04-01T13:56:38","modified_gmt":"2026-04-01T13:56:38","slug":"max-factor-facefinity-3-in-1-foundation-55-beige","status":"publish","type":"product","link":"https:\/\/stylingagenten.com\/da\/produkt\/max-factor-facefinity-3-in-1-foundation-55-beige\/","title":{"rendered":"Max Factor Facefinity 3 In 1 Foundation 55 Beige"},"content":{"rendered":"<p>Max Factor Facefinity 3 In 1 Foundation er en tre i \u00e9n foundation, der giver dig primer, concealer og foundation i \u00e9t og samme produkt! Du f\u00e5r hurtigt og nemt en god foundation, en perfekt d\u00e6kning og en glat og mat finish, der holder hele dagen.<\/p>\n<p>Primerfunktionen er baseret p\u00e5; en patenteret Flexihold teknologi, der g\u00f8r huden elastisk og giver en let eksfolierende effekt, s\u00e5 bronzer, blush eller highlighter vil give en glat og glat finish. Max Factor Facefinity 3 In 1 Foundation fremtryller m\u00f8rke rande og giver en naturlig mat finish, samtidig med at den giver let SPF 20-beskyttelse.<\/p>\n<p><strong>Indhold:<\/strong> 30 ml<\/p>\n","protected":false},"excerpt":{"rendered":"<p>Max Factor Facefinity 3 In 1 Foundation er en tre i \u00e9n foundation, der giver dig primer, concealer og foundation i \u00e9t og samme produkt! Du f\u00e5r hurtigt og nemt en god foundation, en perfekt d\u00e6kning og en glat og mat finish, der holder hele dagen. Primerfunktionen er baseret p\u00e5; en patenteret Flexihold teknologi, der [&hellip;]<\/p>\n","protected":false},"featured_media":121540,"comment_status":"open","ping_status":"closed","template":"","meta":{"_trash_the_other_posts":false},"product_brand":[],"product_cat":[579],"product_tag":[3475],"berocket_brand":[1013],"class_list":{"0":"post-121545","1":"product","2":"type-product","3":"status-publish","4":"has-post-thumbnail","6":"product_cat-fundament","7":"product_tag-max-factor-facefinity-3-in-1-foundation","8":"pa_brand-max-factor","9":"pa_variant-55-beige","10":"berocket_brand-max-factor","12":"first","13":"instock","14":"sale","15":"taxable","16":"shipping-taxable","17":"purchasable","18":"product-type-simple"},"_links":{"self":[{"href":"https:\/\/stylingagenten.com\/da\/wp-json\/wp\/v2\/product\/121545","targetHints":{"allow":["GET"]}}],"collection":[{"href":"https:\/\/stylingagenten.com\/da\/wp-json\/wp\/v2\/product"}],"about":[{"href":"https:\/\/stylingagenten.com\/da\/wp-json\/wp\/v2\/types\/product"}],"replies":[{"embeddable":true,"href":"https:\/\/stylingagenten.com\/da\/wp-json\/wp\/v2\/comments?post=121545"}],"version-history":[{"count":0,"href":"https:\/\/stylingagenten.com\/da\/wp-json\/wp\/v2\/product\/121545\/revisions"}],"wp:featuredmedia":[{"embeddable":true,"href":"https:\/\/stylingagenten.com\/da\/wp-json\/wp\/v2\/media\/121540"}],"wp:attachment":[{"href":"https:\/\/stylingagenten.com\/da\/wp-json\/wp\/v2\/media?parent=121545"}],"wp:term":[{"taxonomy":"product_brand","embeddable":true,"href":"https:\/\/stylingagenten.com\/da\/wp-json\/wp\/v2\/product_brand?post=121545"},{"taxonomy":"product_cat","embeddable":true,"href":"https:\/\/stylingagenten.com\/da\/wp-json\/wp\/v2\/product_cat?post=121545"},{"taxonomy":"product_tag","embeddable":true,"href":"https:\/\/stylingagenten.com\/da\/wp-json\/wp\/v2\/product_tag?post=121545"},{"taxonomy":"berocket_brand","embeddable":true,"href":"https:\/\/stylingagenten.com\/da\/wp-json\/wp\/v2\/berocket_brand?post=121545"}],"curies":[{"name":"wp","href":"https:\/\/api.w.org\/{rel}","templated":true}]}}