{"id":121431,"date":"2025-05-18T21:36:20","date_gmt":"2025-05-18T21:36:20","guid":{"rendered":"https:\/\/staging2.stylingagenten.com\/da\/produkt\/kokie-pressed-powder-foundation-10c\/"},"modified":"2025-12-18T21:49:57","modified_gmt":"2025-12-18T21:49:57","slug":"kokie-pressed-powder-foundation-10c","status":"publish","type":"product","link":"https:\/\/stylingagenten.com\/da\/produkt\/kokie-pressed-powder-foundation-10c\/","title":{"rendered":"Kokie Pressed Powder Foundation &#8211; 10C"},"content":{"rendered":"<p>Opk\u00f8b; en str\u00e5lende, l\u00e6kker hud med denne bl\u00f8de og matte pudderfoundation fra Kokie Cosmetics.<\/p>\n<p>Denne lette pudderfoundation giver en silkebl\u00f8d finish, der kan bygges fra medium til fuld d\u00e6kning. En udj\u00e6vnende effekt reducerer synligheden af \u200b\u200bfine linjer. Perfekt og fleksibel etui til touch-ups hele dagen. F\u00e5s i flere nuancer med forskellige undertoner.<\/p>\n<p>-Silkeagtig tekstur<\/p>\n<p>-Bl\u00f8d mat finish<\/p>\n<p>-Udj\u00e6vnende effekt<\/p>\n","protected":false},"excerpt":{"rendered":"<p>Opk\u00f8b; en str\u00e5lende, l\u00e6kker hud med denne bl\u00f8de og matte pudderfoundation fra Kokie Cosmetics. Denne lette pudderfoundation giver en silkebl\u00f8d finish, der kan bygges fra medium til fuld d\u00e6kning. En udj\u00e6vnende effekt reducerer synligheden af \u200b\u200bfine linjer. Perfekt og fleksibel etui til touch-ups hele dagen. F\u00e5s i flere nuancer med forskellige undertoner. -Silkeagtig tekstur -Bl\u00f8d [&hellip;]<\/p>\n","protected":false},"featured_media":121430,"comment_status":"open","ping_status":"closed","template":"","meta":{"_trash_the_other_posts":false},"product_brand":[],"product_cat":[579,718],"product_tag":[3161],"berocket_brand":[1198],"class_list":{"0":"post-121431","1":"product","2":"type-product","3":"status-publish","4":"has-post-thumbnail","6":"product_cat-fundament","7":"product_cat-pudder-foundation","8":"product_tag-kokie-pressed-powder-foundation","9":"pa_brand-kokie-cosmetics","10":"pa_variant-10c","11":"berocket_brand-kokie-cosmetics","13":"first","14":"instock","15":"sale","16":"taxable","17":"shipping-taxable","18":"purchasable","19":"product-type-simple"},"_links":{"self":[{"href":"https:\/\/stylingagenten.com\/da\/wp-json\/wp\/v2\/product\/121431","targetHints":{"allow":["GET"]}}],"collection":[{"href":"https:\/\/stylingagenten.com\/da\/wp-json\/wp\/v2\/product"}],"about":[{"href":"https:\/\/stylingagenten.com\/da\/wp-json\/wp\/v2\/types\/product"}],"replies":[{"embeddable":true,"href":"https:\/\/stylingagenten.com\/da\/wp-json\/wp\/v2\/comments?post=121431"}],"version-history":[{"count":0,"href":"https:\/\/stylingagenten.com\/da\/wp-json\/wp\/v2\/product\/121431\/revisions"}],"wp:featuredmedia":[{"embeddable":true,"href":"https:\/\/stylingagenten.com\/da\/wp-json\/wp\/v2\/media\/121430"}],"wp:attachment":[{"href":"https:\/\/stylingagenten.com\/da\/wp-json\/wp\/v2\/media?parent=121431"}],"wp:term":[{"taxonomy":"product_brand","embeddable":true,"href":"https:\/\/stylingagenten.com\/da\/wp-json\/wp\/v2\/product_brand?post=121431"},{"taxonomy":"product_cat","embeddable":true,"href":"https:\/\/stylingagenten.com\/da\/wp-json\/wp\/v2\/product_cat?post=121431"},{"taxonomy":"product_tag","embeddable":true,"href":"https:\/\/stylingagenten.com\/da\/wp-json\/wp\/v2\/product_tag?post=121431"},{"taxonomy":"berocket_brand","embeddable":true,"href":"https:\/\/stylingagenten.com\/da\/wp-json\/wp\/v2\/berocket_brand?post=121431"}],"curies":[{"name":"wp","href":"https:\/\/api.w.org\/{rel}","templated":true}]}}