{"id":121334,"date":"2025-05-18T21:35:59","date_gmt":"2025-05-18T21:35:59","guid":{"rendered":"https:\/\/staging2.stylingagenten.com\/da\/produkt\/maybelline-fit-me-matte-poreless-foundation-100-warm-ivory\/"},"modified":"2026-03-31T15:38:55","modified_gmt":"2026-03-31T15:38:55","slug":"maybelline-fit-me-matte-poreless-foundation-100-warm-ivory","status":"publish","type":"product","link":"https:\/\/stylingagenten.com\/da\/produkt\/maybelline-fit-me-matte-poreless-foundation-100-warm-ivory\/","title":{"rendered":"Maybelline Fit Me Matte + Poreless Foundation &#8211; 100 Warm Ivory"},"content":{"rendered":"<p>Maybelline Fit me Matte &amp; Poreless Foundation giver en mat finish og reducerer forekomsten af \u200b\u200bporer.<br \/>Formlen er oliefri og har en gennemsigtig primerbase, der giver naturlig d\u00e6kning, der lader hudtonen skinne igennem.<br \/>P\u00e5f\u00f8r j\u00e6vnt over hele ansigtet med fingerspidserne eller med en foundationb\u00f8rste eller svamp. Specielt velegnet til normal til fedtet hud. 30 ml<\/p>\n","protected":false},"excerpt":{"rendered":"<p>Maybelline Fit me Matte &amp; Poreless Foundation giver en mat finish og reducerer forekomsten af \u200b\u200bporer.Formlen er oliefri og har en gennemsigtig primerbase, der giver naturlig d\u00e6kning, der lader hudtonen skinne igennem.P\u00e5f\u00f8r j\u00e6vnt over hele ansigtet med fingerspidserne eller med en foundationb\u00f8rste eller svamp. Specielt velegnet til normal til fedtet hud. 30 ml<\/p>\n","protected":false},"featured_media":121324,"comment_status":"open","ping_status":"closed","template":"","meta":{"_trash_the_other_posts":false},"product_brand":[],"product_cat":[579],"product_tag":[3504],"berocket_brand":[1016],"class_list":{"0":"post-121334","1":"product","2":"type-product","3":"status-publish","4":"has-post-thumbnail","6":"product_cat-fundament","7":"product_tag-maybelline-fit-me-matte-poreless-foundation","8":"pa_brand-maybelline","9":"pa_variant-100-warm-ivory","10":"berocket_brand-maybelline","12":"first","13":"outofstock","14":"sale","15":"taxable","16":"shipping-taxable","17":"purchasable","18":"product-type-simple"},"_links":{"self":[{"href":"https:\/\/stylingagenten.com\/da\/wp-json\/wp\/v2\/product\/121334","targetHints":{"allow":["GET"]}}],"collection":[{"href":"https:\/\/stylingagenten.com\/da\/wp-json\/wp\/v2\/product"}],"about":[{"href":"https:\/\/stylingagenten.com\/da\/wp-json\/wp\/v2\/types\/product"}],"replies":[{"embeddable":true,"href":"https:\/\/stylingagenten.com\/da\/wp-json\/wp\/v2\/comments?post=121334"}],"version-history":[{"count":0,"href":"https:\/\/stylingagenten.com\/da\/wp-json\/wp\/v2\/product\/121334\/revisions"}],"wp:featuredmedia":[{"embeddable":true,"href":"https:\/\/stylingagenten.com\/da\/wp-json\/wp\/v2\/media\/121324"}],"wp:attachment":[{"href":"https:\/\/stylingagenten.com\/da\/wp-json\/wp\/v2\/media?parent=121334"}],"wp:term":[{"taxonomy":"product_brand","embeddable":true,"href":"https:\/\/stylingagenten.com\/da\/wp-json\/wp\/v2\/product_brand?post=121334"},{"taxonomy":"product_cat","embeddable":true,"href":"https:\/\/stylingagenten.com\/da\/wp-json\/wp\/v2\/product_cat?post=121334"},{"taxonomy":"product_tag","embeddable":true,"href":"https:\/\/stylingagenten.com\/da\/wp-json\/wp\/v2\/product_tag?post=121334"},{"taxonomy":"berocket_brand","embeddable":true,"href":"https:\/\/stylingagenten.com\/da\/wp-json\/wp\/v2\/berocket_brand?post=121334"}],"curies":[{"name":"wp","href":"https:\/\/api.w.org\/{rel}","templated":true}]}}