{"id":121259,"date":"2025-05-18T21:35:46","date_gmt":"2025-05-18T21:35:46","guid":{"rendered":"https:\/\/staging2.stylingagenten.com\/da\/produkt\/shiseido-synchro-skin-self-refreshing-custom-finish-powder-foundation-110-alabaster-9g\/"},"modified":"2025-12-21T19:57:41","modified_gmt":"2025-12-21T19:57:41","slug":"shiseido-synchro-skin-self-refreshing-custom-finish-powder-foundation-110-alabaster-9g","status":"publish","type":"product","link":"https:\/\/stylingagenten.com\/da\/produkt\/shiseido-synchro-skin-self-refreshing-custom-finish-powder-foundation-110-alabaster-9g\/","title":{"rendered":"Shiseido Synchro Skin Self Refreshing Custom Finish Powder Foundation &#8211; 110 Alabaster 9g"},"content":{"rendered":"<p>Synchro Skin Self-Refreshing Custom Finish Powder Foundation er en cremet pudderfoundation, som du kan p\u00e5f\u00f8re v\u00e5d eller t\u00f8r for en tilpasset, naturlig finish, der holder i op til 24 timer. Ved at bruge ActiveForce TM-teknologi synkroniserer denne foundation med din hud og hj\u00e6lper den med at modst\u00e5 varme, fugt og bev\u00e6gelse. Synchro Skin Self-Refreshing Custom Finish Powder fugter huden hele dagen, er v\u00e6gtl\u00f8s og giver en naturlig finish. Velegnet til alle hudtyper.<\/p>\n","protected":false},"excerpt":{"rendered":"<p>Synchro Skin Self-Refreshing Custom Finish Powder Foundation er en cremet pudderfoundation, som du kan p\u00e5f\u00f8re v\u00e5d eller t\u00f8r for en tilpasset, naturlig finish, der holder i op til 24 timer. Ved at bruge ActiveForce TM-teknologi synkroniserer denne foundation med din hud og hj\u00e6lper den med at modst\u00e5 varme, fugt og bev\u00e6gelse. Synchro Skin Self-Refreshing Custom [&hellip;]<\/p>\n","protected":false},"featured_media":121251,"comment_status":"open","ping_status":"closed","template":"","meta":{"_trash_the_other_posts":false},"product_brand":[],"product_cat":[1005,718],"product_tag":[3996],"berocket_brand":[1193],"class_list":{"0":"post-121259","1":"product","2":"type-product","3":"status-publish","4":"has-post-thumbnail","6":"product_cat-outlet","7":"product_cat-pudder-foundation","8":"product_tag-shiseido-synchro-skin-self-refreshing-custom-finish-powder-foundation-9g","9":"pa_brand-shiseido","10":"pa_variant-110-alabaster","11":"berocket_brand-shiseido","13":"first","14":"instock","15":"sale","16":"taxable","17":"shipping-taxable","18":"purchasable","19":"product-type-simple"},"_links":{"self":[{"href":"https:\/\/stylingagenten.com\/da\/wp-json\/wp\/v2\/product\/121259","targetHints":{"allow":["GET"]}}],"collection":[{"href":"https:\/\/stylingagenten.com\/da\/wp-json\/wp\/v2\/product"}],"about":[{"href":"https:\/\/stylingagenten.com\/da\/wp-json\/wp\/v2\/types\/product"}],"replies":[{"embeddable":true,"href":"https:\/\/stylingagenten.com\/da\/wp-json\/wp\/v2\/comments?post=121259"}],"version-history":[{"count":0,"href":"https:\/\/stylingagenten.com\/da\/wp-json\/wp\/v2\/product\/121259\/revisions"}],"wp:featuredmedia":[{"embeddable":true,"href":"https:\/\/stylingagenten.com\/da\/wp-json\/wp\/v2\/media\/121251"}],"wp:attachment":[{"href":"https:\/\/stylingagenten.com\/da\/wp-json\/wp\/v2\/media?parent=121259"}],"wp:term":[{"taxonomy":"product_brand","embeddable":true,"href":"https:\/\/stylingagenten.com\/da\/wp-json\/wp\/v2\/product_brand?post=121259"},{"taxonomy":"product_cat","embeddable":true,"href":"https:\/\/stylingagenten.com\/da\/wp-json\/wp\/v2\/product_cat?post=121259"},{"taxonomy":"product_tag","embeddable":true,"href":"https:\/\/stylingagenten.com\/da\/wp-json\/wp\/v2\/product_tag?post=121259"},{"taxonomy":"berocket_brand","embeddable":true,"href":"https:\/\/stylingagenten.com\/da\/wp-json\/wp\/v2\/berocket_brand?post=121259"}],"curies":[{"name":"wp","href":"https:\/\/api.w.org\/{rel}","templated":true}]}}