{"id":121149,"date":"2025-05-18T21:35:21","date_gmt":"2025-05-18T21:35:21","guid":{"rendered":"https:\/\/staging2.stylingagenten.com\/da\/produkt\/shiseido-synchro-skin-self-refreshing-foundation-220-30ml\/"},"modified":"2026-01-11T20:16:30","modified_gmt":"2026-01-11T20:16:30","slug":"shiseido-synchro-skin-self-refreshing-foundation-220-30ml","status":"publish","type":"product","link":"https:\/\/stylingagenten.com\/da\/produkt\/shiseido-synchro-skin-self-refreshing-foundation-220-30ml\/","title":{"rendered":"Shiseido Synchro Skin Self Refreshing Foundation 220 30ml"},"content":{"rendered":"<p>Synchro Skin Self-Refreshing Foundation er en medium d\u00e6kkende, opbyggelig foundation, der lytter og tilpasser sig din hud, s\u00e5 du f\u00e5r den samme friske og naturlige finish morgen til aften. Med sin ActiveForce-teknologi synkroniserer den med huden og hj\u00e6lper den med at modst\u00e5 varme, fugt og bev\u00e6gelse hele dagen. Indeholder ogs\u00e5 antioxidanter og fugtighedscreme, der beskytter din hud og giver en naturlig gl\u00f8d, samtidig med at den holder huden glansfri. Tillader din hud at \u00e5nde, er vandt\u00e6t og giver en fejlfri smuk hud!<br \/>&#8211; Leverer en perfekt finish<br \/>&#8211; Holder 24 timer<br \/>&#8211; SPF 30<\/p>\n","protected":false},"excerpt":{"rendered":"<p>Synchro Skin Self-Refreshing Foundation er en medium d\u00e6kkende, opbyggelig foundation, der lytter og tilpasser sig din hud, s\u00e5 du f\u00e5r den samme friske og naturlige finish morgen til aften. Med sin ActiveForce-teknologi synkroniserer den med huden og hj\u00e6lper den med at modst\u00e5 varme, fugt og bev\u00e6gelse hele dagen. Indeholder ogs\u00e5 antioxidanter og fugtighedscreme, der beskytter [&hellip;]<\/p>\n","protected":false},"featured_media":121140,"comment_status":"open","ping_status":"closed","template":"","meta":{"_trash_the_other_posts":false},"product_brand":[],"product_cat":[579,1005],"product_tag":[3997],"berocket_brand":[1193],"class_list":{"0":"post-121149","1":"product","2":"type-product","3":"status-publish","4":"has-post-thumbnail","6":"product_cat-fundament","7":"product_cat-outlet","8":"product_tag-shiseido-synchro-skin-self-refreshing-foundation-30ml","9":"pa_brand-shiseido","10":"pa_variant-4769","11":"berocket_brand-shiseido","13":"first","14":"instock","15":"sale","16":"taxable","17":"shipping-taxable","18":"purchasable","19":"product-type-simple"},"_links":{"self":[{"href":"https:\/\/stylingagenten.com\/da\/wp-json\/wp\/v2\/product\/121149","targetHints":{"allow":["GET"]}}],"collection":[{"href":"https:\/\/stylingagenten.com\/da\/wp-json\/wp\/v2\/product"}],"about":[{"href":"https:\/\/stylingagenten.com\/da\/wp-json\/wp\/v2\/types\/product"}],"replies":[{"embeddable":true,"href":"https:\/\/stylingagenten.com\/da\/wp-json\/wp\/v2\/comments?post=121149"}],"version-history":[{"count":0,"href":"https:\/\/stylingagenten.com\/da\/wp-json\/wp\/v2\/product\/121149\/revisions"}],"wp:featuredmedia":[{"embeddable":true,"href":"https:\/\/stylingagenten.com\/da\/wp-json\/wp\/v2\/media\/121140"}],"wp:attachment":[{"href":"https:\/\/stylingagenten.com\/da\/wp-json\/wp\/v2\/media?parent=121149"}],"wp:term":[{"taxonomy":"product_brand","embeddable":true,"href":"https:\/\/stylingagenten.com\/da\/wp-json\/wp\/v2\/product_brand?post=121149"},{"taxonomy":"product_cat","embeddable":true,"href":"https:\/\/stylingagenten.com\/da\/wp-json\/wp\/v2\/product_cat?post=121149"},{"taxonomy":"product_tag","embeddable":true,"href":"https:\/\/stylingagenten.com\/da\/wp-json\/wp\/v2\/product_tag?post=121149"},{"taxonomy":"berocket_brand","embeddable":true,"href":"https:\/\/stylingagenten.com\/da\/wp-json\/wp\/v2\/berocket_brand?post=121149"}],"curies":[{"name":"wp","href":"https:\/\/api.w.org\/{rel}","templated":true}]}}