{"id":121126,"date":"2025-05-18T21:35:16","date_gmt":"2025-05-18T21:35:16","guid":{"rendered":"https:\/\/staging2.stylingagenten.com\/da\/produkt\/max-factor-miracle-pure-skin-improving-foundation-35-pearl-beige-30ml\/"},"modified":"2026-03-26T07:59:28","modified_gmt":"2026-03-26T07:59:28","slug":"max-factor-miracle-pure-skin-improving-foundation-35-pearl-beige-30ml","status":"publish","type":"product","link":"https:\/\/stylingagenten.com\/da\/produkt\/max-factor-miracle-pure-skin-improving-foundation-35-pearl-beige-30ml\/","title":{"rendered":"Max Factor Miracle Pure Skin-Improving Foundation 35 Pearl Beige 30ml"},"content":{"rendered":"<p>Max Factor introducerer sit seneste mirakel &#8211; Miracle Pure Skin-Improving Foundation. En foundation inspireret af hudpleje og ansigtspleje, skabt af Max Factor. Make-up beriget med hyaluronsyre, hvor hudpleje og kosmetik bliver \u00e9n i \u00e9n foundation. Klinisk bevist, at den plejer huden, mens du har den p\u00e5, og p\u00e5 kun et minut og med en enkelt dr\u00e5be giver den ikke kun huden smuk fyldighed, men ogs\u00e5 fem andre fordele: bedre udstr\u00e5ling, fasthed, elasticitet, t\u00e6thed og smidighed.<\/p>\n<p>Den indeholder hele 89 % hudplejende ingredienser, inklusive et kollagenforst\u00e6rkende kompleks, C-vitamin og hyaluronsyre, og fugter i op til 24 timer. Perfekt til dig med lidt t\u00f8rrere hud. Alt for en str\u00e5lende basismakeup, samtidig med at din hud f\u00f8les god.<\/p>\n<p>&#8211; Medium opbyggelig d\u00e6kning<br \/>&#8211; SPF 30PA+++ UVA\/UVB<br \/>&#8211; Dermatologisk testet<br \/>&#8211; Velegnet til alle, is\u00e6r dig, der er leder efter en foundation og hudpleje i \u00e9t<\/p>\n","protected":false},"excerpt":{"rendered":"<p>Max Factor introducerer sit seneste mirakel &#8211; Miracle Pure Skin-Improving Foundation. En foundation inspireret af hudpleje og ansigtspleje, skabt af Max Factor. Make-up beriget med hyaluronsyre, hvor hudpleje og kosmetik bliver \u00e9n i \u00e9n foundation. Klinisk bevist, at den plejer huden, mens du har den p\u00e5, og p\u00e5 kun et minut og med en enkelt [&hellip;]<\/p>\n","protected":false},"featured_media":121117,"comment_status":"open","ping_status":"closed","template":"","meta":{"_trash_the_other_posts":false},"product_brand":[],"product_cat":[579,1005],"product_tag":[3485],"berocket_brand":[1013],"class_list":{"0":"post-121126","1":"product","2":"type-product","3":"status-publish","4":"has-post-thumbnail","6":"product_cat-fundament","7":"product_cat-outlet","8":"product_tag-max-factor-miracle-pure-skin-improving-foundation-30ml","9":"pa_brand-max-factor","10":"pa_variant-35-pearl-beige","11":"berocket_brand-max-factor","13":"first","14":"instock","15":"sale","16":"taxable","17":"shipping-taxable","18":"purchasable","19":"product-type-simple"},"_links":{"self":[{"href":"https:\/\/stylingagenten.com\/da\/wp-json\/wp\/v2\/product\/121126","targetHints":{"allow":["GET"]}}],"collection":[{"href":"https:\/\/stylingagenten.com\/da\/wp-json\/wp\/v2\/product"}],"about":[{"href":"https:\/\/stylingagenten.com\/da\/wp-json\/wp\/v2\/types\/product"}],"replies":[{"embeddable":true,"href":"https:\/\/stylingagenten.com\/da\/wp-json\/wp\/v2\/comments?post=121126"}],"version-history":[{"count":0,"href":"https:\/\/stylingagenten.com\/da\/wp-json\/wp\/v2\/product\/121126\/revisions"}],"wp:featuredmedia":[{"embeddable":true,"href":"https:\/\/stylingagenten.com\/da\/wp-json\/wp\/v2\/media\/121117"}],"wp:attachment":[{"href":"https:\/\/stylingagenten.com\/da\/wp-json\/wp\/v2\/media?parent=121126"}],"wp:term":[{"taxonomy":"product_brand","embeddable":true,"href":"https:\/\/stylingagenten.com\/da\/wp-json\/wp\/v2\/product_brand?post=121126"},{"taxonomy":"product_cat","embeddable":true,"href":"https:\/\/stylingagenten.com\/da\/wp-json\/wp\/v2\/product_cat?post=121126"},{"taxonomy":"product_tag","embeddable":true,"href":"https:\/\/stylingagenten.com\/da\/wp-json\/wp\/v2\/product_tag?post=121126"},{"taxonomy":"berocket_brand","embeddable":true,"href":"https:\/\/stylingagenten.com\/da\/wp-json\/wp\/v2\/berocket_brand?post=121126"}],"curies":[{"name":"wp","href":"https:\/\/api.w.org\/{rel}","templated":true}]}}