{"id":121125,"date":"2025-05-18T21:35:16","date_gmt":"2025-05-18T21:35:16","guid":{"rendered":"https:\/\/staging2.stylingagenten.com\/da\/produkt\/shiseido-synchro-skin-radiant-lifting-foundation-130-30ml\/"},"modified":"2026-04-14T21:08:46","modified_gmt":"2026-04-14T21:08:46","slug":"shiseido-synchro-skin-radiant-lifting-foundation-130-30ml","status":"publish","type":"product","link":"https:\/\/stylingagenten.com\/da\/produkt\/shiseido-synchro-skin-radiant-lifting-foundation-130-30ml\/","title":{"rendered":"Shiseido Synchro Skin Radiant Lifting Foundation 130 30ml"},"content":{"rendered":"<p>Shiseido Synchro Skin Radiant Lifting Foundation er en medium til fuld, opbyggelig d\u00e6kkende foundationformel med innovativ lysjusterende teknologi, der tackler de 3 store forhindringer for hudens udstr\u00e5ling: fine linjer og rynker, uj\u00e6vn hudtone og fugttab.<br \/> En kombination af gennemskinnelige perler, str\u00e5lende mikrokrystaller og avancerede optiske filtre balancerer og tilpasser sig alle omgivende lysforhold, mens en eksklusiv blanding af fugtighedsbevarende midler binder fugt til huden for 24-timers hydrering. Denne v\u00e6gtl\u00f8se foundation er tilsat mandarin peeling-ekstrakt for at st\u00f8tte hudens udstr\u00e5ling og giver \u00f8jeblikkelige resultater og varig udstr\u00e5ling. Beskytter med SPF30.<\/p>\n","protected":false},"excerpt":{"rendered":"<p>Shiseido Synchro Skin Radiant Lifting Foundation er en medium til fuld, opbyggelig d\u00e6kkende foundationformel med innovativ lysjusterende teknologi, der tackler de 3 store forhindringer for hudens udstr\u00e5ling: fine linjer og rynker, uj\u00e6vn hudtone og fugttab. En kombination af gennemskinnelige perler, str\u00e5lende mikrokrystaller og avancerede optiske filtre balancerer og tilpasser sig alle omgivende lysforhold, mens en [&hellip;]<\/p>\n","protected":false},"featured_media":121116,"comment_status":"open","ping_status":"closed","template":"","meta":{"_trash_the_other_posts":false},"product_brand":[],"product_cat":[579],"product_tag":[3993],"berocket_brand":[1193],"class_list":{"0":"post-121125","1":"product","2":"type-product","3":"status-publish","4":"has-post-thumbnail","6":"product_cat-fundament","7":"product_tag-shiseido-synchro-skin-radiant-lifting-foundation-30ml","8":"pa_brand-shiseido","9":"pa_variant-4767","10":"berocket_brand-shiseido","12":"first","13":"instock","14":"sale","15":"taxable","16":"shipping-taxable","17":"purchasable","18":"product-type-simple"},"_links":{"self":[{"href":"https:\/\/stylingagenten.com\/da\/wp-json\/wp\/v2\/product\/121125","targetHints":{"allow":["GET"]}}],"collection":[{"href":"https:\/\/stylingagenten.com\/da\/wp-json\/wp\/v2\/product"}],"about":[{"href":"https:\/\/stylingagenten.com\/da\/wp-json\/wp\/v2\/types\/product"}],"replies":[{"embeddable":true,"href":"https:\/\/stylingagenten.com\/da\/wp-json\/wp\/v2\/comments?post=121125"}],"version-history":[{"count":0,"href":"https:\/\/stylingagenten.com\/da\/wp-json\/wp\/v2\/product\/121125\/revisions"}],"wp:featuredmedia":[{"embeddable":true,"href":"https:\/\/stylingagenten.com\/da\/wp-json\/wp\/v2\/media\/121116"}],"wp:attachment":[{"href":"https:\/\/stylingagenten.com\/da\/wp-json\/wp\/v2\/media?parent=121125"}],"wp:term":[{"taxonomy":"product_brand","embeddable":true,"href":"https:\/\/stylingagenten.com\/da\/wp-json\/wp\/v2\/product_brand?post=121125"},{"taxonomy":"product_cat","embeddable":true,"href":"https:\/\/stylingagenten.com\/da\/wp-json\/wp\/v2\/product_cat?post=121125"},{"taxonomy":"product_tag","embeddable":true,"href":"https:\/\/stylingagenten.com\/da\/wp-json\/wp\/v2\/product_tag?post=121125"},{"taxonomy":"berocket_brand","embeddable":true,"href":"https:\/\/stylingagenten.com\/da\/wp-json\/wp\/v2\/berocket_brand?post=121125"}],"curies":[{"name":"wp","href":"https:\/\/api.w.org\/{rel}","templated":true}]}}