{"id":121124,"date":"2025-05-18T21:35:16","date_gmt":"2025-05-18T21:35:16","guid":{"rendered":"https:\/\/staging2.stylingagenten.com\/da\/produkt\/max-factor-facefinity-lasting-performance-107-golden-beige-35ml\/"},"modified":"2026-04-08T17:47:56","modified_gmt":"2026-04-08T17:47:56","slug":"max-factor-facefinity-lasting-performance-107-golden-beige-35ml","status":"publish","type":"product","link":"https:\/\/stylingagenten.com\/da\/produkt\/max-factor-facefinity-lasting-performance-107-golden-beige-35ml\/","title":{"rendered":"Max Factor Facefinity Lasting Performance 107 Golden Beige 35ml"},"content":{"rendered":"<p>Foundation Max Factor Facefinity Lasting Performance forbliver p\u00e5 hele dagen, fast og ber\u00f8ringsbestandig. Med et perfekt resultat, der holder mindst 8 timer, vil din hud se og f\u00f8les friskere ud i l\u00e6ngere tid. Modstandsdygtig over for ber\u00f8ring og i mods\u00e6tning til andre oliebaserede foundations, tilstopper den ikke dine porer eller irriterer f\u00f8lsom hud.<\/p>\n<p>Tip! Hvis du foretr\u00e6kker flydende foundation, skal du v\u00e6nne dig til altid at ryste flasken f\u00f8r p\u00e5f\u00f8ring. Farvepigmenter kan ellers samle sig &#8220;i et hj\u00f8rne&#8221; i emballagen og give en uj\u00e6vn fordeling.<\/p>\n<p>Oliefri, held\u00e6kkende foundation, der holder hele dagen. Giver en halvmat overflade. Fedtabsorberende. Oparfumeret. Velegnet til alle hudtyper undtagen ekstremt t\u00f8r. 35 ml.<\/p>\n","protected":false},"excerpt":{"rendered":"<p>Foundation Max Factor Facefinity Lasting Performance forbliver p\u00e5 hele dagen, fast og ber\u00f8ringsbestandig. Med et perfekt resultat, der holder mindst 8 timer, vil din hud se og f\u00f8les friskere ud i l\u00e6ngere tid. Modstandsdygtig over for ber\u00f8ring og i mods\u00e6tning til andre oliebaserede foundations, tilstopper den ikke dine porer eller irriterer f\u00f8lsom hud. Tip! Hvis [&hellip;]<\/p>\n","protected":false},"featured_media":121118,"comment_status":"open","ping_status":"closed","template":"","meta":{"_trash_the_other_posts":false},"product_brand":[],"product_cat":[579],"product_tag":[3478],"berocket_brand":[1013],"class_list":{"0":"post-121124","1":"product","2":"type-product","3":"status-publish","4":"has-post-thumbnail","6":"product_cat-fundament","7":"product_tag-max-factor-facefinity-lasting-performance-35ml","8":"pa_brand-max-factor","9":"pa_variant-107-golden-beige","10":"berocket_brand-max-factor","12":"first","13":"instock","14":"sale","15":"taxable","16":"shipping-taxable","17":"purchasable","18":"product-type-simple"},"_links":{"self":[{"href":"https:\/\/stylingagenten.com\/da\/wp-json\/wp\/v2\/product\/121124","targetHints":{"allow":["GET"]}}],"collection":[{"href":"https:\/\/stylingagenten.com\/da\/wp-json\/wp\/v2\/product"}],"about":[{"href":"https:\/\/stylingagenten.com\/da\/wp-json\/wp\/v2\/types\/product"}],"replies":[{"embeddable":true,"href":"https:\/\/stylingagenten.com\/da\/wp-json\/wp\/v2\/comments?post=121124"}],"version-history":[{"count":0,"href":"https:\/\/stylingagenten.com\/da\/wp-json\/wp\/v2\/product\/121124\/revisions"}],"wp:featuredmedia":[{"embeddable":true,"href":"https:\/\/stylingagenten.com\/da\/wp-json\/wp\/v2\/media\/121118"}],"wp:attachment":[{"href":"https:\/\/stylingagenten.com\/da\/wp-json\/wp\/v2\/media?parent=121124"}],"wp:term":[{"taxonomy":"product_brand","embeddable":true,"href":"https:\/\/stylingagenten.com\/da\/wp-json\/wp\/v2\/product_brand?post=121124"},{"taxonomy":"product_cat","embeddable":true,"href":"https:\/\/stylingagenten.com\/da\/wp-json\/wp\/v2\/product_cat?post=121124"},{"taxonomy":"product_tag","embeddable":true,"href":"https:\/\/stylingagenten.com\/da\/wp-json\/wp\/v2\/product_tag?post=121124"},{"taxonomy":"berocket_brand","embeddable":true,"href":"https:\/\/stylingagenten.com\/da\/wp-json\/wp\/v2\/berocket_brand?post=121124"}],"curies":[{"name":"wp","href":"https:\/\/api.w.org\/{rel}","templated":true}]}}