{"id":121043,"date":"2025-05-18T21:34:56","date_gmt":"2025-05-18T21:34:56","guid":{"rendered":"https:\/\/staging2.stylingagenten.com\/da\/produkt\/artdeco-mineral-powder-foundation-4-light-beige-15g\/"},"modified":"2026-04-13T08:29:22","modified_gmt":"2026-04-13T08:29:22","slug":"artdeco-mineral-powder-foundation-4-light-beige-15g","status":"publish","type":"product","link":"https:\/\/stylingagenten.com\/da\/produkt\/artdeco-mineral-powder-foundation-4-light-beige-15g\/","title":{"rendered":"Artdeco Mineral Powder Foundation 4 Light Beige 15g"},"content":{"rendered":"<p>Artdeco Mineral Powder Foundation 4 Light Beige 15g<br \/>Mineral Powder Foundation skaber en fl\u00f8jlsagtig og naturlig finish med en utrolig d\u00e6kning, der udj\u00e6vner huden. Indeholder mineraler af h\u00f8j kvalitet som zink og magnesium og er velegnet til alle hudtyper &#8211; fra f\u00f8lsom til fedtet. Beskytter ogs\u00e5 mod UVA- og UVB-str\u00e5ler takket v\u00e6re titaniumdioxid og zinkoxid.<br \/>\u2022 Mineralfoundation med fl\u00f8jlsagtig glathed og naturlig finish<br \/>\u2022 H\u00f8j grad af d\u00e6kning<br \/>\u2022 Velegnet til alle hudtyper<br \/>\u2022 Beskytter mod UVA- og UVB-str\u00e5ler<\/p>\n","protected":false},"excerpt":{"rendered":"<p>Artdeco Mineral Powder Foundation 4 Light Beige 15gMineral Powder Foundation skaber en fl\u00f8jlsagtig og naturlig finish med en utrolig d\u00e6kning, der udj\u00e6vner huden. Indeholder mineraler af h\u00f8j kvalitet som zink og magnesium og er velegnet til alle hudtyper &#8211; fra f\u00f8lsom til fedtet. Beskytter ogs\u00e5 mod UVA- og UVB-str\u00e5ler takket v\u00e6re titaniumdioxid og zinkoxid.\u2022 Mineralfoundation [&hellip;]<\/p>\n","protected":false},"featured_media":121042,"comment_status":"open","ping_status":"closed","template":"","meta":{"_trash_the_other_posts":false},"product_brand":[],"product_cat":[718],"product_tag":[2441],"berocket_brand":[1385],"class_list":{"0":"post-121043","1":"product","2":"type-product","3":"status-publish","4":"has-post-thumbnail","6":"product_cat-pudder-foundation","7":"product_tag-artdeco-mineral-powder-foundation-15g","8":"pa_brand-artdeco","9":"pa_variant-4-light-beige","10":"berocket_brand-artdeco","12":"first","13":"instock","14":"sale","15":"taxable","16":"shipping-taxable","17":"purchasable","18":"product-type-simple"},"_links":{"self":[{"href":"https:\/\/stylingagenten.com\/da\/wp-json\/wp\/v2\/product\/121043","targetHints":{"allow":["GET"]}}],"collection":[{"href":"https:\/\/stylingagenten.com\/da\/wp-json\/wp\/v2\/product"}],"about":[{"href":"https:\/\/stylingagenten.com\/da\/wp-json\/wp\/v2\/types\/product"}],"replies":[{"embeddable":true,"href":"https:\/\/stylingagenten.com\/da\/wp-json\/wp\/v2\/comments?post=121043"}],"version-history":[{"count":0,"href":"https:\/\/stylingagenten.com\/da\/wp-json\/wp\/v2\/product\/121043\/revisions"}],"wp:featuredmedia":[{"embeddable":true,"href":"https:\/\/stylingagenten.com\/da\/wp-json\/wp\/v2\/media\/121042"}],"wp:attachment":[{"href":"https:\/\/stylingagenten.com\/da\/wp-json\/wp\/v2\/media?parent=121043"}],"wp:term":[{"taxonomy":"product_brand","embeddable":true,"href":"https:\/\/stylingagenten.com\/da\/wp-json\/wp\/v2\/product_brand?post=121043"},{"taxonomy":"product_cat","embeddable":true,"href":"https:\/\/stylingagenten.com\/da\/wp-json\/wp\/v2\/product_cat?post=121043"},{"taxonomy":"product_tag","embeddable":true,"href":"https:\/\/stylingagenten.com\/da\/wp-json\/wp\/v2\/product_tag?post=121043"},{"taxonomy":"berocket_brand","embeddable":true,"href":"https:\/\/stylingagenten.com\/da\/wp-json\/wp\/v2\/berocket_brand?post=121043"}],"curies":[{"name":"wp","href":"https:\/\/api.w.org\/{rel}","templated":true}]}}