{"id":121033,"date":"2025-05-18T21:34:54","date_gmt":"2025-05-18T21:34:54","guid":{"rendered":"https:\/\/staging2.stylingagenten.com\/da\/produkt\/nyx-prof-makeup-bare-with-me-blur-tint-foundation-30ml-07-golden\/"},"modified":"2025-12-18T21:53:29","modified_gmt":"2025-12-18T21:53:29","slug":"nyx-prof-makeup-bare-with-me-blur-tint-foundation-30ml-07-golden","status":"publish","type":"product","link":"https:\/\/stylingagenten.com\/da\/produkt\/nyx-prof-makeup-bare-with-me-blur-tint-foundation-30ml-07-golden\/","title":{"rendered":"NYX PROF. MAKEUP Bare With Me Blur Tint Foundation 30ml 07 Golden"},"content":{"rendered":"<p>NYX PROF. MAKEUP Bare With Me Blur Tint Foundation 30ml &#8211; 07 Golden<br \/>Bare With Me Blur Tint Foundation fra NYX Professional Makeup. For et perfekt og \u00f8jeblikkeligt j\u00e6vnt og mat makeup-look med nuance. Let sl\u00f8rende effekt!<\/p>\n<p>&#8211; Beriget med plejende ingredienser for en frisk finish<br \/>&#8211; Giver fugt i op til 12 timer<br \/>&#8211; Med glycerin og matcha<br \/>&#8211; Giver et j\u00e6vnt og str\u00e5lende hudresultat<br \/>&#8211; Fejlfri, mat og let sl\u00f8rende effekt (uden filter!)<br \/>&#8211; F\u00f8les let p\u00e5 huden<br \/>&#8211; Udviklet til at passe til de fleste hudtoner<br \/>&#8211; Vegansk formel*<\/p>\n","protected":false},"excerpt":{"rendered":"<p>NYX PROF. MAKEUP Bare With Me Blur Tint Foundation 30ml &#8211; 07 GoldenBare With Me Blur Tint Foundation fra NYX Professional Makeup. For et perfekt og \u00f8jeblikkeligt j\u00e6vnt og mat makeup-look med nuance. Let sl\u00f8rende effekt! &#8211; Beriget med plejende ingredienser for en frisk finish&#8211; Giver fugt i op til 12 timer&#8211; Med glycerin og [&hellip;]<\/p>\n","protected":false},"featured_media":121020,"comment_status":"open","ping_status":"closed","template":"","meta":{"_trash_the_other_posts":false},"product_brand":[],"product_cat":[579,1005],"product_tag":[3649],"berocket_brand":[1025],"class_list":{"0":"post-121033","1":"product","2":"type-product","3":"status-publish","4":"has-post-thumbnail","6":"product_cat-fundament","7":"product_cat-outlet","8":"product_tag-nyx-prof-makeup-bare-with-me-blur-tint-foundation-30ml","9":"pa_brand-nyx","10":"pa_variant-07-golden","11":"berocket_brand-nyx","13":"first","14":"instock","15":"sale","16":"taxable","17":"shipping-taxable","18":"purchasable","19":"product-type-simple"},"_links":{"self":[{"href":"https:\/\/stylingagenten.com\/da\/wp-json\/wp\/v2\/product\/121033","targetHints":{"allow":["GET"]}}],"collection":[{"href":"https:\/\/stylingagenten.com\/da\/wp-json\/wp\/v2\/product"}],"about":[{"href":"https:\/\/stylingagenten.com\/da\/wp-json\/wp\/v2\/types\/product"}],"replies":[{"embeddable":true,"href":"https:\/\/stylingagenten.com\/da\/wp-json\/wp\/v2\/comments?post=121033"}],"version-history":[{"count":0,"href":"https:\/\/stylingagenten.com\/da\/wp-json\/wp\/v2\/product\/121033\/revisions"}],"wp:featuredmedia":[{"embeddable":true,"href":"https:\/\/stylingagenten.com\/da\/wp-json\/wp\/v2\/media\/121020"}],"wp:attachment":[{"href":"https:\/\/stylingagenten.com\/da\/wp-json\/wp\/v2\/media?parent=121033"}],"wp:term":[{"taxonomy":"product_brand","embeddable":true,"href":"https:\/\/stylingagenten.com\/da\/wp-json\/wp\/v2\/product_brand?post=121033"},{"taxonomy":"product_cat","embeddable":true,"href":"https:\/\/stylingagenten.com\/da\/wp-json\/wp\/v2\/product_cat?post=121033"},{"taxonomy":"product_tag","embeddable":true,"href":"https:\/\/stylingagenten.com\/da\/wp-json\/wp\/v2\/product_tag?post=121033"},{"taxonomy":"berocket_brand","embeddable":true,"href":"https:\/\/stylingagenten.com\/da\/wp-json\/wp\/v2\/berocket_brand?post=121033"}],"curies":[{"name":"wp","href":"https:\/\/api.w.org\/{rel}","templated":true}]}}