{"id":121010,"date":"2025-05-18T21:34:49","date_gmt":"2025-05-18T21:34:49","guid":{"rendered":"https:\/\/staging2.stylingagenten.com\/da\/produkt\/artdeco-rich-treatment-foundation-12-vanilla-rose-20ml\/"},"modified":"2026-03-29T13:37:31","modified_gmt":"2026-03-29T13:37:31","slug":"artdeco-rich-treatment-foundation-12-vanilla-rose-20ml","status":"publish","type":"product","link":"https:\/\/stylingagenten.com\/da\/produkt\/artdeco-rich-treatment-foundation-12-vanilla-rose-20ml\/","title":{"rendered":"Artdeco Rich Treatment Foundation 12 Vanilla Rose 20ml"},"content":{"rendered":"<p>Artdeco Rich Treatment Foundation 12 Vanilla Rose 20ml<br \/>Leder du efter en fejlfri hud, der udstr\u00e5ler gl\u00f8d? Tjek Rich Treatment Foundation ud! Den luksuri\u00f8se formel indeholder lysreflekterende pigmenter, der skjuler fine linjer, rynker og sm\u00e5 pletter. H\u00f8j d\u00e6kkeevne, langtidsholdbar og en fl\u00f8jlsbl\u00f8d finish. Squalane g\u00f8r huden synligt glattere, og UV-filtre beskytter mod eksterne milj\u00f8p\u00e5virkninger.<\/p>\n<p>&#8211; Lysreflekterende pigmenter<br \/>&#8211; Fremragende d\u00e6kning<br \/>&#8211; Fl\u00f8jlsagtig finish<br \/>&#8211; Squalane for synligt glattere hud<br \/> &#8211; UV-filter<br \/>&#8211; Vegansk<\/p>\n","protected":false},"excerpt":{"rendered":"<p>Artdeco Rich Treatment Foundation 12 Vanilla Rose 20mlLeder du efter en fejlfri hud, der udstr\u00e5ler gl\u00f8d? Tjek Rich Treatment Foundation ud! Den luksuri\u00f8se formel indeholder lysreflekterende pigmenter, der skjuler fine linjer, rynker og sm\u00e5 pletter. H\u00f8j d\u00e6kkeevne, langtidsholdbar og en fl\u00f8jlsbl\u00f8d finish. Squalane g\u00f8r huden synligt glattere, og UV-filtre beskytter mod eksterne milj\u00f8p\u00e5virkninger. &#8211; Lysreflekterende [&hellip;]<\/p>\n","protected":false},"featured_media":121008,"comment_status":"open","ping_status":"closed","template":"","meta":{"_trash_the_other_posts":false},"product_brand":[],"product_cat":[579],"product_tag":[2444],"berocket_brand":[1385],"class_list":{"0":"post-121010","1":"product","2":"type-product","3":"status-publish","4":"has-post-thumbnail","6":"product_cat-fundament","7":"product_tag-artdeco-rich-treatment-foundation-20ml","8":"pa_brand-artdeco","9":"pa_variant-12-vanilla-rose","10":"berocket_brand-artdeco","12":"first","13":"instock","14":"sale","15":"taxable","16":"shipping-taxable","17":"purchasable","18":"product-type-simple"},"_links":{"self":[{"href":"https:\/\/stylingagenten.com\/da\/wp-json\/wp\/v2\/product\/121010","targetHints":{"allow":["GET"]}}],"collection":[{"href":"https:\/\/stylingagenten.com\/da\/wp-json\/wp\/v2\/product"}],"about":[{"href":"https:\/\/stylingagenten.com\/da\/wp-json\/wp\/v2\/types\/product"}],"replies":[{"embeddable":true,"href":"https:\/\/stylingagenten.com\/da\/wp-json\/wp\/v2\/comments?post=121010"}],"version-history":[{"count":0,"href":"https:\/\/stylingagenten.com\/da\/wp-json\/wp\/v2\/product\/121010\/revisions"}],"wp:featuredmedia":[{"embeddable":true,"href":"https:\/\/stylingagenten.com\/da\/wp-json\/wp\/v2\/media\/121008"}],"wp:attachment":[{"href":"https:\/\/stylingagenten.com\/da\/wp-json\/wp\/v2\/media?parent=121010"}],"wp:term":[{"taxonomy":"product_brand","embeddable":true,"href":"https:\/\/stylingagenten.com\/da\/wp-json\/wp\/v2\/product_brand?post=121010"},{"taxonomy":"product_cat","embeddable":true,"href":"https:\/\/stylingagenten.com\/da\/wp-json\/wp\/v2\/product_cat?post=121010"},{"taxonomy":"product_tag","embeddable":true,"href":"https:\/\/stylingagenten.com\/da\/wp-json\/wp\/v2\/product_tag?post=121010"},{"taxonomy":"berocket_brand","embeddable":true,"href":"https:\/\/stylingagenten.com\/da\/wp-json\/wp\/v2\/berocket_brand?post=121010"}],"curies":[{"name":"wp","href":"https:\/\/api.w.org\/{rel}","templated":true}]}}