{"id":121004,"date":"2025-05-18T21:34:48","date_gmt":"2025-05-18T21:34:48","guid":{"rendered":"https:\/\/staging2.stylingagenten.com\/da\/produkt\/max-factor-lasting-performance-95-ivory\/"},"modified":"2025-12-28T09:48:04","modified_gmt":"2025-12-28T09:48:04","slug":"max-factor-lasting-performance-95-ivory","status":"publish","type":"product","link":"https:\/\/stylingagenten.com\/da\/produkt\/max-factor-lasting-performance-95-ivory\/","title":{"rendered":"Max Factor Lasting Performance 95 Ivory"},"content":{"rendered":"<p>Max Factor Lasting Performance 95<br \/>En fantastisk d\u00e6kkende creme fra Max Factor, der t\u00e5ler ber\u00f8ring og med garanti d\u00e6kker i 8 timer. Den indeholder en smudsfri formel, der betyder, at den kan modst\u00e5 h\u00e5rde forhold og ikke sm\u00f8rer p\u00e5 t\u00f8jet.<br \/>Concealeren er lugtfri, velegnet til f\u00f8lsom hud og tilstopper ikke porer eller for\u00e5rsager uren hud.<\/p>\n","protected":false},"excerpt":{"rendered":"<p>Max Factor Lasting Performance 95En fantastisk d\u00e6kkende creme fra Max Factor, der t\u00e5ler ber\u00f8ring og med garanti d\u00e6kker i 8 timer. Den indeholder en smudsfri formel, der betyder, at den kan modst\u00e5 h\u00e5rde forhold og ikke sm\u00f8rer p\u00e5 t\u00f8jet.Concealeren er lugtfri, velegnet til f\u00f8lsom hud og tilstopper ikke porer eller for\u00e5rsager uren hud.<\/p>\n","protected":false},"featured_media":121002,"comment_status":"open","ping_status":"closed","template":"","meta":{"_trash_the_other_posts":false},"product_brand":[],"product_cat":[579],"product_tag":[3482],"berocket_brand":[1013],"class_list":{"0":"post-121004","1":"product","2":"type-product","3":"status-publish","4":"has-post-thumbnail","6":"product_cat-fundament","7":"product_tag-max-factor-lasting-performance","8":"pa_brand-max-factor","9":"pa_variant-95-ivory","10":"berocket_brand-max-factor","12":"first","13":"instock","14":"sale","15":"taxable","16":"shipping-taxable","17":"purchasable","18":"product-type-simple"},"_links":{"self":[{"href":"https:\/\/stylingagenten.com\/da\/wp-json\/wp\/v2\/product\/121004","targetHints":{"allow":["GET"]}}],"collection":[{"href":"https:\/\/stylingagenten.com\/da\/wp-json\/wp\/v2\/product"}],"about":[{"href":"https:\/\/stylingagenten.com\/da\/wp-json\/wp\/v2\/types\/product"}],"replies":[{"embeddable":true,"href":"https:\/\/stylingagenten.com\/da\/wp-json\/wp\/v2\/comments?post=121004"}],"version-history":[{"count":0,"href":"https:\/\/stylingagenten.com\/da\/wp-json\/wp\/v2\/product\/121004\/revisions"}],"wp:featuredmedia":[{"embeddable":true,"href":"https:\/\/stylingagenten.com\/da\/wp-json\/wp\/v2\/media\/121002"}],"wp:attachment":[{"href":"https:\/\/stylingagenten.com\/da\/wp-json\/wp\/v2\/media?parent=121004"}],"wp:term":[{"taxonomy":"product_brand","embeddable":true,"href":"https:\/\/stylingagenten.com\/da\/wp-json\/wp\/v2\/product_brand?post=121004"},{"taxonomy":"product_cat","embeddable":true,"href":"https:\/\/stylingagenten.com\/da\/wp-json\/wp\/v2\/product_cat?post=121004"},{"taxonomy":"product_tag","embeddable":true,"href":"https:\/\/stylingagenten.com\/da\/wp-json\/wp\/v2\/product_tag?post=121004"},{"taxonomy":"berocket_brand","embeddable":true,"href":"https:\/\/stylingagenten.com\/da\/wp-json\/wp\/v2\/berocket_brand?post=121004"}],"curies":[{"name":"wp","href":"https:\/\/api.w.org\/{rel}","templated":true}]}}