{"id":120973,"date":"2025-05-18T21:34:42","date_gmt":"2025-05-18T21:34:42","guid":{"rendered":"https:\/\/staging2.stylingagenten.com\/da\/produkt\/max-factor-facefinity-3-in-1-foundation-78-warm-honey\/"},"modified":"2025-12-17T11:42:55","modified_gmt":"2025-12-17T11:42:55","slug":"max-factor-facefinity-3-in-1-foundation-78-warm-honey","status":"publish","type":"product","link":"https:\/\/stylingagenten.com\/da\/produkt\/max-factor-facefinity-3-in-1-foundation-78-warm-honey\/","title":{"rendered":"Max Factor Facefinity 3 In 1 Foundation 78 Warm Honey"},"content":{"rendered":"<p>Max Factor Facefinity 3 In 1 Foundation 78 Varm honning<br \/>Max Factor Facefinity All Day Flawless Foundation giver dig et perfekt og super holdbart look og modst\u00e5r vand og varme samt fugt og sved. En 3-i-1 flydende foundation, der fungerer som en ansigtsprimer og concealer og holder i op til 30 timer.<br \/>&#8211;<br \/>Facefinity All Day Flawless Foundation, giver fantastisk d\u00e6kning, der skjuler r\u00f8dme og pletter, mens du tr\u00e6kker vejret. Modstandsdygtig overfor b\u00e5de vand, varme og fugt og indeholder SPF 20 som beskytter huden mod solens skadelige UVA\/UVB str\u00e5ler, samtidig med at den beskytter huden mod milj\u00f8faktorer som bl\u00e5t lys og forurening.<br \/>&#8211;<br \/>Denne glatte Max Factor foundation holder makeuppen p\u00e5 plads, mens concealeren effektivt d\u00e6kker urenheder og m\u00f8rke rande. Flexi-hold teknologien g\u00f8r det muligt for denne foundation at bev\u00e6ge sig med huden, hvilket giver dig en perfekt, langtidsholdbar finish, der ikke pletter.<br \/>&#8211;<br \/>Denne foundation indeholder tre typer olieabsorberende pudder, der giver en opbyggelig d\u00e6kning. Den glider let over huden for nem p\u00e5f\u00f8ring og har en super langvarig mat finish.<\/p>\n","protected":false},"excerpt":{"rendered":"<p>Max Factor Facefinity 3 In 1 Foundation 78 Varm honningMax Factor Facefinity All Day Flawless Foundation giver dig et perfekt og super holdbart look og modst\u00e5r vand og varme samt fugt og sved. En 3-i-1 flydende foundation, der fungerer som en ansigtsprimer og concealer og holder i op til 30 timer.&#8211;Facefinity All Day Flawless Foundation, [&hellip;]<\/p>\n","protected":false},"featured_media":120963,"comment_status":"open","ping_status":"closed","template":"","meta":{"_trash_the_other_posts":false},"product_brand":[],"product_cat":[579],"product_tag":[3475],"berocket_brand":[1013],"class_list":{"0":"post-120973","1":"product","2":"type-product","3":"status-publish","4":"has-post-thumbnail","6":"product_cat-fundament","7":"product_tag-max-factor-facefinity-3-in-1-foundation","8":"pa_brand-max-factor","9":"pa_variant-78-warm-honey","10":"berocket_brand-max-factor","12":"first","13":"instock","14":"sale","15":"taxable","16":"shipping-taxable","17":"purchasable","18":"product-type-simple"},"_links":{"self":[{"href":"https:\/\/stylingagenten.com\/da\/wp-json\/wp\/v2\/product\/120973","targetHints":{"allow":["GET"]}}],"collection":[{"href":"https:\/\/stylingagenten.com\/da\/wp-json\/wp\/v2\/product"}],"about":[{"href":"https:\/\/stylingagenten.com\/da\/wp-json\/wp\/v2\/types\/product"}],"replies":[{"embeddable":true,"href":"https:\/\/stylingagenten.com\/da\/wp-json\/wp\/v2\/comments?post=120973"}],"version-history":[{"count":0,"href":"https:\/\/stylingagenten.com\/da\/wp-json\/wp\/v2\/product\/120973\/revisions"}],"wp:featuredmedia":[{"embeddable":true,"href":"https:\/\/stylingagenten.com\/da\/wp-json\/wp\/v2\/media\/120963"}],"wp:attachment":[{"href":"https:\/\/stylingagenten.com\/da\/wp-json\/wp\/v2\/media?parent=120973"}],"wp:term":[{"taxonomy":"product_brand","embeddable":true,"href":"https:\/\/stylingagenten.com\/da\/wp-json\/wp\/v2\/product_brand?post=120973"},{"taxonomy":"product_cat","embeddable":true,"href":"https:\/\/stylingagenten.com\/da\/wp-json\/wp\/v2\/product_cat?post=120973"},{"taxonomy":"product_tag","embeddable":true,"href":"https:\/\/stylingagenten.com\/da\/wp-json\/wp\/v2\/product_tag?post=120973"},{"taxonomy":"berocket_brand","embeddable":true,"href":"https:\/\/stylingagenten.com\/da\/wp-json\/wp\/v2\/berocket_brand?post=120973"}],"curies":[{"name":"wp","href":"https:\/\/api.w.org\/{rel}","templated":true}]}}