{"id":120967,"date":"2025-05-18T21:34:41","date_gmt":"2025-05-18T21:34:41","guid":{"rendered":"https:\/\/staging2.stylingagenten.com\/da\/produkt\/artdeco-perfect-teint-foundation-52-golden-biscuit-20ml\/"},"modified":"2025-12-18T21:29:54","modified_gmt":"2025-12-18T21:29:54","slug":"artdeco-perfect-teint-foundation-52-golden-biscuit-20ml","status":"publish","type":"product","link":"https:\/\/stylingagenten.com\/da\/produkt\/artdeco-perfect-teint-foundation-52-golden-biscuit-20ml\/","title":{"rendered":"Artdeco Perfect Teint Foundation 52 Golden Biscuit 20ml"},"content":{"rendered":"<p>Leder du efter en foundation, der f\u00f8les som en ny hud? Pr\u00f8v Perfect Teint Foundation! Den lette formel er oliefri og indeholder fine pulverpartikler, der absorberer olie &#8211; resultatet er en frisk og mat finish, der d\u00e6kker mindre urenheder og uj\u00e6vnheder. Indeholder ogs\u00e5 ingredienser, der fugter, beroliger, beskytter og n\u00e6rer.<\/p>\n<p>&#8211; Let og oliefri foundation<br \/>&#8211; Frisk og mat finish<br \/>&#8211; D\u00e6kker mindre pletter og uj\u00e6vnheder<br \/>&#8211; Fugter, beroliger, beskytter og n\u00e6rer<br \/>&#8211; Vegansk<\/p>\n<p>Hyaluronsyre fugter, bisabolol virker beroligende, ferskenblomstekstrakt beskytter mod skadelige ydre p\u00e5virkninger og ingef\u00e6rrodsekstrakt virker antibakteriel og n\u00e6rende.<\/p>\n","protected":false},"excerpt":{"rendered":"<p>Leder du efter en foundation, der f\u00f8les som en ny hud? Pr\u00f8v Perfect Teint Foundation! Den lette formel er oliefri og indeholder fine pulverpartikler, der absorberer olie &#8211; resultatet er en frisk og mat finish, der d\u00e6kker mindre urenheder og uj\u00e6vnheder. Indeholder ogs\u00e5 ingredienser, der fugter, beroliger, beskytter og n\u00e6rer. &#8211; Let og oliefri foundation&#8211; [&hellip;]<\/p>\n","protected":false},"featured_media":120961,"comment_status":"open","ping_status":"closed","template":"","meta":{"_trash_the_other_posts":false},"product_brand":[],"product_cat":[579,1005],"product_tag":[2443],"berocket_brand":[1385],"class_list":{"0":"post-120967","1":"product","2":"type-product","3":"status-publish","4":"has-post-thumbnail","6":"product_cat-fundament","7":"product_cat-outlet","8":"product_tag-artdeco-perfect-teint-foundation-20ml","9":"pa_brand-artdeco","10":"pa_variant-52-golden-biscuit","11":"berocket_brand-artdeco","13":"first","14":"instock","15":"sale","16":"taxable","17":"shipping-taxable","18":"purchasable","19":"product-type-simple"},"_links":{"self":[{"href":"https:\/\/stylingagenten.com\/da\/wp-json\/wp\/v2\/product\/120967","targetHints":{"allow":["GET"]}}],"collection":[{"href":"https:\/\/stylingagenten.com\/da\/wp-json\/wp\/v2\/product"}],"about":[{"href":"https:\/\/stylingagenten.com\/da\/wp-json\/wp\/v2\/types\/product"}],"replies":[{"embeddable":true,"href":"https:\/\/stylingagenten.com\/da\/wp-json\/wp\/v2\/comments?post=120967"}],"version-history":[{"count":0,"href":"https:\/\/stylingagenten.com\/da\/wp-json\/wp\/v2\/product\/120967\/revisions"}],"wp:featuredmedia":[{"embeddable":true,"href":"https:\/\/stylingagenten.com\/da\/wp-json\/wp\/v2\/media\/120961"}],"wp:attachment":[{"href":"https:\/\/stylingagenten.com\/da\/wp-json\/wp\/v2\/media?parent=120967"}],"wp:term":[{"taxonomy":"product_brand","embeddable":true,"href":"https:\/\/stylingagenten.com\/da\/wp-json\/wp\/v2\/product_brand?post=120967"},{"taxonomy":"product_cat","embeddable":true,"href":"https:\/\/stylingagenten.com\/da\/wp-json\/wp\/v2\/product_cat?post=120967"},{"taxonomy":"product_tag","embeddable":true,"href":"https:\/\/stylingagenten.com\/da\/wp-json\/wp\/v2\/product_tag?post=120967"},{"taxonomy":"berocket_brand","embeddable":true,"href":"https:\/\/stylingagenten.com\/da\/wp-json\/wp\/v2\/berocket_brand?post=120967"}],"curies":[{"name":"wp","href":"https:\/\/api.w.org\/{rel}","templated":true}]}}