{"id":120905,"date":"2025-05-18T21:34:30","date_gmt":"2025-05-18T21:34:30","guid":{"rendered":"https:\/\/staging2.stylingagenten.com\/da\/produkt\/max-factor-miracle-second-skin-foundation-10-golden-tan\/"},"modified":"2025-12-19T14:45:29","modified_gmt":"2025-12-19T14:45:29","slug":"max-factor-miracle-second-skin-foundation-10-golden-tan","status":"publish","type":"product","link":"https:\/\/stylingagenten.com\/da\/produkt\/max-factor-miracle-second-skin-foundation-10-golden-tan\/","title":{"rendered":"Max Factor Miracle Second Skin Foundation 10 Golden Tan"},"content":{"rendered":"<p>Max Factor Miracle Second Skin er en hybrid-foundation, der plejer, udj\u00e6vner huden og giver let d\u00e6kning. Miracle Second Skin fugter med kokosm\u00e6lk og aloe vera og beskytter samtidig huden med pre- og probiotika samt SPF20.<\/p>\n<p>Miracle Second Skin holder huden fugtet hele dagen og giver samtidig en naturlig gl\u00f8d. Den er tynd og let at p\u00e5f\u00f8re, f\u00f8les fjerlet p\u00e5 huden og giver en let og naturlig d\u00e6kning. Huden fugtes med kokosm\u00e6lk, n\u00e6rende aloe vera og beskyttes og genopbygges af pre- og probiotika. Miracle Second Skin indeholder ogs\u00e5 SPF 20 og er beriget med vitamin B, C og beta-caroten for elasticitet, glans og gl\u00f8d til din hud. Dette er en boostende foundation, der passer til alle hudtyper, herunder sensitiv hud. Klinisk og dermatologisk testet.<\/p>\n<p>-Let d\u00e6kning og j\u00e6vnhed<br \/>\n<br \/>-Beriget med fugtgivende kokosm\u00e6lk og aloe vera<br \/>\n<br \/>-Booster med pre- og probiotika samt vitamin B og C<br \/>\n<br \/>-SPF 20<br \/>\n<br \/>-Klinisk testet<br \/>\n<br \/>-Dermatologisk testet<\/p>\n<p>33 ml<\/p>\n","protected":false},"excerpt":{"rendered":"<p>Max Factor Miracle Second Skin er en hybrid-foundation, der plejer, udj\u00e6vner huden og giver let d\u00e6kning. Miracle Second Skin fugter med kokosm\u00e6lk og aloe vera og beskytter samtidig huden med pre- og probiotika samt SPF20. Miracle Second Skin holder huden fugtet hele dagen og giver samtidig en naturlig gl\u00f8d. Den er tynd og let at [&hellip;]<\/p>\n","protected":false},"featured_media":120889,"comment_status":"open","ping_status":"closed","template":"","meta":{"_trash_the_other_posts":false},"product_brand":[],"product_cat":[579],"product_tag":[3487],"berocket_brand":[1013],"class_list":{"0":"post-120905","1":"product","2":"type-product","3":"status-publish","4":"has-post-thumbnail","6":"product_cat-fundament","7":"product_tag-max-factor-miracle-second-skin-foundation","8":"pa_brand-max-factor","9":"pa_variant-10-golden-tan","10":"berocket_brand-max-factor","12":"first","13":"instock","14":"sale","15":"taxable","16":"shipping-taxable","17":"purchasable","18":"product-type-simple"},"_links":{"self":[{"href":"https:\/\/stylingagenten.com\/da\/wp-json\/wp\/v2\/product\/120905","targetHints":{"allow":["GET"]}}],"collection":[{"href":"https:\/\/stylingagenten.com\/da\/wp-json\/wp\/v2\/product"}],"about":[{"href":"https:\/\/stylingagenten.com\/da\/wp-json\/wp\/v2\/types\/product"}],"replies":[{"embeddable":true,"href":"https:\/\/stylingagenten.com\/da\/wp-json\/wp\/v2\/comments?post=120905"}],"version-history":[{"count":0,"href":"https:\/\/stylingagenten.com\/da\/wp-json\/wp\/v2\/product\/120905\/revisions"}],"wp:featuredmedia":[{"embeddable":true,"href":"https:\/\/stylingagenten.com\/da\/wp-json\/wp\/v2\/media\/120889"}],"wp:attachment":[{"href":"https:\/\/stylingagenten.com\/da\/wp-json\/wp\/v2\/media?parent=120905"}],"wp:term":[{"taxonomy":"product_brand","embeddable":true,"href":"https:\/\/stylingagenten.com\/da\/wp-json\/wp\/v2\/product_brand?post=120905"},{"taxonomy":"product_cat","embeddable":true,"href":"https:\/\/stylingagenten.com\/da\/wp-json\/wp\/v2\/product_cat?post=120905"},{"taxonomy":"product_tag","embeddable":true,"href":"https:\/\/stylingagenten.com\/da\/wp-json\/wp\/v2\/product_tag?post=120905"},{"taxonomy":"berocket_brand","embeddable":true,"href":"https:\/\/stylingagenten.com\/da\/wp-json\/wp\/v2\/berocket_brand?post=120905"}],"curies":[{"name":"wp","href":"https:\/\/api.w.org\/{rel}","templated":true}]}}