{"id":120832,"date":"2025-05-18T21:34:17","date_gmt":"2025-05-18T21:34:17","guid":{"rendered":"https:\/\/staging2.stylingagenten.com\/da\/produkt\/wet-n-wild-bare-focus-niacinamide-skin-tint-32ml-deep\/"},"modified":"2025-12-18T21:58:55","modified_gmt":"2025-12-18T21:58:55","slug":"wet-n-wild-bare-focus-niacinamide-skin-tint-32ml-deep","status":"publish","type":"product","link":"https:\/\/stylingagenten.com\/da\/produkt\/wet-n-wild-bare-focus-niacinamide-skin-tint-32ml-deep\/","title":{"rendered":"Wet n Wild Bare Focus Niacinamide Skin Tint 32ml &#8211; Deep"},"content":{"rendered":"<p>Bare Focus Niacinamide Skin Tint er en skin tint med niacinamid, som giver huden en frisk og naturlig gl\u00f8d p\u00e5 bare et \u00f8jeblik. Den kan opbygges fra en transparent til en mere d\u00e6kkende finish. Perfekt under alle slags makeup. Niacinamid, hyaluronsyre, p\u00e6on-ekstrakt og E-vitamin sikrer, at huden f\u00e5r n\u00e6ring.<\/p>\n","protected":false},"excerpt":{"rendered":"<p>Bare Focus Niacinamide Skin Tint er en skin tint med niacinamid, som giver huden en frisk og naturlig gl\u00f8d p\u00e5 bare et \u00f8jeblik. Den kan opbygges fra en transparent til en mere d\u00e6kkende finish. Perfekt under alle slags makeup. Niacinamid, hyaluronsyre, p\u00e6on-ekstrakt og E-vitamin sikrer, at huden f\u00e5r n\u00e6ring.<\/p>\n","protected":false},"featured_media":120822,"comment_status":"open","ping_status":"closed","template":"","meta":{"_trash_the_other_posts":false},"product_brand":[],"product_cat":[579],"product_tag":[4079],"berocket_brand":[1035],"class_list":{"0":"post-120832","1":"product","2":"type-product","3":"status-publish","4":"has-post-thumbnail","6":"product_cat-fundament","7":"product_tag-wet-n-wild-bare-focus-niacinamide-skin-tint-32ml","8":"pa_brand-wet-n-wild","9":"pa_variant-deep","10":"berocket_brand-wet-n-wild","12":"first","13":"instock","14":"sale","15":"taxable","16":"shipping-taxable","17":"purchasable","18":"product-type-simple"},"_links":{"self":[{"href":"https:\/\/stylingagenten.com\/da\/wp-json\/wp\/v2\/product\/120832","targetHints":{"allow":["GET"]}}],"collection":[{"href":"https:\/\/stylingagenten.com\/da\/wp-json\/wp\/v2\/product"}],"about":[{"href":"https:\/\/stylingagenten.com\/da\/wp-json\/wp\/v2\/types\/product"}],"replies":[{"embeddable":true,"href":"https:\/\/stylingagenten.com\/da\/wp-json\/wp\/v2\/comments?post=120832"}],"version-history":[{"count":0,"href":"https:\/\/stylingagenten.com\/da\/wp-json\/wp\/v2\/product\/120832\/revisions"}],"wp:featuredmedia":[{"embeddable":true,"href":"https:\/\/stylingagenten.com\/da\/wp-json\/wp\/v2\/media\/120822"}],"wp:attachment":[{"href":"https:\/\/stylingagenten.com\/da\/wp-json\/wp\/v2\/media?parent=120832"}],"wp:term":[{"taxonomy":"product_brand","embeddable":true,"href":"https:\/\/stylingagenten.com\/da\/wp-json\/wp\/v2\/product_brand?post=120832"},{"taxonomy":"product_cat","embeddable":true,"href":"https:\/\/stylingagenten.com\/da\/wp-json\/wp\/v2\/product_cat?post=120832"},{"taxonomy":"product_tag","embeddable":true,"href":"https:\/\/stylingagenten.com\/da\/wp-json\/wp\/v2\/product_tag?post=120832"},{"taxonomy":"berocket_brand","embeddable":true,"href":"https:\/\/stylingagenten.com\/da\/wp-json\/wp\/v2\/berocket_brand?post=120832"}],"curies":[{"name":"wp","href":"https:\/\/api.w.org\/{rel}","templated":true}]}}